{"id":4087,"date":"2019-07-18T10:27:35","date_gmt":"2019-07-18T10:27:35","guid":{"rendered":"https:\/\/www.orcapraia.com\/meio-ambiente\/"},"modified":"2024-03-11T15:25:45","modified_gmt":"2024-03-11T15:25:45","slug":"umwelt","status":"publish","type":"page","link":"https:\/\/www.orcapraia.com\/de\/umwelt\/","title":{"rendered":"Umwelt"},"content":{"rendered":"<section class=\"wpb-content-wrapper\">[vc_row css=&#8220;.vc_custom_1557144410936{padding-bottom: 50px !important;}&#8220;][vc_column width=&#8220;2\/12&#8243;][\/vc_column][vc_column width=&#8220;8\/12&#8243;]<h3 class=\"calluna-heading calluna-heading-single-line text-align-center \" style=\"color: #2cbbe9;margin-top: 80px;\"><span>UNSER BEITRAG<\/span><\/h3>[vc_column_text]\n<p style=\"text-align: center;\">In der hentigen zeit, wo wir unsalle sorgen um unsere umwelt machen sollten gibt das Hotel Orca Praia auch seinen beitrag sw gemeinschaft mittels vershiedener energie-reinigung systemen.<br \/>\n<strong>Zu ihrer information haben sie im folgenden eine kurze auflistung der verwendeten utensilien:<\/strong><\/p>\n[\/vc_column_text][\/vc_column][vc_column width=&#8220;2\/12&#8243;][\/vc_column][\/vc_row][vc_row css=&#8220;.vc_custom_1557144410936{padding-bottom: 50px !important;}&#8220;][vc_column width=&#8220;1\/5&#8243;][vc_single_image image=&#8220;5035&#8243; img_size=&#8220;full&#8220; alignment=&#8220;center&#8220; css_animation=&#8220;none&#8220; css=&#8220;.vc_custom_1671212811350{margin-bottom: 30px !important;padding-left: 70px !important;}&#8220;][vc_column_text]\n<p style=\"text-align: center;\"><strong>SOLARHEIZUNGSSYSTEM<br \/>\n<\/strong>\u00a0Solarheizungssystem mit &#8222;sanit\u00e4ren&#8220; wasser<\/p>\n[\/vc_column_text][\/vc_column][vc_column width=&#8220;1\/5&#8243;][vc_single_image image=&#8220;3781&#8243; img_size=&#8220;full&#8220; alignment=&#8220;center&#8220; css_animation=&#8220;none&#8220; css=&#8220;.vc_custom_1564583491374{margin-bottom: 30px !important;padding-left: 70px !important;}&#8220;][vc_column_text]\n<p style=\"text-align: center;\"><strong>BIOMASSEKESSEL<br \/>\n<\/strong>Stnhle aus \u00f6kologisch angebauten holz; ohne rauchemission durch den tuv zertifiert; entfernen von papier, karten und holz, sowie anderen bio-materialien; erzeugen von warme durch heizen mit sanit\u00e4ren wassen.<\/p>\n[\/vc_column_text][\/vc_column][vc_column width=&#8220;1\/5&#8243;][vc_single_image image=&#8220;3786&#8243; img_size=&#8220;full&#8220; alignment=&#8220;center&#8220; css_animation=&#8220;none&#8220; css=&#8220;.vc_custom_1564583498916{margin-bottom: 30px !important;padding-left: 70px !important;}&#8220;][vc_column_text]\n<p style=\"text-align: center;\"><strong>SALZ ELEKTROLYSE<br \/>\n<\/strong>Die Behandlung von Wasser der Pool durch Elektrolyse von Salz, wodurch jede Art von Chemikalien im Wasser kann Allergien verursachen que, der nat\u00fcrliche und gesunde Natriumchlorid f\u00fcr den menschlichen K\u00f6rper.<\/p>\n[\/vc_column_text][\/vc_column][vc_column width=&#8220;1\/5&#8243;][vc_single_image image=&#8220;5040&#8243; img_size=&#8220;full&#8220; alignment=&#8220;center&#8220; css_animation=&#8220;none&#8220; css=&#8220;.vc_custom_1671212824609{margin-bottom: 30px !important;padding-left: 70px !important;}&#8220;][vc_column_text]\n<p style=\"text-align: center;\"><strong>DEKARBONISIERUNG<br \/>\n<\/strong>Wir tragen dazu bei, die Verwendung von Erd\u00f6lprodukten zu reduzieren, die Kohlenstoffemissionen zu verringern und die Zukunft f\u00fcr die n\u00e4chsten Generationen vorzubereiten, damit diese mit gr\u00fcner Energie versorgt werden k\u00f6nnen.<\/p>\n[\/vc_column_text][\/vc_column][vc_column width=&#8220;1\/5&#8243;][vc_single_image image=&#8220;5030&#8243; img_size=&#8220;full&#8220; alignment=&#8220;center&#8220; css_animation=&#8220;none&#8220; css=&#8220;.vc_custom_1671212843320{margin-bottom: 30px !important;padding-left: 70px !important;}&#8220;][vc_column_text]\n<p style=\"text-align: center;\"><strong>FOTOVOLTAIK-PANEELE<br \/>\n<\/strong>Wir produzieren unsere eigene Energie durch Solarenergie.<\/p>\n[\/vc_column_text][\/vc_column][\/vc_row][vc_row css=&#8220;.vc_custom_1557144410936{padding-bottom: 50px !important;}&#8220;][vc_column width=&#8220;2\/3&#8243;]<h3 class=\"calluna-heading calluna-heading-single-line text-align-left \" style=\"color: #2cbbe9;\"><span>MANAGEMENTSYSTEM<\/span><\/h3>[vc_column_text]\n<p style=\"text-align: left;\"><span style=\"font-weight: 400;\">Das Hotel Orca Praia hat folgende Managementsysteme umgesetzt: Qualit\u00e4tszertifikat (ISO 9001), Umweltzertifikat (ISO 14001) und HACCP-Konzept.<\/span><\/p>\n[\/vc_column_text]<h3 class=\"calluna-heading calluna-heading-single-line text-align-left \" style=\"font-size: 24px;color: #2cbbe9;\"><span>UMFANG DES ORCA PRAIA HOTELMANAGEMENTSYSTEMS<\/span><\/h3>[vc_column_text css=&#8220;.vc_custom_1671207745500{padding-bottom: 50px !important;}&#8220;]Der Geltungsbereich bezieht sich auf das Qualit\u00e4ts-, Umwelt- und Lebensmittelsicherheitsmanagementsystem (HACCP-System) des Hotels Orca Praia in Bezug auf die Dienstleistungen von:<br \/>\n&#8211; Unterkunft;<br \/>\n&#8211; Restaurant, Snack-Bar und Bar auf dem Gel\u00e4nde des Hotels;<br \/>\n&#8211; Freizeit: SPA, Fitnessraum, Schwimmbad und Freizeitaktivit\u00e4ten in den R\u00e4umlichkeiten des Hotels;<br \/>\n&#8211; Transport vom Hotel zum Zentrum von Funchal.<br \/>\nDas Hotel Orca Praia bietet seinen Kunden ein einzigartiges Erlebnis von Qualit\u00e4t und fairem Wert, gest\u00fctzt auf Qualit\u00e4tssysteme und die Ausbildung unseres wichtigsten Verm\u00f6gens: unsere Mitarbeiter.[\/vc_column_text][vc_column_text]\n<p style=\"text-align: left;\"><strong>Unsere Richtlinien sind:<\/strong><\/p>\n[\/vc_column_text]<h3 class=\"calluna-heading calluna-heading-single-line text-align-left \" style=\"font-size: 24px;color: #2cbbe9;\"><span>HOTEL ORCA PRAIA MANAGEMENTSYSTEM RICHTLINIEN<\/span><\/h3>[vc_column_text css=&#8220;.vc_custom_1671207915665{padding-bottom: 50px !important;}&#8220;]Die Managementsystempolitik des Hotels Orca Praia wurde festgelegt, um die Zufriedenheit aller Beteiligten zu f\u00f6rdern, n\u00e4mlich der Kunden, der Lieferanten, der Mitarbeiter, der Gesellschaft im Allgemeinen und anderer Beteiligter.<\/p>\n<p>Das Hotel Orca Praia engagiert sich f\u00fcr die st\u00e4ndige Umsetzung proaktiver Ma\u00dfnahmen zum Schutz und zur Erhaltung der Umwelt, wie z.B. die Wiederverwertung von Abf\u00e4llen, eine Solaranlage zur Erw\u00e4rmung des Wassers f\u00fcr Hygiene und Verbrauch, eine Photovoltaikanlage f\u00fcr den Autoverbrauch und die F\u00f6rderung des Umstiegs auf Elektrofahrzeuge und Fahrr\u00e4der f\u00fcr unsere Kunden, um den \u00f6kologischen und kohlenstoffhaltigen Fu\u00dfabdruck des Reiseziels zu verringern.<\/p>\n<p>Die Green-Key-Zertifizierung und andere Auszeichnungen zeigen, dass dieses Hotel st\u00e4ndig nach Verbesserungen strebt und die Umweltauswirkungen der t\u00e4glichen Arbeit reduziert.<\/p>\n<p>Das Hotel Orca Praia ist sich der Bedeutung von Hygiene und Lebensmittelsicherheit in allen Phasen der Lebensmittelverarbeitung bewusst und hat ein pr\u00e4ventives System der Lebensmittelsicherheit (HACCP-System) eingef\u00fchrt, das es uns erm\u00f6glicht, schnell und effektiv auf die Bed\u00fcrfnisse unserer Kunden und anderer IP zu reagieren.<\/p>\n<p>Mit dieser Politik verfolgen wir folgende Ziele:<\/p>\n<ul>\n<li><strong>Erf\u00fcllung der Bed\u00fcrfnisse und Anforderungen von Kunden und anderen PIs;<\/strong><\/li>\n<li><strong>Versorgung der Verbraucher mit lokal erworbenen Lebensmitteln, die f\u00fcr den Verzehr sicher sind;<\/strong><\/li>\n<li><strong>F\u00f6rderung des Vertrauens der anspruchsvollen Verbraucher;<\/strong><\/li>\n<li><strong>F\u00f6rderung des Schutzes der \u00f6ffentlichen Gesundheit und aller unserer Mitarbeiter;<\/strong><\/li>\n<li><strong>Regelm\u00e4\u00dfige Bewertung der Umweltauswirkungen und Verringerung des Verbrauchs, Vermeidung von Umweltverschmutzung, Nachhaltigkeit und Dekarbonisierung.<\/strong><\/li>\n<li><strong>Einhaltung der f\u00fcr den Sektor geltenden wirtschaftlichen und rechtlichen Anforderungen.<\/strong><\/li>\n<\/ul>\n<p>Das \u00dcberleben und die progressive Entwicklung des Hotels Orca Praia, ist auf eine Perspektive der kontinuierlichen Verbesserung des Management-Systems des Hotels Orca Praia und die Zufriedenheit unserer Kunden und andere IP, die uns mit ihrer Pr\u00e4ferenz zu unterscheiden.<\/p>\n<p>Die Verwirklichung dieser Ziele liegt in der Verantwortung aller Mitarbeiter des Hotels Orca Praia.<\/p>\n<p>Um diese Ziele zu erreichen, garantiert das Hotel Orca Praia die Bereitstellung der notwendigen und angemessenen Ressourcen, einschlie\u00dflich des spezialisierten Personals, das regelm\u00e4\u00dfig geschult wird, und der technologisch fortschrittlichen Ausr\u00fcstung.[\/vc_column_text][\/vc_column][vc_column width=&#8220;1\/3&#8243; css=&#8220;.vc_custom_1564584813887{border-left-width: 1px !important;border-left-color: #ebebeb !important;border-left-style: dotted !important;}&#8220;]<h3 class=\"calluna-heading calluna-heading-none text-align-center \" style=\"color: #2cbbe9;\"><span>ZERTIFIZIERUNG VON:<\/span><\/h3>[vc_row_inner][vc_column_inner width=&#8220;1\/3&#8243;][\/vc_column_inner][vc_column_inner width=&#8220;1\/3&#8243;][vc_single_image image=&#8220;3791&#8243; img_size=&#8220;full&#8220; alignment=&#8220;center&#8220; css_animation=&#8220;none&#8220;][\/vc_column_inner][vc_column_inner width=&#8220;1\/3&#8243;][\/vc_column_inner][\/vc_row_inner][vc_column_text]\n<p style=\"text-align: center;\">Institutional Stakeholder- Projekt\u00a0<a href=\"http:\/\/lifeecocompativel.com\/\">Life Eco<\/a><\/p>\n[\/vc_column_text][vc_empty_space height=&#8220;40px&#8220;][vc_row_inner][vc_column_inner][vc_single_image image=&#8220;3796&#8243; img_size=&#8220;full&#8220; alignment=&#8220;center&#8220; css_animation=&#8220;none&#8220;][\/vc_column_inner][\/vc_row_inner][vc_column_text]\n<p style=\"text-align: center;\"><span style=\"color: #2cbbe9;\">Lebensmittelhygiene HACCP<\/span><\/p>\n[\/vc_column_text][vc_empty_space height=&#8220;40px&#8220;][vc_row_inner][vc_column_inner width=&#8220;1\/3&#8243;][\/vc_column_inner][vc_column_inner width=&#8220;1\/3&#8243;][vc_single_image image=&#8220;5106&#8243; img_size=&#8220;full&#8220; alignment=&#8220;center&#8220; css_animation=&#8220;none&#8220;][\/vc_column_inner][vc_column_inner width=&#8220;1\/3&#8243;][\/vc_column_inner][\/vc_row_inner][vc_column_text]\n<p style=\"text-align: center;\"><span style=\"color: #2cbbe9;\">Environmental Management Systems ISO 14001<\/span><\/p>\n[\/vc_column_text][vc_empty_space height=&#8220;40px&#8220;][vc_row_inner][vc_column_inner width=&#8220;1\/3&#8243;][\/vc_column_inner][vc_column_inner width=&#8220;1\/3&#8243;][vc_single_image image=&#8220;5101&#8243; img_size=&#8220;full&#8220; alignment=&#8220;center&#8220; css_animation=&#8220;none&#8220;][\/vc_column_inner][vc_column_inner width=&#8220;1\/3&#8243;][\/vc_column_inner][\/vc_row_inner][vc_column_text]\n<p style=\"text-align: center;\"><span style=\"color: #2cbbe9;\">Quality Management Systems ISO 9001<\/span><\/p>\n[\/vc_column_text][vc_empty_space height=&#8220;40px&#8220;][vc_single_image image=&#8220;3811&#8243; img_size=&#8220;full&#8220; alignment=&#8220;center&#8220; css_animation=&#8220;none&#8220;][vc_column_text]\n<p style=\"text-align: center;\"><span style=\"color: #2cbbe9;\">Eco L\u00edderes<\/span><\/p>\n[\/vc_column_text][vc_empty_space height=&#8220;40px&#8220;][vc_single_image image=&#8220;3816&#8243; img_size=&#8220;full&#8220; alignment=&#8220;center&#8220; onclick=&#8220;custom_link&#8220; img_link_target=&#8220;_blank&#8220; css_animation=&#8220;none&#8220; link=&#8220;https:\/\/greenkey.abaae.pt\/&#8220;][vc_column_text]\n<p style=\"text-align: center;\"><a href=\"https:\/\/greenkey.abaae.pt\/\" target=\"_blank\" rel=\"noopener\"><span style=\"color: #2cbbe9;\">Green Key (Cl\u00e9 verte)<\/span><\/a><\/p>\n[\/vc_column_text][vc_empty_space height=&#8220;40px&#8220;][vc_single_image image=&#8220;3821&#8243; img_size=&#8220;full&#8220; alignment=&#8220;center&#8220; css_animation=&#8220;none&#8220;][vc_column_text]\n<p style=\"text-align: center;\"><span style=\"color: #2cbbe9;\">Venere \u201cRated Top Clean\u201d<\/span><\/p>\n[\/vc_column_text][vc_empty_space height=&#8220;40px&#8220;][vc_single_image image=&#8220;3826&#8243; img_size=&#8220;full&#8220; alignment=&#8220;center&#8220; css_animation=&#8220;none&#8220;][vc_column_text]\n<p style=\"text-align: center;\"><span style=\"color: #2cbbe9;\">Five Leaf System Certification<\/span><\/p>\n[\/vc_column_text][vc_empty_space height=&#8220;40px&#8220;][\/vc_column][\/vc_row]\n<\/section>","protected":false},"excerpt":{"rendered":"<p>[vc_row css=&#8220;.vc_custom_1557144410936{padding-bottom: 50px !important;}&#8220;][vc_column width=&#8220;2\/12&#8243;][\/vc_column][vc_column width=&#8220;8\/12&#8243;][vc_column_text] In der hentigen zeit, wo wir unsalle sorgen um unsere umwelt machen sollten gibt das Hotel Orca Praia auch seinen beitrag sw gemeinschaft mittels vershiedener energie-reinigung systemen. Zu ihrer information haben sie im folgenden eine kurze auflistung der verwendeten utensilien: [\/vc_column_text][\/vc_column][vc_column width=&#8220;2\/12&#8243;][\/vc_column][\/vc_row][vc_row css=&#8220;.vc_custom_1557144410936{padding-bottom: 50px !important;}&#8220;][vc_column width=&#8220;1\/5&#8243;][vc_single_image image=&#8220;5035&#8243; img_size=&#8220;full&#8220; alignment=&#8220;center&#8220; [&hellip;]<\/p>\n","protected":false},"author":1,"featured_media":0,"parent":0,"menu_order":0,"comment_status":"closed","ping_status":"closed","template":"","meta":[],"acf":[],"aioseo_notices":[],"_links":{"self":[{"href":"https:\/\/www.orcapraia.com\/de\/wp-json\/wp\/v2\/pages\/4087"}],"collection":[{"href":"https:\/\/www.orcapraia.com\/de\/wp-json\/wp\/v2\/pages"}],"about":[{"href":"https:\/\/www.orcapraia.com\/de\/wp-json\/wp\/v2\/types\/page"}],"author":[{"embeddable":true,"href":"https:\/\/www.orcapraia.com\/de\/wp-json\/wp\/v2\/users\/1"}],"replies":[{"embeddable":true,"href":"https:\/\/www.orcapraia.com\/de\/wp-json\/wp\/v2\/comments?post=4087"}],"version-history":[{"count":3,"href":"https:\/\/www.orcapraia.com\/de\/wp-json\/wp\/v2\/pages\/4087\/revisions"}],"predecessor-version":[{"id":5654,"href":"https:\/\/www.orcapraia.com\/de\/wp-json\/wp\/v2\/pages\/4087\/revisions\/5654"}],"wp:attachment":[{"href":"https:\/\/www.orcapraia.com\/de\/wp-json\/wp\/v2\/media?parent=4087"}],"curies":[{"name":"wp","href":"https:\/\/api.w.org\/{rel}","templated":true}]}}