{"id":4091,"date":"2019-07-18T17:12:51","date_gmt":"2019-07-18T17:12:51","guid":{"rendered":"https:\/\/www.orcapraia.com\/diving-center\/"},"modified":"2021-07-02T09:20:48","modified_gmt":"2021-07-02T09:20:48","slug":"diving-center","status":"publish","type":"page","link":"https:\/\/www.orcapraia.com\/de\/diving-center\/","title":{"rendered":"Diving Center"},"content":{"rendered":"<section class=\"wpb-content-wrapper\">[vc_row css=&#8220;.vc_custom_1557144410936{padding-bottom: 50px !important;}&#8220;][vc_column width=&#8220;2\/12&#8243;][\/vc_column][vc_column width=&#8220;8\/12&#8243;]<h2 class=\"calluna-heading calluna-heading-single-line text-align-center \" style=\"color: #2cbbe9;margin-top: 80px;\"><span>HERZLICH WILLKOMMEN BEI MADEIRA DIVING CENTER!<\/span><\/h2>[vc_column_text css=&#8220;.vc_custom_1564672927800{padding-bottom: 80px !important;}&#8220;]\n<p style=\"text-align: center;\">Wir hei\u00dfen Sie herzlich willkommen in ihrem Diving Center beim Hotel Orca Praia.<br \/>\nTauchen Sie mit uns in den sch\u00f6nsten und spektakul\u00e4ren Orte Atlantiks.<br \/>\nMit unserem professionelle SSI und PADI diving Team, wird ihre Urlaub unglaublich und unvergesslich.<br \/>\nGenie\u00dfen Sie Scuba Diving mit uns!<\/p>\n[\/vc_column_text][\/vc_column][vc_column width=&#8220;2\/12&#8243;][\/vc_column][\/vc_row][vc_row full_width=&#8220;stretch_row_content_no_spaces&#8220; equal_height=&#8220;yes&#8220; content_placement=&#8220;middle&#8220; equal_height_columns=&#8220;no&#8220; ts_row_screen_height=&#8220;false&#8220; ts_row_screen_offset=&#8220;0&#8243; ts_row_min_height=&#8220;100&#8243; ts_row_break_parents=&#8220;0&#8243; ts_row_zindex=&#8220;0&#8243; ts_row_bg_source=&#8220;full&#8220; ts_row_bg_position=&#8220;center&#8220; ts_row_bg_size_standard=&#8220;cover&#8220; ts_row_bg_size_parallax=&#8220;cover&#8220; ts_row_bg_repeat=&#8220;no-repeat&#8220; ts_row_parallax_type=&#8220;up&#8220; ts_row_bg_alignment_v=&#8220;center&#8220; ts_row_bg_alignment_h=&#8220;center&#8220; ts_row_parallax_speed=&#8220;20&#8243; ts_row_automove_speed=&#8220;75&#8243; ts_row_automove_scroll=&#8220;true&#8220; ts_row_automove_align=&#8220;horizontal&#8220; ts_row_automove_path_h=&#8220;leftright&#8220; ts_row_automove_path_v=&#8220;topbottom&#8220; ts_row_movement_x_allow=&#8220;true&#8220; ts_row_movement_x_ratio=&#8220;10&#8243; ts_row_movement_y_allow=&#8220;true&#8220; ts_row_movement_y_ratio=&#8220;10&#8243; ts_row_movement_content=&#8220;true&#8220; padding_top=&#8220;30&#8243; padding_bottom=&#8220;30&#8243; margin_left=&#8220;0&#8243; margin_right=&#8220;0&#8243; single_color=&#8220;#ffffff&#8220; gradient_angle=&#8220;0&#8243; gradient_color_start=&#8220;#cccccc&#8220; gradient_start_offset=&#8220;0&#8243; gradient_color_end=&#8220;#cccccc&#8220; gradient_end_offset=&#8220;100&#8243; video_mute=&#8220;true&#8220; video_loop=&#8220;false&#8220; video_remove=&#8220;false&#8220; video_start=&#8220;false&#8220; video_stop=&#8220;true&#8220; video_controls=&#8220;true&#8220; video_raster=&#8220;false&#8220; svg_top_on=&#8220;false&#8220; svg_top_style=&#8220;1&#8243; svg_top_height=&#8220;100&#8243; svg_top_flip=&#8220;false&#8220; svg_top_position=&#8220;0&#8243; svg_top_color1=&#8220;#ffffff&#8220; svg_top_color2=&#8220;#ededed&#8220; svg_bottom_on=&#8220;false&#8220; svg_bottom_style=&#8220;1&#8243; svg_bottom_height=&#8220;100&#8243; svg_bottom_flip=&#8220;false&#8220; svg_bottom_position=&#8220;0&#8243; svg_bottom_color1=&#8220;#ffffff&#8220; svg_bottom_color2=&#8220;#ededed&#8220; ts_row_raster_use=&#8220;false&#8220; ts_row_raster_type=&#8220;transparent&#8220; ts_row_overlay_use=&#8220;false&#8220; ts_row_overlay_color=&#8220;rgba(30,115,190,0.25)&#8220; animation_scroll=&#8220;false&#8220; animation_speed=&#8220;2000&#8243; show_large=&#8220;true&#8220; show_medium=&#8220;true&#8220; show_small=&#8220;true&#8220; show_extra=&#8220;true&#8220; show_remove=&#8220;true&#8220; css=&#8220;.vc_custom_1563984382291{margin-bottom: 50px !important;}&#8220;][vc_column css=&#8220;.vc_custom_1563557034962{margin-top: 0px !important;margin-right: 0px !important;margin-bottom: 0px !important;margin-left: 0px !important;padding-top: 0px !important;padding-right: 0px !important;padding-bottom: 0px !important;padding-left: 0px !important;background-color: #cccccc !important;background-position: center !important;background-repeat: no-repeat !important;background-size: cover !important;}&#8220; offset=&#8220;vc_col-lg-8 vc_col-xs-12&#8243;][vc_images_carousel images=&#8220;3506,3511,3501&#8243; img_size=&#8220;full&#8220; onclick=&#8220;link_no&#8220; speed=&#8220;2000&#8243; autoplay=&#8220;yes&#8220; hide_prev_next_buttons=&#8220;yes&#8220; wrap=&#8220;yes&#8220; css=&#8220;.vc_custom_1563557094765{margin-top: 0px !important;margin-right: 0px !important;margin-bottom: 0px !important;margin-left: 0px !important;padding-top: 0px !important;padding-right: 0px !important;padding-bottom: 0px !important;padding-left: 0px !important;}&#8220;][\/vc_column][vc_column style=&#8220;column-style-1&#8243; css=&#8220;.vc_custom_1557143532249{padding-right: 24% !important;padding-left: 6% !important;background-image: url(https:\/\/www.orcapraia.com\/wp-content\/uploads\/2019\/04\/marcadagua_Orca_Praia.png?id=2258) !important;background-position: center !important;background-repeat: no-repeat !important;background-size: cover !important;}&#8220; animation_scroll=&#8220;false&#8220; animation_speed=&#8220;2000&#8243; offset=&#8220;vc_col-lg-4 vc_col-xs-12&#8243;][vc_column_text css_animation=&#8220;top-to-bottom&#8220; css=&#8220;.vc_custom_1625217646158{padding-bottom: 35px !important;}&#8220;]\n<h2 style=\"color: #967a50;\"><strong>Kontakte<\/strong><strong>:<\/strong><\/h2>\n<p class=\"teaser\"><strong>Email: <\/strong>Info@orcapraia.com<br \/>\n<strong>Tel.: <\/strong>+351 291707070<\/p>\n[\/vc_column_text][\/vc_column][\/vc_row]\n<\/section>","protected":false},"excerpt":{"rendered":"<p>[vc_row css=&#8220;.vc_custom_1557144410936{padding-bottom: 50px !important;}&#8220;][vc_column width=&#8220;2\/12&#8243;][\/vc_column][vc_column width=&#8220;8\/12&#8243;][vc_column_text css=&#8220;.vc_custom_1564672927800{padding-bottom: 80px !important;}&#8220;] Wir hei\u00dfen Sie herzlich willkommen in ihrem Diving Center beim Hotel Orca Praia. Tauchen Sie mit uns in den sch\u00f6nsten und spektakul\u00e4ren Orte Atlantiks. Mit unserem professionelle SSI und PADI diving Team, wird ihre Urlaub unglaublich und unvergesslich. Genie\u00dfen Sie Scuba Diving mit uns! [\/vc_column_text][\/vc_column][vc_column width=&#8220;2\/12&#8243;][\/vc_column][\/vc_row][vc_row [&hellip;]<\/p>\n","protected":false},"author":1,"featured_media":0,"parent":0,"menu_order":0,"comment_status":"closed","ping_status":"closed","template":"","meta":[],"acf":[],"aioseo_notices":[],"_links":{"self":[{"href":"https:\/\/www.orcapraia.com\/de\/wp-json\/wp\/v2\/pages\/4091"}],"collection":[{"href":"https:\/\/www.orcapraia.com\/de\/wp-json\/wp\/v2\/pages"}],"about":[{"href":"https:\/\/www.orcapraia.com\/de\/wp-json\/wp\/v2\/types\/page"}],"author":[{"embeddable":true,"href":"https:\/\/www.orcapraia.com\/de\/wp-json\/wp\/v2\/users\/1"}],"replies":[{"embeddable":true,"href":"https:\/\/www.orcapraia.com\/de\/wp-json\/wp\/v2\/comments?post=4091"}],"version-history":[{"count":0,"href":"https:\/\/www.orcapraia.com\/de\/wp-json\/wp\/v2\/pages\/4091\/revisions"}],"wp:attachment":[{"href":"https:\/\/www.orcapraia.com\/de\/wp-json\/wp\/v2\/media?parent=4091"}],"curies":[{"name":"wp","href":"https:\/\/api.w.org\/{rel}","templated":true}]}}