{"id":4097,"date":"2015-09-06T16:09:43","date_gmt":"2015-09-06T14:09:43","guid":{"rendered":"https:\/\/www.orcapraia.com\/ocean-spa\/"},"modified":"2024-09-18T18:32:58","modified_gmt":"2024-09-18T18:32:58","slug":"ocean-spa","status":"publish","type":"page","link":"https:\/\/www.orcapraia.com\/de\/ocean-spa\/","title":{"rendered":"Spa"},"content":{"rendered":"<section class=\"wpb-content-wrapper\">[vc_row css=&#8220;.vc_custom_1557144410936{padding-bottom: 50px !important;}&#8220;][vc_column width=&#8220;2\/12&#8243;][\/vc_column][vc_column width=&#8220;8\/12&#8243;]<h2 class=\"calluna-heading calluna-heading-single-line text-align-center \" style=\"color: #2cbbe9;margin-top: 80px;\"><span>EIN TAUCHGANG DER SCH\u00d6NHEIT<\/span><\/h2>[vc_column_text css=&#8220;.vc_custom_1688475100317{padding-bottom: 40px !important;}&#8220;]\n<p style=\"text-align: center;\">Befreire deine sinne und besuchen Sie uns f\u00fcr ein einzigartiges Erlebnis k\u00f6rperlicher, seelischer und geistiger ausgeglichenheit am Meer! Wir bieten eine Reihe von Gesichtsbehandlungen, Massagen und Therapien, die Ihr Wohlbefinden f\u00f6rdern.<\/p>\n<p style=\"text-align: center;\">Tauchen Sie ein in die Sch\u00f6nheit der Natur und das Blau des Ozeans. Genie\u00dfen Sie unsere \u00e4sthetischen Leistungen und sp\u00fcren Sie eine neue Erweckung und Harmonie.<\/p>\n[\/vc_column_text][vc_row_inner css=&#8220;.vc_custom_1688475125680{margin-bottom: 80px !important;}&#8220;][vc_column_inner width=&#8220;1\/3&#8243;][\/vc_column_inner][vc_column_inner width=&#8220;1\/3&#8243; css=&#8220;.vc_custom_1688475173517{padding-right: -10px !important;padding-left: -10px !important;}&#8220;]<a href=\"https:\/\/www.orcapraia.com\/wp-content\/uploads\/2024\/09\/SPA_brochura_OrcaPraia__2024.pdf\" class=\"calluna-button btn btn-primary small style-1   aligncenter\" target=\"_blank\" title=\"Special Welcome\" rel=\"\"><span class=\"calluna-button-inner\">Special Welcome<\/span><\/a>[\/vc_column_inner][vc_column_inner width=&#8220;1\/3&#8243;][\/vc_column_inner][\/vc_row_inner][\/vc_column][vc_column width=&#8220;2\/12&#8243;][\/vc_column][\/vc_row][vc_row full_width=&#8220;stretch_row_content_no_spaces&#8220; equal_height=&#8220;yes&#8220; content_placement=&#8220;middle&#8220; equal_height_columns=&#8220;no&#8220; ts_row_screen_height=&#8220;false&#8220; ts_row_screen_offset=&#8220;0&#8243; ts_row_min_height=&#8220;100&#8243; ts_row_break_parents=&#8220;0&#8243; ts_row_zindex=&#8220;0&#8243; ts_row_bg_source=&#8220;full&#8220; ts_row_bg_position=&#8220;center&#8220; ts_row_bg_size_standard=&#8220;cover&#8220; ts_row_bg_size_parallax=&#8220;cover&#8220; ts_row_bg_repeat=&#8220;no-repeat&#8220; ts_row_parallax_type=&#8220;up&#8220; ts_row_bg_alignment_v=&#8220;center&#8220; ts_row_bg_alignment_h=&#8220;center&#8220; ts_row_parallax_speed=&#8220;20&#8243; ts_row_automove_speed=&#8220;75&#8243; ts_row_automove_scroll=&#8220;true&#8220; ts_row_automove_align=&#8220;horizontal&#8220; ts_row_automove_path_h=&#8220;leftright&#8220; ts_row_automove_path_v=&#8220;topbottom&#8220; ts_row_movement_x_allow=&#8220;true&#8220; ts_row_movement_x_ratio=&#8220;10&#8243; ts_row_movement_y_allow=&#8220;true&#8220; ts_row_movement_y_ratio=&#8220;10&#8243; ts_row_movement_content=&#8220;true&#8220; padding_top=&#8220;30&#8243; padding_bottom=&#8220;30&#8243; margin_left=&#8220;0&#8243; margin_right=&#8220;0&#8243; single_color=&#8220;#ffffff&#8220; gradient_angle=&#8220;0&#8243; gradient_color_start=&#8220;#cccccc&#8220; gradient_start_offset=&#8220;0&#8243; gradient_color_end=&#8220;#cccccc&#8220; gradient_end_offset=&#8220;100&#8243; video_mute=&#8220;true&#8220; video_loop=&#8220;false&#8220; video_remove=&#8220;false&#8220; video_start=&#8220;false&#8220; video_stop=&#8220;true&#8220; video_controls=&#8220;true&#8220; video_raster=&#8220;false&#8220; svg_top_on=&#8220;false&#8220; svg_top_style=&#8220;1&#8243; svg_top_height=&#8220;100&#8243; svg_top_flip=&#8220;false&#8220; svg_top_position=&#8220;0&#8243; svg_top_color1=&#8220;#ffffff&#8220; svg_top_color2=&#8220;#ededed&#8220; svg_bottom_on=&#8220;false&#8220; svg_bottom_style=&#8220;1&#8243; svg_bottom_height=&#8220;100&#8243; svg_bottom_flip=&#8220;false&#8220; svg_bottom_position=&#8220;0&#8243; svg_bottom_color1=&#8220;#ffffff&#8220; svg_bottom_color2=&#8220;#ededed&#8220; ts_row_raster_use=&#8220;false&#8220; ts_row_raster_type=&#8220;transparent&#8220; ts_row_overlay_use=&#8220;false&#8220; ts_row_overlay_color=&#8220;rgba(30,115,190,0.25)&#8220; animation_scroll=&#8220;false&#8220; animation_speed=&#8220;2000&#8243; show_large=&#8220;true&#8220; show_medium=&#8220;true&#8220; show_small=&#8220;true&#8220; show_extra=&#8220;true&#8220; show_remove=&#8220;true&#8220;][vc_column css=&#8220;.vc_custom_1556896607641{background: #ffffff url(https:\/\/www.orcapraia.com\/wp-content\/uploads\/2019\/05\/SPA_1600x920px.jpg?id=2450) !important;background-position: center !important;background-repeat: no-repeat !important;background-size: cover !important;}&#8220; offset=&#8220;vc_col-lg-8 vc_col-xs-12&#8243;][vc_empty_space height=&#8220;600px&#8220;][\/vc_column][vc_column style=&#8220;column-style-1&#8243; css=&#8220;.vc_custom_1557143532249{padding-right: 24% !important;padding-left: 6% !important;background-image: url(https:\/\/www.orcapraia.com\/wp-content\/uploads\/2019\/04\/marcadagua_Orca_Praia.png?id=2258) !important;background-position: center !important;background-repeat: no-repeat !important;background-size: cover !important;}&#8220; animation_scroll=&#8220;false&#8220; animation_speed=&#8220;2000&#8243; offset=&#8220;vc_col-lg-4 vc_col-xs-12&#8243;][vc_column_text css_animation=&#8220;top-to-bottom&#8220; css=&#8220;.vc_custom_1566215644177{padding-bottom: 35px !important;}&#8220;]\n<h2 style=\"color: #967a50;\">Ocean SPA<\/h2>\n<p class=\"teaser\">&#8211; Gesichtsbehandlungen<br \/>\n&#8211; Massagen<br \/>\n&#8211; Zen-Massagen (Aromatherapie)<br \/>\n&#8211; Hot Stone Massagen<br \/>\n&#8211; Terapias (Corpo, Mente e Alma)[\/vc_column_text][\/vc_column][\/vc_row][vc_row css=&#8220;.vc_custom_1563462567602{margin-top: 50px !important;}&#8220;][vc_column width=&#8220;1\/5&#8243; offset=&#8220;vc_col-lg-1\/5 vc_col-md-12&#8243;][vc_single_image image=&#8220;2490&#8243; img_size=&#8220;full&#8220; alignment=&#8220;center&#8220; css_animation=&#8220;none&#8220; css=&#8220;.vc_custom_1563462501364{margin-bottom: -20px !important;}&#8220;][vc_column_text css_animation=&#8220;none&#8220;]\n<h5 style=\"text-align: center;\"><span style=\"color: #2cbbe9;\">GESICHTS BEHANDLUNGEN<\/span><\/h5>\n<p style=\"text-align: center;\">Wesentliche Ern\u00e4hrung<br \/>\nSerenity-Gesichtsbehandlung<br \/>\nTiefenreinigung des Gesichts<br \/>\nPersonalisierte Gesichtsbehandlung: Akne, Anti-Falten und Hautunreinheiten<\/p>\n[\/vc_column_text][vc_empty_space height=&#8220;40px&#8220;][\/vc_column][vc_column width=&#8220;1\/5&#8243; offset=&#8220;vc_col-lg-1\/5 vc_col-md-12&#8243;][vc_single_image image=&#8220;2489&#8243; img_size=&#8220;full&#8220; alignment=&#8220;center&#8220; css_animation=&#8220;none&#8220; css=&#8220;.vc_custom_1563462525062{margin-bottom: -20px !important;}&#8220;][vc_column_text css_animation=&#8220;none&#8220;]\n<h5 style=\"text-align: center;\"><span style=\"color: #2cbbe9;\">Massagen<\/span><\/h5>\n<p style=\"text-align: center;\">Indische Kopfhautmassage<br \/>\nMassage des Pieds<br \/>\nMassage du Dos, dl Cou et des \u00c9paules<br \/>\nMassage relaxante des Jambes<br \/>\nTherapeutische Massage<br \/>\nSportmassage<br \/>\nGanzk\u00f6rpermassage<br \/>\nFuss-reflexzonenmassage[\/vc_column_text][vc_empty_space height=&#8220;40px&#8220;][\/vc_column][vc_column width=&#8220;1\/5&#8243; offset=&#8220;vc_col-lg-1\/5 vc_col-md-12&#8243;][vc_single_image image=&#8220;2487&#8243; img_size=&#8220;full&#8220; alignment=&#8220;center&#8220; css_animation=&#8220;none&#8220; css=&#8220;.vc_custom_1563462529236{margin-bottom: -20px !important;}&#8220;][vc_column_text css_animation=&#8220;none&#8220;]\n<h5 style=\"text-align: center;\"><span style=\"color: #2cbbe9;\">Hot Stone Massage<\/span><\/h5>\n<p style=\"text-align: center;\">Madeira Hot Stone<\/p>\n[\/vc_column_text][vc_empty_space height=&#8220;40px&#8220;][\/vc_column][vc_column width=&#8220;1\/5&#8243; offset=&#8220;vc_col-lg-1\/5 vc_col-md-12&#8243;][vc_single_image image=&#8220;2486&#8243; img_size=&#8220;full&#8220; alignment=&#8220;center&#8220; css_animation=&#8220;none&#8220; css=&#8220;.vc_custom_1563462534485{margin-bottom: -20px !important;}&#8220;][vc_column_text css_animation=&#8220;none&#8220;]\n<h5 style=\"text-align: center;\"><span style=\"color: #2cbbe9;\">Therapie<\/span><\/h5>\n<p style=\"text-align: center;\">Body Essential Ritual<br \/>\nK\u00f6rperenergieritual<\/p>\n[\/vc_column_text][vc_empty_space height=&#8220;40px&#8220;][\/vc_column][vc_column width=&#8220;1\/5&#8243; offset=&#8220;vc_col-lg-1\/5 vc_col-md-12&#8243;][vc_single_image image=&#8220;2488&#8243; img_size=&#8220;full&#8220; alignment=&#8220;center&#8220; css_animation=&#8220;none&#8220; css=&#8220;.vc_custom_1563462540299{margin-bottom: -20px !important;}&#8220;][vc_column_text css_animation=&#8220;none&#8220;]\n<h5 style=\"text-align: center;\"><span style=\"color: #2cbbe9;\">ZEN MASSAGE<\/span><\/h5>\n<p style=\"text-align: center;\">\n[\/vc_column_text][vc_empty_space height=&#8220;40px&#8220;][\/vc_column][\/vc_row][vc_row full_width=&#8220;stretch_row_content_no_spaces&#8220; equal_height=&#8220;yes&#8220; content_placement=&#8220;middle&#8220; equal_height_columns=&#8220;no&#8220; ts_row_screen_height=&#8220;false&#8220; ts_row_screen_offset=&#8220;0&#8243; ts_row_min_height=&#8220;100&#8243; ts_row_break_parents=&#8220;0&#8243; ts_row_zindex=&#8220;0&#8243; ts_row_bg_source=&#8220;full&#8220; ts_row_bg_position=&#8220;center&#8220; ts_row_bg_size_standard=&#8220;cover&#8220; ts_row_bg_size_parallax=&#8220;cover&#8220; ts_row_bg_repeat=&#8220;no-repeat&#8220; ts_row_parallax_type=&#8220;up&#8220; ts_row_bg_alignment_v=&#8220;center&#8220; ts_row_bg_alignment_h=&#8220;center&#8220; ts_row_parallax_speed=&#8220;20&#8243; ts_row_automove_speed=&#8220;75&#8243; ts_row_automove_scroll=&#8220;true&#8220; ts_row_automove_align=&#8220;horizontal&#8220; ts_row_automove_path_h=&#8220;leftright&#8220; ts_row_automove_path_v=&#8220;topbottom&#8220; ts_row_movement_x_allow=&#8220;true&#8220; ts_row_movement_x_ratio=&#8220;10&#8243; ts_row_movement_y_allow=&#8220;true&#8220; ts_row_movement_y_ratio=&#8220;10&#8243; ts_row_movement_content=&#8220;true&#8220; padding_top=&#8220;30&#8243; padding_bottom=&#8220;30&#8243; margin_left=&#8220;0&#8243; margin_right=&#8220;0&#8243; single_color=&#8220;#ffffff&#8220; gradient_angle=&#8220;0&#8243; gradient_color_start=&#8220;#cccccc&#8220; gradient_start_offset=&#8220;0&#8243; gradient_color_end=&#8220;#cccccc&#8220; gradient_end_offset=&#8220;100&#8243; video_mute=&#8220;true&#8220; video_loop=&#8220;false&#8220; video_remove=&#8220;false&#8220; video_start=&#8220;false&#8220; video_stop=&#8220;true&#8220; video_controls=&#8220;true&#8220; video_raster=&#8220;false&#8220; svg_top_on=&#8220;false&#8220; svg_top_style=&#8220;1&#8243; svg_top_height=&#8220;100&#8243; svg_top_flip=&#8220;false&#8220; svg_top_position=&#8220;0&#8243; svg_top_color1=&#8220;#ffffff&#8220; svg_top_color2=&#8220;#ededed&#8220; svg_bottom_on=&#8220;false&#8220; svg_bottom_style=&#8220;1&#8243; svg_bottom_height=&#8220;100&#8243; svg_bottom_flip=&#8220;false&#8220; svg_bottom_position=&#8220;0&#8243; svg_bottom_color1=&#8220;#ffffff&#8220; svg_bottom_color2=&#8220;#ededed&#8220; ts_row_raster_use=&#8220;false&#8220; ts_row_raster_type=&#8220;transparent&#8220; ts_row_overlay_use=&#8220;false&#8220; ts_row_overlay_color=&#8220;rgba(30,115,190,0.25)&#8220; animation_scroll=&#8220;false&#8220; animation_speed=&#8220;2000&#8243; show_large=&#8220;true&#8220; show_medium=&#8220;true&#8220; show_small=&#8220;true&#8220; show_extra=&#8220;true&#8220; show_remove=&#8220;true&#8220;][vc_column style=&#8220;column-style-1&#8243; css=&#8220;.vc_custom_1567011885769{padding-right: 24% !important;padding-left: 6% !important;background-image: url(https:\/\/www.orcapraia.com\/wp-content\/uploads\/2019\/04\/marcadagua_Orca_Praia.png?id=2258) !important;background-position: center !important;background-repeat: no-repeat !important;background-size: cover !important;}&#8220; offset=&#8220;vc_col-lg-4 vc_col-xs-12&#8243;][vc_column_text css_animation=&#8220;top-to-bottom&#8220; css=&#8220;.vc_custom_1677153905152{padding-bottom: 35px !important;}&#8220;]\n<h2>SCH\u00d6NHEIT<\/h2>\n<p class=\"teaser\">&#8211; Esthetik Spa<br \/>\n&#8211; Spa Services<br \/>\n&#8211; Aktivit\u00e4ten<br \/>\n&#8211; Fitness-Lounge[\/vc_column_text][\/vc_column][vc_column style=&#8220;column-style-1&#8243; css=&#8220;.vc_custom_1567011667638{margin-top: 0px !important;margin-right: 0px !important;margin-bottom: 0px !important;margin-left: 0px !important;border-top-width: 0px !important;border-right-width: 0px !important;border-bottom-width: 0px !important;border-left-width: 0px !important;padding-top: 0px !important;padding-right: 0px !important;padding-bottom: 0px !important;padding-left: 0px !important;background-color: #cccccc !important;}&#8220; animation_scroll=&#8220;false&#8220; animation_speed=&#8220;2000&#8243; offset=&#8220;vc_col-lg-8 vc_col-xs-12&#8243;][vc_single_image image=&#8220;5548&#8243; img_size=&#8220;full&#8220; alignment=&#8220;right&#8220; css=&#8220;.vc_custom_1689162606694{margin-top: 0px !important;margin-right: 0px !important;margin-bottom: 0px !important;margin-left: 0px !important;padding-top: 0px !important;padding-right: 0px !important;padding-bottom: 0px !important;padding-left: 0px !important;}&#8220;][\/vc_column][\/vc_row][vc_row css=&#8220;.vc_custom_1563462857968{margin-top: 50px !important;}&#8220;][vc_column width=&#8220;1\/4&#8243; offset=&#8220;vc_col-lg-3 vc_col-md-12&#8243;][vc_single_image image=&#8220;2485&#8243; img_size=&#8220;full&#8220; alignment=&#8220;center&#8220; css_animation=&#8220;none&#8220; css=&#8220;.vc_custom_1563462687409{margin-bottom: -20px !important;}&#8220;][vc_column_text]\n<h5 style=\"text-align: center;\"><span style=\"color: #2cbbe9;\">Esthetik SPA<\/span><\/h5>\n<p style=\"text-align: center;\">Erh\u00e4ltlich in der 4. Etage<br \/>\n&#8211;<br \/>\nAugenbrauen und Wimpern<br \/>\n<span style=\"font-weight: 400;\">Augenbrauen<\/span><br \/>\n<span style=\"font-weight: 400;\">Flaum<\/span><br \/>\n<span style=\"font-weight: 400;\">Achseln<\/span><br \/>\n<span style=\"font-weight: 400;\">Bikinizone<\/span><br \/>\n<span style=\"font-weight: 400;\">Unterschenkel<\/span><br \/>\n<span style=\"font-weight: 400;\">Beine komplett<\/span><br \/>\n<span style=\"font-weight: 400;\">Manik\u00fcre<\/span><br \/>\n<span style=\"font-weight: 400;\">Pedik\u00fcre<\/span><br \/>\nLackauftragen[\/vc_column_text][vc_empty_space height=&#8220;40px&#8220;][\/vc_column][vc_column width=&#8220;1\/4&#8243; offset=&#8220;vc_col-lg-3 vc_col-md-12&#8243;][vc_single_image image=&#8220;2484&#8243; img_size=&#8220;full&#8220; alignment=&#8220;center&#8220; css_animation=&#8220;none&#8220; css=&#8220;.vc_custom_1563462730850{margin-bottom: -20px !important;}&#8220;][vc_column_text]\n<h5 style=\"text-align: center;\"><span style=\"color: #2cbbe9;\">SPA Services<\/span><\/h5>\n<p style=\"text-align: center;\">Erh\u00e4ltlich in der 4. Etage<br \/>\n&#8211;<br \/>\nHydrotherapie mit salz aus dem toten meer[\/vc_column_text][vc_empty_space height=&#8220;40px&#8220;][\/vc_column][vc_column width=&#8220;1\/4&#8243; offset=&#8220;vc_col-lg-3 vc_col-md-12&#8243;][vc_single_image image=&#8220;2514&#8243; img_size=&#8220;full&#8220; alignment=&#8220;center&#8220; css_animation=&#8220;none&#8220; css=&#8220;.vc_custom_1563462746567{margin-bottom: -20px !important;}&#8220;][vc_column_text]\n<h5 style=\"text-align: center;\"><span style=\"color: #2cbbe9;\">Aktivit\u00e4ten<\/span><\/h5>\n<p style=\"text-align: center;\">Hydrogin\u00e1stica<br \/>\nYoga[\/vc_column_text][vc_empty_space height=&#8220;40px&#8220;][\/vc_column][vc_column width=&#8220;1\/4&#8243; offset=&#8220;vc_col-lg-3 vc_col-md-12&#8243;][vc_single_image image=&#8220;2515&#8243; img_size=&#8220;full&#8220; alignment=&#8220;center&#8220; css_animation=&#8220;none&#8220; css=&#8220;.vc_custom_1563462757779{margin-bottom: -20px !important;}&#8220;][vc_column_text]\n<h5 style=\"text-align: center;\"><span style=\"color: #2cbbe9;\">TURNHALLE<\/span><\/h5>\n<p style=\"text-align: center;\">Erh\u00e4ltlich in der 5. Etage<\/p>\n[\/vc_column_text][vc_empty_space height=&#8220;40px&#8220;][\/vc_column][\/vc_row][vc_row full_width=&#8220;stretch_row&#8220; css=&#8220;.vc_custom_1457031834943{padding-top: 50px !important;padding-bottom: 50px !important;background-color: #967a50 !important;}&#8220;][vc_column width=&#8220;1\/12&#8243; offset=&#8220;vc_col-lg-2 vc_col-md-1&#8243;][\/vc_column][vc_column width=&#8220;5\/6&#8243; offset=&#8220;vc_col-lg-8&#8243;]<h2 class=\"calluna-heading calluna-heading-single-line text-align-center \" style=\"color: #ffffff;\"><span>BEFREIRE DEINE SINNE<\/span><\/h2>[vc_column_text css_animation=&#8220;top-to-bottom&#8220; css=&#8220;.vc_custom_1566220550031{padding-right: 50px !important;padding-left: 50px !important;}&#8220;]\n<p class=\"teaser\" style=\"text-align: center;\">Besuchen Sie uns f\u00fcr ein einzigartiges Erlebnis k\u00f6rperlicher, seelischer und geistiger<br \/>\nausgeglichenheit am Meer!<\/p>\n<p class=\"teaser\" style=\"text-align: center;\"><strong>Zeitplan:<\/strong> 10.00 am &#8211; 8.00 pm<\/p>\n[\/vc_column_text][vc_row_inner][vc_column_inner width=&#8220;1\/4&#8243;][\/vc_column_inner][vc_column_inner width=&#8220;1\/2&#8243;][vc_btn title=&#8220;SPECIAL WELCOME&#8220; style=&#8220;flat&#8220; shape=&#8220;square&#8220; color=&#8220;white&#8220; align=&#8220;center&#8220; link=&#8220;url:https%3A%2F%2Fwww.orcapraia.com%2Fwp-content%2Fuploads%2F2024%2F09%2FSPA_brochura_OrcaPraia__2024.pdf|target:_blank&#8220;][\/vc_column_inner][vc_column_inner width=&#8220;1\/4&#8243;][\/vc_column_inner][\/vc_row_inner][\/vc_column][vc_column width=&#8220;1\/12&#8243; offset=&#8220;vc_col-lg-2&#8243;][\/vc_column][\/vc_row][vc_row][vc_column][vc_column_text][\/vc_column_text][\/vc_column][\/vc_row]\n<\/section>","protected":false},"excerpt":{"rendered":"<p>[vc_row css=&#8220;.vc_custom_1557144410936{padding-bottom: 50px !important;}&#8220;][vc_column width=&#8220;2\/12&#8243;][\/vc_column][vc_column width=&#8220;8\/12&#8243;][vc_column_text css=&#8220;.vc_custom_1688475100317{padding-bottom: 40px !important;}&#8220;] Befreire deine sinne und besuchen Sie uns f\u00fcr ein einzigartiges Erlebnis k\u00f6rperlicher, seelischer und geistiger ausgeglichenheit am Meer! Wir bieten eine Reihe von Gesichtsbehandlungen, Massagen und Therapien, die Ihr Wohlbefinden f\u00f6rdern. Tauchen Sie ein in die Sch\u00f6nheit der Natur und das Blau des Ozeans. Genie\u00dfen Sie [&hellip;]<\/p>\n","protected":false},"author":1,"featured_media":0,"parent":0,"menu_order":0,"comment_status":"closed","ping_status":"closed","template":"","meta":[],"acf":[],"aioseo_notices":[],"_links":{"self":[{"href":"https:\/\/www.orcapraia.com\/de\/wp-json\/wp\/v2\/pages\/4097"}],"collection":[{"href":"https:\/\/www.orcapraia.com\/de\/wp-json\/wp\/v2\/pages"}],"about":[{"href":"https:\/\/www.orcapraia.com\/de\/wp-json\/wp\/v2\/types\/page"}],"author":[{"embeddable":true,"href":"https:\/\/www.orcapraia.com\/de\/wp-json\/wp\/v2\/users\/1"}],"replies":[{"embeddable":true,"href":"https:\/\/www.orcapraia.com\/de\/wp-json\/wp\/v2\/comments?post=4097"}],"version-history":[{"count":9,"href":"https:\/\/www.orcapraia.com\/de\/wp-json\/wp\/v2\/pages\/4097\/revisions"}],"predecessor-version":[{"id":5697,"href":"https:\/\/www.orcapraia.com\/de\/wp-json\/wp\/v2\/pages\/4097\/revisions\/5697"}],"wp:attachment":[{"href":"https:\/\/www.orcapraia.com\/de\/wp-json\/wp\/v2\/media?parent=4097"}],"curies":[{"name":"wp","href":"https:\/\/api.w.org\/{rel}","templated":true}]}}