{"id":4139,"date":"2019-07-18T10:29:22","date_gmt":"2019-07-18T10:29:22","guid":{"rendered":"https:\/\/www.orcapraia.com\/politica-de-privacidade\/"},"modified":"2019-09-04T17:23:23","modified_gmt":"2019-09-04T17:23:23","slug":"datenschutz","status":"publish","type":"page","link":"https:\/\/www.orcapraia.com\/de\/datenschutz\/","title":{"rendered":"Datenschutz"},"content":{"rendered":"<section class=\"wpb-content-wrapper\">[vc_row css=&#8220;.vc_custom_1557144410936{padding-bottom: 50px !important;}&#8220;][vc_column width=&#8220;2\/12&#8243;][\/vc_column][vc_column width=&#8220;8\/12&#8243;][vc_column_text css=&#8220;.vc_custom_1567617710165{padding-bottom: 80px !important;}&#8220;]Alle von Ihnen gesammelten pers\u00f6nlichen Daten werden verwendet, um Ihren Besuch auf unserer Website so produktiv und unterhaltsam wie m\u00f6glich zu gestalten.<\/p>\n<p>F\u00fcr das Hotel Orca Praia ist es wichtig, die Vertraulichkeit personenbezogener Daten der Benutzer unserer Website zu gew\u00e4hrleisten.<\/p>\n<p>Alle personenbezogenen Daten von Mitgliedern, Abonnenten, Kunden oder Besuchern, die das Hotel Orca Praia nutzen, werden gem\u00e4\u00df dem Gesetz zum Schutz personenbezogener Daten vom 26. Oktober 1998 (Gesetz 67\/98) behandelt.<\/p>\n<p>Zu den erfassten pers\u00f6nlichen Daten k\u00f6nnen Ihr Name, Ihre E-Mail-Adresse, Ihre Telefon- und \/ oder Mobiltelefonnummer, Ihre Adresse, Ihr Geburtsdatum und \/ oder andere Daten geh\u00f6ren.<\/p>\n<p>Die Nutzung des Hotel Orca Praia impliziert die Annahme dieser Datenschutzvereinbarung. Das Personal im Hotel Orca Praia beh\u00e4lt sich das Recht vor, diese Vereinbarung ohne vorherige Ank\u00fcndigung zu \u00e4ndern. Wir empfehlen Ihnen daher, unsere Datenschutzbestimmungen regelm\u00e4\u00dfig zu \u00fcberpr\u00fcfen, um auf dem neuesten Stand zu bleiben.[\/vc_column_text]<h4 class=\"calluna-heading calluna-heading-single-line text-align-center \" style=\"color: #2cbbe9;\"><span>DIE ANZEIGEN<\/span><\/h4>[vc_column_text css=&#8220;.vc_custom_1567617725492{padding-bottom: 80px !important;}&#8220;]<span style=\"font-size: 1.125rem;\">Wie andere Websites erheben und verwenden wir Informationen in Werbeanzeigen. Die in den Werbeanzeigen enthaltenen Informationen umfassen Ihre Internet Protocol (IP) -Adresse, Ihren Internet Service Provider (ISP) wie Frog, Clix oder einen anderen), den Browser, den Sie beim Besuch unserer Website verwendet haben (z. B. Internet Explorer oder Firefox), die Zeit Ihres Besuchs und welche Seiten Sie innerhalb unserer Website besucht haben.<\/span>[\/vc_column_text]<h4 class=\"calluna-heading calluna-heading-single-line text-align-center \" style=\"color: #2cbbe9;\"><span>COOKIE DOUBLECLICK DART<\/span><\/h4>[vc_column_text css=&#8220;.vc_custom_1567617754913{padding-bottom: 80px !important;}&#8220;]Mit dem DART-Cookie kann Google Anzeigen schalten, die auf Besuchen basieren, die der Leser auf anderen Websites im Internet vorgenommen hat.<\/p>\n<p>Nutzer k\u00f6nnen das DART-Cookie deaktivieren, indem sie die Datenschutzbestimmungen f\u00fcr das Content- und Werbenetzwerk von Google aufrufen.[\/vc_column_text]<h4 class=\"calluna-heading calluna-heading-single-line text-align-center \" style=\"color: #2cbbe9;\"><span>COOKIES UND WEB BEACONS<\/span><\/h4>[vc_column_text css=&#8220;.vc_custom_1567617770696{padding-bottom: 80px !important;}&#8220;]Wir verwenden Cookies, um Informationen zu speichern, beispielsweise Ihre pers\u00f6nlichen Vorlieben, wenn Sie unsere Website besuchen. Dies kann ein einfaches Popup oder einen Link zu verschiedenen von uns angebotenen Diensten wie Foren umfassen.<\/p>\n<p>Dar\u00fcber hinaus verwenden wir Werbung Dritter auf unserer Website, um die Wartungskosten zu decken. Einige dieser Werbetreibenden verwenden m\u00f6glicherweise Technologien wie Cookies und \/ oder Web Beacons, wenn sie auf unserer Website werben. Dadurch erhalten diese Werbetreibenden (z. B. Google \u00fcber Google AdSense) auch Ihre pers\u00f6nlichen Daten, z. B. Ihre IP-Adresse. Ihr ISP, Ihr Browser usw. Diese Funktion wird im Allgemeinen f\u00fcr das Geotargeting (z. B. zum Anzeigen von Werbung in Lissabon nur f\u00fcr Leser aus Lissabon) oder zum Anzeigen von Werbung f\u00fcr einen Benutzertyp (z. B. zum Anzeigen von Restaurantwerbung f\u00fcr einen Benutzer, der regelm\u00e4\u00dfig Kochwebsites besucht, z. ).<\/p>\n<p>Sie k\u00f6nnen Ihre Cookies deaktivieren, in Ihren Browseroptionen oder indem Sie \u00c4nderungen an Anti-Virus-Programmtools wie Norton Internet Security vornehmen. Dies kann jedoch die Art und Weise \u00e4ndern, in der Sie mit unserer Website oder anderen Websites interagieren. Auf diese Weise k\u00f6nnen Sie sich m\u00f6glicherweise bei Programmen, Websites oder Foren in unseren und anderen Netzwerken anmelden.[\/vc_column_text]<h4 class=\"calluna-heading calluna-heading-single-line text-align-center \" style=\"color: #2cbbe9;\"><span>LINKS ZU WEBSITES VON DRITTANBIETERN<\/span><\/h4>[vc_column_text css=&#8220;.vc_custom_1567617801154{padding-bottom: 80px !important;}&#8220;]Das Hotel Orca Praia verf\u00fcgt \u00fcber Links zu anderen Websites, die unserer Meinung nach n\u00fctzliche Informationen \/ Tools f\u00fcr unsere Besucher enthalten k\u00f6nnen. Unsere Datenschutzbestimmungen gelten nicht f\u00fcr Websites Dritter. Wenn Sie also eine unserer Websites besuchen, sollten Sie deren Datenschutzbestimmungen lesen.<\/p>\n<p>Wir sind nicht verantwortlich f\u00fcr die Datenschutzrichtlinien oder den Inhalt dieser Websites.[\/vc_column_text][\/vc_column][vc_column width=&#8220;2\/12&#8243;][\/vc_column][\/vc_row]\n<\/section>","protected":false},"excerpt":{"rendered":"<p>[vc_row css=&#8220;.vc_custom_1557144410936{padding-bottom: 50px !important;}&#8220;][vc_column width=&#8220;2\/12&#8243;][\/vc_column][vc_column width=&#8220;8\/12&#8243;][vc_column_text css=&#8220;.vc_custom_1567617710165{padding-bottom: 80px !important;}&#8220;]Alle von Ihnen gesammelten pers\u00f6nlichen Daten werden verwendet, um Ihren Besuch auf unserer Website so produktiv und unterhaltsam wie m\u00f6glich zu gestalten. F\u00fcr das Hotel Orca Praia ist es wichtig, die Vertraulichkeit personenbezogener Daten der Benutzer unserer Website zu gew\u00e4hrleisten. Alle personenbezogenen Daten von Mitgliedern, Abonnenten, Kunden [&hellip;]<\/p>\n","protected":false},"author":1,"featured_media":0,"parent":0,"menu_order":0,"comment_status":"closed","ping_status":"closed","template":"","meta":[],"acf":[],"aioseo_notices":[],"_links":{"self":[{"href":"https:\/\/www.orcapraia.com\/de\/wp-json\/wp\/v2\/pages\/4139"}],"collection":[{"href":"https:\/\/www.orcapraia.com\/de\/wp-json\/wp\/v2\/pages"}],"about":[{"href":"https:\/\/www.orcapraia.com\/de\/wp-json\/wp\/v2\/types\/page"}],"author":[{"embeddable":true,"href":"https:\/\/www.orcapraia.com\/de\/wp-json\/wp\/v2\/users\/1"}],"replies":[{"embeddable":true,"href":"https:\/\/www.orcapraia.com\/de\/wp-json\/wp\/v2\/comments?post=4139"}],"version-history":[{"count":0,"href":"https:\/\/www.orcapraia.com\/de\/wp-json\/wp\/v2\/pages\/4139\/revisions"}],"wp:attachment":[{"href":"https:\/\/www.orcapraia.com\/de\/wp-json\/wp\/v2\/media?parent=4139"}],"curies":[{"name":"wp","href":"https:\/\/api.w.org\/{rel}","templated":true}]}}