{"id":4143,"date":"2019-07-18T10:28:18","date_gmt":"2019-07-18T10:28:18","guid":{"rendered":"https:\/\/www.orcapraia.com\/termos-de-utilizacao\/"},"modified":"2026-01-21T11:39:22","modified_gmt":"2026-01-21T11:39:22","slug":"nutzungsbedingungen","status":"publish","type":"page","link":"https:\/\/www.orcapraia.com\/de\/nutzungsbedingungen\/","title":{"rendered":"Nutzungsbedingungen"},"content":{"rendered":"<section class=\"wpb-content-wrapper\">[vc_row css=&#8220;.vc_custom_1557144410936{padding-bottom: 50px !important;}&#8220;][vc_column width=&#8220;2\/12&#8243;][\/vc_column][vc_column width=&#8220;8\/12&#8243;]<h4 class=\"calluna-heading calluna-heading-single-line text-align-center \" style=\"color: #2cbbe9;\"><span>ALLGEMEINE BEDINGUNGEN<\/span><\/h4>[vc_column_text css=&#8220;.vc_custom_1567618082374{padding-bottom: 80px !important;}&#8220;]Diese Website ist Eigentum des Hotel Orca Praia. Der Zugang zu und die Nutzung dieser Website unterliegt der Annahme ihrer Allgemeinen Gesch\u00e4ftsbedingungen. Wenn Sie diesen Nutzungsbedingungen nicht zustimmen, besuchen Sie diese Webseite bitte nicht.[\/vc_column_text]<h4 class=\"calluna-heading calluna-heading-single-line text-align-center \" style=\"color: #2cbbe9;\"><span>ALLGEMEINE GESCH\u00c4FTSBEDINGUNGEN<\/span><\/h4>[vc_column_text css=&#8220;.vc_custom_1567618107035{padding-bottom: 80px !important;}&#8220;]Die angegebenen Preise sind nur Startwerte pro Zimmer und Nacht in Euro und unterliegen der Verf\u00fcgbarkeit zum Zeitpunkt der Buchung. Preise k\u00f6nnen ohne Vorank\u00fcndigung variieren. Bestimmte Zeitr\u00e4ume k\u00f6nnen gesperrt sein und es gelten m\u00f6glicherweise Einschr\u00e4nkungen hinsichtlich des Ankunftsdatum und der Dauer der Reservierung. Angebote gelten nicht f\u00fcr Gruppen und k\u00f6nnen nicht mit anderen Angeboten oder Aktionen kombiniert werden. Die Tagess\u00e4tze enthalten die gesetzliche Mehrwertsteuer. Alle Preise verstehen sich in Euro.[\/vc_column_text]<h4 class=\"calluna-heading calluna-heading-single-line text-align-center \" style=\"color: #2cbbe9;\"><span>MAHLZEITEN<\/span><\/h4>[vc_column_text css=&#8220;.vc_custom_1567618127038{padding-bottom: 80px !important;}&#8220;]Die BB-Preise gelten f\u00fcr Buchungen mit Fr\u00fchst\u00fcck. HB beinhaltet Abendbuffet.[\/vc_column_text]<h4 class=\"calluna-heading calluna-heading-single-line text-align-center \" style=\"color: #2cbbe9;\"><span>STORNIERUNGSBEDINGUNGEN<\/span><\/h4>[vc_column_text css=&#8220;.vc_custom_1567618153213{padding-bottom: 80px !important;}&#8220;]Um zu vermeiden, dass die erste Nacht der Buchung als Garantie von der Kreditkarte abgebucht wird, m\u00fcssen alle Stornierungen innerhalb von 24 Stunden vor dem geplanten Ankunftsdatum vorgenommen werden, sofern im gew\u00e4hlten Preis nichts anderes angegeben ist.<\/p>\n<p>Bitte rufen Sie Tel .: (+351) 291707070 an oder senden Sie eine E-Mail an reserv@orcapraia.com, um Ihre Reservierung zu stornieren. Wenn Sie Ihre Buchung \u00fcber ein Reiseb\u00fcro vorgenommen haben, gelten f\u00fcr Sie die Stornierungsbedingungen, \u00fcber die wir zum Zeitpunkt der Buchung informiert werden sollten. Diese Stornierungsbedingungen gelten auch f\u00fcr bereits gehostete Kunden, die mindestens 24 Stunden im Voraus \u00fcber jede \u00c4nderung ihrer Reservierung informiert werden m\u00fcssen, um die Anwendung zuvor vereinbarter Stornierungsgeb\u00fchren zu vermeiden. Die Check-out-Zeiten m\u00fcssen eingehalten werden, um Strafgeb\u00fchren zu vermeiden. F\u00fcr bestimmte Angebote oder Werbeaktionen k\u00f6nnen besondere Stornierungsgeb\u00fchren anfallen.[\/vc_column_text]<h4 class=\"calluna-heading calluna-heading-single-line text-align-center \" style=\"color: #2cbbe9;\"><span>EINCHECKEN UND AUSCHECKEN<\/span><\/h4>[vc_column_text css=&#8220;.vc_custom_1747129439461{padding-bottom: 80px !important;}&#8220;]Eintr\u00e4ge sind ab 15.00 Uhr erlaubt. Wenn Sie fr\u00fcher einreisen m\u00f6chten, wenden Sie sich bitte an die Reservierung. Um eine fr\u00fchzeitige Einreise zu gew\u00e4hrleisten, empfehlen wir Ihnen, die Nacht vor Ihrer Ankunft zu buchen. Bitte geben Sie Ihre Reservierung bekannt, um sicherzustellen, dass das Zimmer bei Ihrer Ankunft bereit ist. Abreisen sind bis 11:00 Uhr m\u00f6glich, versp\u00e4tete Abreisen sind je nach Verf\u00fcgbarkeit m\u00f6glich und werden wie folgt berechnet: Bis 16:00 Uhr werden 50% des Tagespreises berechnet, ab 16:00 Uhr 100% des Tagespreises. Das Hotel verf\u00fcgt \u00fcber einen Gep\u00e4ckraum, in dem Sie Ihr Gep\u00e4ck aufbewahren k\u00f6nnen.[\/vc_column_text]<h4 class=\"calluna-heading calluna-heading-single-line text-align-center \" style=\"color: #2cbbe9;\"><span>HAUSTIERE<\/span><\/h4>[vc_column_text css=&#8220;.vc_custom_1768995560704{padding-bottom: 80px !important;}&#8220;]\n<p style=\"text-align: center;\">Haustiere sind erlaubt.<\/p>\n[\/vc_column_text][\/vc_column][vc_column width=&#8220;2\/12&#8243;][\/vc_column][\/vc_row]\n<\/section>","protected":false},"excerpt":{"rendered":"<p>[vc_row css=&#8220;.vc_custom_1557144410936{padding-bottom: 50px !important;}&#8220;][vc_column width=&#8220;2\/12&#8243;][\/vc_column][vc_column width=&#8220;8\/12&#8243;][vc_column_text css=&#8220;.vc_custom_1567618082374{padding-bottom: 80px !important;}&#8220;]Diese Website ist Eigentum des Hotel Orca Praia. Der Zugang zu und die Nutzung dieser Website unterliegt der Annahme ihrer Allgemeinen Gesch\u00e4ftsbedingungen. Wenn Sie diesen Nutzungsbedingungen nicht zustimmen, besuchen Sie diese Webseite bitte nicht.[\/vc_column_text][vc_column_text css=&#8220;.vc_custom_1567618107035{padding-bottom: 80px !important;}&#8220;]Die angegebenen Preise sind nur Startwerte pro Zimmer und Nacht in [&hellip;]<\/p>\n","protected":false},"author":1,"featured_media":0,"parent":0,"menu_order":0,"comment_status":"closed","ping_status":"closed","template":"","meta":[],"acf":[],"aioseo_notices":[],"_links":{"self":[{"href":"https:\/\/www.orcapraia.com\/de\/wp-json\/wp\/v2\/pages\/4143"}],"collection":[{"href":"https:\/\/www.orcapraia.com\/de\/wp-json\/wp\/v2\/pages"}],"about":[{"href":"https:\/\/www.orcapraia.com\/de\/wp-json\/wp\/v2\/types\/page"}],"author":[{"embeddable":true,"href":"https:\/\/www.orcapraia.com\/de\/wp-json\/wp\/v2\/users\/1"}],"replies":[{"embeddable":true,"href":"https:\/\/www.orcapraia.com\/de\/wp-json\/wp\/v2\/comments?post=4143"}],"version-history":[{"count":2,"href":"https:\/\/www.orcapraia.com\/de\/wp-json\/wp\/v2\/pages\/4143\/revisions"}],"predecessor-version":[{"id":5989,"href":"https:\/\/www.orcapraia.com\/de\/wp-json\/wp\/v2\/pages\/4143\/revisions\/5989"}],"wp:attachment":[{"href":"https:\/\/www.orcapraia.com\/de\/wp-json\/wp\/v2\/media?parent=4143"}],"curies":[{"name":"wp","href":"https:\/\/api.w.org\/{rel}","templated":true}]}}