{"id":4700,"date":"2020-10-16T16:44:29","date_gmt":"2020-10-16T16:44:29","guid":{"rendered":"https:\/\/www.orcapraia.com\/?page_id=4700"},"modified":"2022-01-31T19:06:44","modified_gmt":"2022-01-31T19:06:44","slug":"covid-19-sicherheitsverfahren","status":"publish","type":"page","link":"https:\/\/www.orcapraia.com\/de\/covid-19-sicherheitsverfahren\/","title":{"rendered":"Covid-19-Sicherheitsverfahren"},"content":{"rendered":"<section class=\"wpb-content-wrapper\">[vc_row][vc_column width=&#8220;2\/12&#8243;][\/vc_column][vc_column width=&#8220;8\/12&#8243;]<h2 class=\"calluna-heading calluna-heading-single-line text-align-center \" style=\"color: #00a7ec;\"><span>Covid-19-Sicherheitsverfahren<\/span><\/h2>[vc_column_text css=&#8220;.vc_custom_1643656001177{margin-top: 30px !important;}&#8220;]Lieber Gast,<\/p>\n<p>Aufgrund des aktuellen epidemiologischen Bildes des neuen Coronavirus &#8211; COVID 19 und gem\u00e4\u00df den Richtlinien des DGS informieren wir Sie \u00fcber die Bedingungen, damit Ihr Aufenthalt gem\u00e4\u00df unserem internen Protokoll sicher ist:<\/p>\n<ul>\n<li>Sie m\u00fcssen ein Kit covid19 mitbringen, das aus Handschuhen, Maske und Alkoholgel besteht. Wenn Sie es vorziehen, k\u00f6nnen Sie es an der Hotelrezeption zum Preis von 6 Euro kaufen In den \u00f6ffentlichen Bereichen des Hotels muss unbedingt eine Maske getragen werden.<\/li>\n<li>Desinfektionsgel-Handspender stehen zu Ihrer Verf\u00fcgung, waschen Sie sie richtig und h\u00e4ufig.<\/li>\n<li>Wenn Sie im Hotel ankommen, wird Ihre Temperatur vor dem Check-in oder Check-in gemessen.<\/li>\n<li>Beachten Sie den Sicherheitsabstand und verwenden Sie beim Ein- und Auschecken den f\u00fcr diesen Zweck erstellten Abscheider.<\/li>\n<li>Wir empfehlen, wann immer m\u00f6glich, online vorab einzuchecken.<\/li>\n<li>Um Zugang zu Ihrem Zimmer zu erhalten, k\u00f6nnen Sie die Treppe oder den Aufzug benutzen. Letzterer hat eine reduzierte Kapazit\u00e4t f\u00fcr 4 Personen. Wir empfehlen, dass Sie im Aufzug Ihre Zimmerkarte verwenden, um den Boden Ihres Zimmers zu aktivieren.<\/li>\n<li>Die im Hotel verf\u00fcgbaren Dienstleistungen sind:<\/li>\n<li>Unterkunft und Fr\u00fchst\u00fcck (derzeit in Schichten).Das Restaurant ist zum Fr\u00fchst\u00fcck und Abendessen zu folgenden Zeiten ge\u00f6ffnet: 7:30 \u2013 10:00 Uhr und 18:30 \u2013 21:30 Uhr. Unter Ber\u00fccksichtigung der sozialen Distanz empfehlen wir, einen Tisch zu reservieren.<\/li>\n<li>Der Zimmerservice ist zwischen 11 und 21 Uhr ge\u00f6ffnet.<\/li>\n<li>Bar und Esplanade von 11 bis 19 Uhr.<\/li>\n<li>das SPA, Pools und Fitnessstudio, mit sozialer Distanz.<\/li>\n<li>Jeder Kontakt mit dem Hotelpersonal sollte vorzugsweise und wann immer m\u00f6glich telefonisch in Ihrem Zimmer hergestellt werden. W\u00e4hlen Sie f\u00fcr die Rezeption die Nummer 99. Service rund um die Uhr verf\u00fcgbar.<\/li>\n<li>Ihr Zimmerschl\u00fcssel ist so programmiert, dass er bis zum Check-out-Datum funktioniert. Wenn Sie Ihren Aufenthalt verl\u00e4ngern oder verl\u00e4ngern m\u00f6chten, wenden Sie sich bitte telefonisch an unsere Rezeption. Sie erhalten einen neuen Schl\u00fcssel als Ersatz f\u00fcr den vorherigen, den Sie zur Desinfektion in Ihrer eigenen Box f\u00fcr den an der Rezeption verf\u00fcgbaren Zweck aufbewahren sollten.<\/li>\n<li>Als Vorsichtsma\u00dfnahme bitten wir Sie, Ihren Raum regelm\u00e4\u00dfig zu l\u00fcften, um die Ansammlung von D\u00e4mpfen zu vermeiden und die Luft im Raum zu erneuern.<\/li>\n<li>Die Reinigung Ihres Zimmers wird t\u00e4glich von unseren Mitarbeitern mit allen erforderlichen Schutzma\u00dfnahmen durchgef\u00fchrt. Falls Sie nicht reinigen m\u00f6chten, benachrichtigen Sie bitte die Rezeption oder unterschreiben Sie mit der Karte &#8222;Bitte nicht st\u00f6ren&#8220;.<\/li>\n<li>In \u00dcbereinstimmung mit den Sicherheitsregeln muss die Zahlung beim Check-in erfolgen, vorzugsweise mit einer Debit- oder Kreditkarte (MBway oder contacless), und die entsprechende Rechnung muss nach M\u00f6glichkeit per E-Mail gesendet werden.<\/li>\n<li>Der Shuttle-Service nach Funchal verkehrt im normalen Zeitraum mit einer Begrenzung der Anzahl von 8 Personen.<\/li>\n<\/ul>\n<p>In Anbetracht des V \/ Verst\u00e4ndnisses stehen wir Ihnen f\u00fcr jede Klarstellung oder Frage zur Verf\u00fcgung, die Sie in diesem Protokoll stellen m\u00f6chten oder nicht vorgesehen haben.<\/p>\n<p>Damit Sie in Zukunft alle unsere Dienstleistungen und alle unsere Mitarbeiter genie\u00dfen k\u00f6nnen, bedanken wir uns f\u00fcr Ihre Mitarbeit![\/vc_column_text][\/vc_column][vc_column width=&#8220;2\/12&#8243;][\/vc_column][\/vc_row][vc_row][vc_column][vc_single_image image=&#8220;4683&#8243; alignment=&#8220;center&#8220;][vc_custom_heading text=&#8220;Verwenden Sie den folgenden QR-Code, um auf die mobile Plattform zuzugreifen:&#8220; font_container=&#8220;tag:p|font_size:30px|text_align:center|color:%2300a7ec|line_height:1.2&#8243; google_fonts=&#8220;font_family:Raleway%3A100%2C200%2C300%2Cregular%2C500%2C600%2C700%2C800%2C900|font_style:400%20regular%3A400%3Anormal&#8220; css=&#8220;.vc_custom_1602866660468{padding-bottom: 50px !important;}&#8220;][vc_single_image image=&#8220;4690&#8243; img_size=&#8220;full&#8220; alignment=&#8220;center&#8220;][\/vc_column][\/vc_row]\n<\/section>","protected":false},"excerpt":{"rendered":"<p>[vc_row][vc_column width=&#8220;2\/12&#8243;][\/vc_column][vc_column width=&#8220;8\/12&#8243;][vc_column_text css=&#8220;.vc_custom_1643656001177{margin-top: 30px !important;}&#8220;]Lieber Gast, Aufgrund des aktuellen epidemiologischen Bildes des neuen Coronavirus &#8211; COVID 19 und gem\u00e4\u00df den Richtlinien des DGS informieren wir Sie \u00fcber die Bedingungen, damit Ihr Aufenthalt gem\u00e4\u00df unserem internen Protokoll sicher ist: Sie m\u00fcssen ein Kit covid19 mitbringen, das aus Handschuhen, Maske und Alkoholgel besteht. Wenn Sie es [&hellip;]<\/p>\n","protected":false},"author":1,"featured_media":0,"parent":0,"menu_order":0,"comment_status":"closed","ping_status":"closed","template":"","meta":[],"acf":[],"aioseo_notices":[],"_links":{"self":[{"href":"https:\/\/www.orcapraia.com\/de\/wp-json\/wp\/v2\/pages\/4700"}],"collection":[{"href":"https:\/\/www.orcapraia.com\/de\/wp-json\/wp\/v2\/pages"}],"about":[{"href":"https:\/\/www.orcapraia.com\/de\/wp-json\/wp\/v2\/types\/page"}],"author":[{"embeddable":true,"href":"https:\/\/www.orcapraia.com\/de\/wp-json\/wp\/v2\/users\/1"}],"replies":[{"embeddable":true,"href":"https:\/\/www.orcapraia.com\/de\/wp-json\/wp\/v2\/comments?post=4700"}],"version-history":[{"count":0,"href":"https:\/\/www.orcapraia.com\/de\/wp-json\/wp\/v2\/pages\/4700\/revisions"}],"wp:attachment":[{"href":"https:\/\/www.orcapraia.com\/de\/wp-json\/wp\/v2\/media?parent=4700"}],"curies":[{"name":"wp","href":"https:\/\/api.w.org\/{rel}","templated":true}]}}