{"id":5730,"date":"2015-09-06T16:09:43","date_gmt":"2015-09-06T16:09:43","guid":{"rendered":"https:\/\/www.orcapraia.com\/copy-of-spa\/"},"modified":"2025-03-21T12:21:13","modified_gmt":"2025-03-21T12:21:13","slug":"whistleblowing-kanal","status":"publish","type":"page","link":"https:\/\/www.orcapraia.com\/de\/whistleblowing-kanal\/","title":{"rendered":"Whistleblowing-Kanal"},"content":{"rendered":"<section class=\"wpb-content-wrapper\">[vc_row css=&#8220;.vc_custom_1557144410936{padding-bottom: 50px !important;}&#8220;][vc_column width=&#8220;1\/6&#8243;][\/vc_column][vc_column width=&#8220;2\/3&#8243;]<h3 class=\"calluna-heading calluna-heading-single-line text-align-center \" style=\"color: #2cbbe9;margin-top: 80px;\"><span>PR\u00c4VENTION VON RISIKEN UND DAMIT VERBUNDENEN STRAFTATEN<\/span><\/h3>[vc_column_text css=&#8220;.vc_custom_1742559246110{padding-bottom: 40px !important;}&#8220;]\n<p style=\"text-align: center;\"><b><span data-contrast=\"auto\">Integrit\u00e4t und Transparenz im Hotel Orca Praia, S.A.<\/span><\/b><span data-ccp-props=\"{&quot;335551550&quot;:2,&quot;335551620&quot;:2}\">\u00a0<\/span><\/p>\n[\/vc_column_text][\/vc_column][vc_column width=&#8220;1\/6&#8243;][\/vc_column][\/vc_row][vc_row css=&#8220;.vc_custom_1557144410936{padding-bottom: 50px !important;}&#8220;][vc_column width=&#8220;1\/4&#8243;][\/vc_column][vc_column width=&#8220;1\/2&#8243;][vc_column_text css=&#8220;.vc_custom_1742559280927{padding-bottom: 40px !important;}&#8220;]<span data-contrast=\"auto\">Im Hotel Orca Praia, S.A. legen wir Wert auf Integrit\u00e4t und Transparenz bei all unseren Aktivit\u00e4ten. Um sicherzustellen, dass wir die h\u00f6chsten ethischen Standards einhalten, haben wir drei grundlegende S\u00e4ulen eingef\u00fchrt: den <\/span><b><span data-contrast=\"auto\">Whistleblowing-Kanal<\/span><\/b><span data-contrast=\"auto\">, den <\/span><b><span data-contrast=\"auto\">Verhaltenskodex zur Korruptionsbek\u00e4mpfung<\/span><\/b><span data-contrast=\"auto\"> und den <\/span><b><span data-contrast=\"auto\">Plan zur Vorbeugung von Korruptionsrisiken und damit verbundenen Verst\u00f6\u00dfen<\/span><\/b><span data-contrast=\"auto\">. Diese Elemente sind f\u00fcr die F\u00f6rderung eines ethischen und sicheren Arbeitsumfelds unerl\u00e4sslich.<\/span><span data-ccp-props=\"{}\">\u00a0<\/span><\/p>\n<p><b><span data-contrast=\"auto\">Whistleblowing-Kanal<\/span><\/b><span data-ccp-props=\"{}\"><br \/>\n<\/span><span data-contrast=\"auto\">Wir verf\u00fcgen \u00fcber einen Whistleblowing-Kanal, der es Mitarbeitern und Partnern erm\u00f6glicht, jeden Verdacht auf illegale Praktiken, wie z. B. Korruption, anonym zu melden. Dieser Kanal ist ein wichtiges Instrument, um Unregelm\u00e4\u00dfigkeiten aufzudecken und zu beheben und unser Engagement f\u00fcr Ethik und Transparenz zu verst\u00e4rken.<\/span><span data-ccp-props=\"{}\">\u00a0<\/span><\/p>\n<p><b><span data-contrast=\"auto\">Verhaltenskodex<\/span><\/b><span data-ccp-props=\"{}\"><br \/>\n<\/span><span data-contrast=\"auto\">Dies ist ein umfassender Leitfaden, der die Grunds\u00e4tze und Verhaltensweisen festlegt, die von allen Mitgliedern der Organisation erwartet werden. Er befasst sich mit Themen wie Integrit\u00e4t, Respekt und Verantwortung und dient als Referenz f\u00fcr ethische Entscheidungen bei der t\u00e4glichen Arbeit. Mit diesem Kodex stellen wir sicher, dass sich alle an den Werten des Unternehmens orientieren und eine starke und ethische Organisationskultur f\u00f6rdern.<\/span><span data-ccp-props=\"{}\">\u00a0<\/span><\/p>\n<p><b><span data-contrast=\"auto\">Plan zur Vermeidung von Korruptionsrisiken<\/span><\/b><span data-ccp-props=\"{}\"><br \/>\n<\/span><span data-contrast=\"auto\">Wir haben einen Plan zur Verhinderung von Korruptionsrisiken eingef\u00fchrt, der aus strengen Richtlinien und Verfahren besteht, um die Risiken korrupter Praktiken zu erkennen, zu bewerten und zu mindern. Dieser Plan umfasst Pr\u00fcfungen und interne Kontrollen, die unser Unternehmen vor Betrug sch\u00fctzen und die Einhaltung der Anti-Korruptionsgesetze gew\u00e4hrleisten. Auf diese Weise f\u00f6rdern wir ein sicheres und vertrauensw\u00fcrdiges Unternehmensumfeld.<\/span><span data-ccp-props=\"{}\">\u00a0<\/span><\/p>\n<p><span data-contrast=\"auto\">Diese Initiativen zeigen unser unerm\u00fcdliches Engagement f\u00fcr Ethik und Integrit\u00e4t und schaffen eine solide Grundlage f\u00fcr das Vertrauen unserer Mitarbeiter, Kunden und Partner.<\/span><span data-ccp-props=\"{}\">\u00a0<\/span>[\/vc_column_text][\/vc_column][vc_column width=&#8220;1\/4&#8243;][\/vc_column][\/vc_row][vc_row full_width=&#8220;stretch_row_content_no_spaces&#8220; equal_height=&#8220;yes&#8220; content_placement=&#8220;middle&#8220; equal_height_columns=&#8220;no&#8220; ts_row_screen_height=&#8220;false&#8220; ts_row_screen_offset=&#8220;0&#8243; ts_row_min_height=&#8220;100&#8243; ts_row_break_parents=&#8220;0&#8243; ts_row_zindex=&#8220;0&#8243; ts_row_bg_source=&#8220;full&#8220; ts_row_bg_position=&#8220;center&#8220; ts_row_bg_size_standard=&#8220;cover&#8220; ts_row_bg_size_parallax=&#8220;cover&#8220; ts_row_bg_repeat=&#8220;no-repeat&#8220; ts_row_parallax_type=&#8220;up&#8220; ts_row_bg_alignment_v=&#8220;center&#8220; ts_row_bg_alignment_h=&#8220;center&#8220; ts_row_parallax_speed=&#8220;20&#8243; ts_row_automove_speed=&#8220;75&#8243; ts_row_automove_scroll=&#8220;true&#8220; ts_row_automove_align=&#8220;horizontal&#8220; ts_row_automove_path_h=&#8220;leftright&#8220; ts_row_automove_path_v=&#8220;topbottom&#8220; ts_row_movement_x_allow=&#8220;true&#8220; ts_row_movement_x_ratio=&#8220;10&#8243; ts_row_movement_y_allow=&#8220;true&#8220; ts_row_movement_y_ratio=&#8220;10&#8243; ts_row_movement_content=&#8220;true&#8220; padding_top=&#8220;30&#8243; padding_bottom=&#8220;30&#8243; margin_left=&#8220;0&#8243; margin_right=&#8220;0&#8243; single_color=&#8220;#ffffff&#8220; gradient_angle=&#8220;0&#8243; gradient_color_start=&#8220;#cccccc&#8220; gradient_start_offset=&#8220;0&#8243; gradient_color_end=&#8220;#cccccc&#8220; gradient_end_offset=&#8220;100&#8243; video_mute=&#8220;true&#8220; video_loop=&#8220;false&#8220; video_remove=&#8220;false&#8220; video_start=&#8220;false&#8220; video_stop=&#8220;true&#8220; video_controls=&#8220;true&#8220; video_raster=&#8220;false&#8220; svg_top_on=&#8220;false&#8220; svg_top_style=&#8220;1&#8243; svg_top_height=&#8220;100&#8243; svg_top_flip=&#8220;false&#8220; svg_top_position=&#8220;0&#8243; svg_top_color1=&#8220;#ffffff&#8220; svg_top_color2=&#8220;#ededed&#8220; svg_bottom_on=&#8220;false&#8220; svg_bottom_style=&#8220;1&#8243; svg_bottom_height=&#8220;100&#8243; svg_bottom_flip=&#8220;false&#8220; svg_bottom_position=&#8220;0&#8243; svg_bottom_color1=&#8220;#ffffff&#8220; svg_bottom_color2=&#8220;#ededed&#8220; ts_row_raster_use=&#8220;false&#8220; ts_row_raster_type=&#8220;transparent&#8220; ts_row_overlay_use=&#8220;false&#8220; ts_row_overlay_color=&#8220;rgba(30,115,190,0.25)&#8220; animation_scroll=&#8220;false&#8220; animation_speed=&#8220;2000&#8243; show_large=&#8220;true&#8220; show_medium=&#8220;true&#8220; show_small=&#8220;true&#8220; show_extra=&#8220;true&#8220; show_remove=&#8220;true&#8220; css=&#8220;.vc_custom_1740659891118{margin-bottom: 50px !important;}&#8220;][vc_column css=&#8220;.vc_custom_1740669091557{background: #ffffff url(https:\/\/www.orcapraia.com\/wp-content\/uploads\/2025\/02\/shake_hand_4.jpg?id=5787) !important;background-position: center !important;background-repeat: no-repeat !important;background-size: cover !important;}&#8220; offset=&#8220;vc_col-lg-8 vc_col-xs-12&#8243;][vc_empty_space height=&#8220;600px&#8220;][\/vc_column][vc_column style=&#8220;column-style-1&#8243; css=&#8220;.vc_custom_1740672597010{padding-right: 24% !important;padding-left: 8% !important;background-image: url(https:\/\/www.orcapraia.com\/wp-content\/uploads\/2019\/04\/marcadagua_Orca_Praia.png?id=2258) !important;background-position: center !important;background-repeat: no-repeat !important;background-size: cover !important;}&#8220; animation_scroll=&#8220;false&#8220; animation_speed=&#8220;2000&#8243; offset=&#8220;vc_col-lg-4 vc_col-xs-12&#8243;][vc_column_text css_animation=&#8220;top-to-bottom&#8220; css=&#8220;.vc_custom_1742559326930{padding-bottom: 35px !important;}&#8220;]\n<h2 style=\"color: #967a50;\">VERHALTENSKODEX UND ETHIK<\/h2>\n[\/vc_column_text][vc_btn title=&#8220;Mehr Informationen&#8220; shape=&#8220;square&#8220; color=&#8220;white&#8220; align=&#8220;left&#8220; link=&#8220;url:https%3A%2F%2Fwww.orcapraia.com%2Fwp-content%2Fuploads%2F2025%2F03%2FCodigo-de-Conduta-Hotel-Orca-Praia-13.02.2025-DE.pdf|target:_blank&#8220;][\/vc_column][\/vc_row][vc_row full_width=&#8220;stretch_row_content_no_spaces&#8220; equal_height=&#8220;yes&#8220; content_placement=&#8220;middle&#8220; equal_height_columns=&#8220;no&#8220; ts_row_screen_height=&#8220;false&#8220; ts_row_screen_offset=&#8220;0&#8243; ts_row_min_height=&#8220;100&#8243; ts_row_break_parents=&#8220;0&#8243; ts_row_zindex=&#8220;0&#8243; ts_row_bg_source=&#8220;full&#8220; ts_row_bg_position=&#8220;center&#8220; ts_row_bg_size_standard=&#8220;cover&#8220; ts_row_bg_size_parallax=&#8220;cover&#8220; ts_row_bg_repeat=&#8220;no-repeat&#8220; ts_row_parallax_type=&#8220;up&#8220; ts_row_bg_alignment_v=&#8220;center&#8220; ts_row_bg_alignment_h=&#8220;center&#8220; ts_row_parallax_speed=&#8220;20&#8243; ts_row_automove_speed=&#8220;75&#8243; ts_row_automove_scroll=&#8220;true&#8220; ts_row_automove_align=&#8220;horizontal&#8220; ts_row_automove_path_h=&#8220;leftright&#8220; ts_row_automove_path_v=&#8220;topbottom&#8220; ts_row_movement_x_allow=&#8220;true&#8220; ts_row_movement_x_ratio=&#8220;10&#8243; ts_row_movement_y_allow=&#8220;true&#8220; ts_row_movement_y_ratio=&#8220;10&#8243; ts_row_movement_content=&#8220;true&#8220; padding_top=&#8220;30&#8243; padding_bottom=&#8220;30&#8243; margin_left=&#8220;0&#8243; margin_right=&#8220;0&#8243; single_color=&#8220;#ffffff&#8220; gradient_angle=&#8220;0&#8243; gradient_color_start=&#8220;#cccccc&#8220; gradient_start_offset=&#8220;0&#8243; gradient_color_end=&#8220;#cccccc&#8220; gradient_end_offset=&#8220;100&#8243; video_mute=&#8220;true&#8220; video_loop=&#8220;false&#8220; video_remove=&#8220;false&#8220; video_start=&#8220;false&#8220; video_stop=&#8220;true&#8220; video_controls=&#8220;true&#8220; video_raster=&#8220;false&#8220; svg_top_on=&#8220;false&#8220; svg_top_style=&#8220;1&#8243; svg_top_height=&#8220;100&#8243; svg_top_flip=&#8220;false&#8220; svg_top_position=&#8220;0&#8243; svg_top_color1=&#8220;#ffffff&#8220; svg_top_color2=&#8220;#ededed&#8220; svg_bottom_on=&#8220;false&#8220; svg_bottom_style=&#8220;1&#8243; svg_bottom_height=&#8220;100&#8243; svg_bottom_flip=&#8220;false&#8220; svg_bottom_position=&#8220;0&#8243; svg_bottom_color1=&#8220;#ffffff&#8220; svg_bottom_color2=&#8220;#ededed&#8220; ts_row_raster_use=&#8220;false&#8220; ts_row_raster_type=&#8220;transparent&#8220; ts_row_overlay_use=&#8220;false&#8220; ts_row_overlay_color=&#8220;rgba(30,115,190,0.25)&#8220; animation_scroll=&#8220;false&#8220; animation_speed=&#8220;2000&#8243; show_large=&#8220;true&#8220; show_medium=&#8220;true&#8220; show_small=&#8220;true&#8220; show_extra=&#8220;true&#8220; show_remove=&#8220;true&#8220; css=&#8220;.vc_custom_1740741481216{margin-bottom: 50px !important;}&#8220;][vc_column style=&#8220;column-style-1&#8243; css=&#8220;.vc_custom_1740672586631{padding-right: 24% !important;padding-left: 8% !important;background-image: url(https:\/\/www.orcapraia.com\/wp-content\/uploads\/2019\/04\/marcadagua_Orca_Praia.png?id=2258) !important;background-position: center !important;background-repeat: no-repeat !important;background-size: cover !important;}&#8220; offset=&#8220;vc_col-lg-4 vc_col-xs-12&#8243;][vc_column_text css_animation=&#8220;top-to-bottom&#8220; css=&#8220;.vc_custom_1742559432139{padding-bottom: 35px !important;}&#8220;]\n<h2>PLAN ZUR PR\u00c4VENTION VON RISIKEN UND VERBINDLICHEN VERBRECHEN<\/h2>\n[\/vc_column_text][vc_btn title=&#8220;Mehr Informationen&#8220; style=&#8220;flat&#8220; shape=&#8220;square&#8220; color=&#8220;white&#8220; align=&#8220;left&#8220; link=&#8220;url:https%3A%2F%2Fwww.orcapraia.com%2Fwp-content%2Fuploads%2F2025%2F03%2FPlano-de-Prevencao-de-Riscos-da-Corrupcao-e-Infracoes-Conexas-13.02.2025-DE.pdf|target:_blank&#8220;][\/vc_column][vc_column style=&#8220;column-style-1&#8243; css=&#8220;.vc_custom_1740672537810{margin-top: 0px !important;margin-right: 0px !important;margin-bottom: 0px !important;margin-left: 0px !important;border-top-width: 0px !important;border-right-width: 0px !important;border-bottom-width: 0px !important;border-left-width: 0px !important;padding-top: 0px !important;padding-right: 0px !important;padding-bottom: 0px !important;padding-left: 0px !important;background-image: url(https:\/\/www.orcapraia.com\/wp-content\/uploads\/2025\/02\/fiscalizacao_6.jpg?id=5827) !important;}&#8220; animation_scroll=&#8220;false&#8220; animation_speed=&#8220;2000&#8243; offset=&#8220;vc_col-lg-8 vc_col-xs-12&#8243;][vc_empty_space height=&#8220;600px&#8220;][\/vc_column][\/vc_row][vc_row][vc_column]<h3 class=\"calluna-heading calluna-heading-single-line text-align-center \" style=\"color: #2cbbe9;margin-top: 80px;\"><span>Formblatt<\/span><\/h3>[vc_column_text css=&#8220;.vc_custom_1742559515199{padding-bottom: 40px !important;}&#8220;]\n<p style=\"text-align: center;\">Mit * gekennzeichnete Felder sind Pflichtfelder<\/p>\n[\/vc_column_text][\/vc_column][\/vc_row][vc_row css=&#8220;.vc_custom_1740681713362{margin-bottom: 100px !important;}&#8220;][vc_column width=&#8220;1\/6&#8243;][\/vc_column][vc_column width=&#8220;2\/3&#8243;]\n<div class=\"wpcf7 no-js\" id=\"wpcf7-f5940-o1\" lang=\"en-US\" dir=\"ltr\">\n<div class=\"screen-reader-response\"><p role=\"status\" aria-live=\"polite\" aria-atomic=\"true\"><\/p> <ul><\/ul><\/div>\n<form action=\"\/de\/wp-json\/wp\/v2\/pages\/5730#wpcf7-f5940-o1\" method=\"post\" class=\"wpcf7-form init\" aria-label=\"Contact form\" novalidate=\"novalidate\" data-status=\"init\">\n<div style=\"display: none;\">\n<input type=\"hidden\" name=\"_wpcf7\" value=\"5940\" \/>\n<input type=\"hidden\" name=\"_wpcf7_version\" value=\"5.7.5.1\" \/>\n<input type=\"hidden\" name=\"_wpcf7_locale\" value=\"en_US\" \/>\n<input type=\"hidden\" name=\"_wpcf7_unit_tag\" value=\"wpcf7-f5940-o1\" \/>\n<input type=\"hidden\" name=\"_wpcf7_container_post\" value=\"0\" \/>\n<input type=\"hidden\" name=\"_wpcf7_posted_data_hash\" value=\"\" \/>\n<input type=\"hidden\" name=\"_wpcf7_recaptcha_response\" value=\"\" \/>\n<\/div>\n<div class=\"row\">\n  <div class=\"col-sm-6\">\n    <div class=\"form-group firstName\"><label class=\"\">Name <span class=\"required\">*<\/span><\/label><input class=\"wpcf7-form-control wpcf7-text wpcf7-validates-as-required form-control\" name=\"firstName\" type=\"text\" value=\"\" aria-invalid=\"false\" aria-required=\"true\" required><\/div>\n  <\/div>\n  <div class=\"col-sm-6\">\n    <div class=\"form-group lastname\"><label class=\"\">Vorname <span class=\"required\">*<\/span><\/label><input class=\"wpcf7-form-control wpcf7-text wpcf7-validates-as-required form-control\" name=\"lastname\" type=\"text\" value=\"\" aria-invalid=\"false\" aria-required=\"true\" required><\/div>\n  <\/div>\n<\/div>\n\n<div class=\"row\">\n  <div class=\"col-sm-12\">\n<div class=\"form-group email\"><label class=\"\">E-Mail <span class=\"required\">*<\/span><\/label><input class=\"wpcf7-form-control wpcf7-text wpcf7-email wpcf7-validates-as-required wpcf7-validates-as-email form-control\" name=\"email\" type=\"email\" value=\"\" aria-invalid=\"false\" aria-required=\"true\" required><\/div> \n  <\/div>\n<\/div>\n\n<div class=\"row\">\n  <div class=\"col-sm-12\">\n<div class=\"form-group tel-281\"><label class=\"\">Telefon <span class=\"required\">*<\/span><\/label><input class=\"wpcf7-form-control wpcf7-text wpcf7-tel wpcf7-validates-as-required wpcf7-validates-as-tel form-control\" name=\"tel-281\" type=\"tel\" value=\"\" aria-invalid=\"false\" aria-required=\"true\" required><\/div>\n  <\/div>\n<\/div>\n\n\n<div class=\"row\">\n  <div class=\"col-sm-12\">\n<div class=\"form-group Descricao\"><label class=\"\">Beschreibung der Zuwiderhandlung <span class=\"required\">*<\/span><\/label><textarea class=\"wpcf7-form-control wpcf7-textarea wpcf7-validates-as-required form-control\" name=\"Descricao\" rows=\"4\" aria-invalid=\"false\" aria-required=\"true\" required><\/textarea><\/div>\n  <\/div>\n<\/div>\n<br>\n\n<div class=\"row\">\n  <div class=\"col-sm-12\">\n<div class=\"form-group wpcf7-form-control wpcf7-acceptance acceptance-991\"><div class=\"checkbox wpcf7-form-control wpcf7-acceptance acceptance-991\"><label ><input name=\"acceptance-991\" type=\"checkbox\" value=\"1\" aria-invalid=\"false\">Hiermit genehmige ich in freier und informierter Weise die Verwendung meiner personenbezogenen Daten durch diese Einrichtung zur Verarbeitung der angegebenen Daten f\u00fcr die Zwecke des \u201eWhistleblowing Channel\u201c.<\/label><\/div><\/div>\n  <\/div>\n<\/div>\n\n\n<div class=\"row\">\n  <div class=\"col-sm-6\">\n    <div class=\"btn-primary-container\">\n     <div class=\"form-group\"><div><input class=\"wpcf7-form-control wpcf7-submit btn btn-primary style-1\" type=\"submit\" value=\"Bericht einreichen\"><\/div><\/div>\n    <\/div>\n  <\/div>\n<\/div><div class=\"wpcf7-response-output alert alert-warning\"><\/div>\n<\/form>\n<\/div>\n[\/vc_column][vc_column width=&#8220;1\/6&#8243;][\/vc_column][\/vc_row]\n<\/section>","protected":false},"excerpt":{"rendered":"<p>[vc_row css=&#8220;.vc_custom_1557144410936{padding-bottom: 50px !important;}&#8220;][vc_column width=&#8220;1\/6&#8243;][\/vc_column][vc_column width=&#8220;2\/3&#8243;][vc_column_text css=&#8220;.vc_custom_1742559246110{padding-bottom: 40px !important;}&#8220;] Integrit\u00e4t und Transparenz im Hotel Orca Praia, S.A.\u00a0 [\/vc_column_text][\/vc_column][vc_column width=&#8220;1\/6&#8243;][\/vc_column][\/vc_row][vc_row css=&#8220;.vc_custom_1557144410936{padding-bottom: 50px !important;}&#8220;][vc_column width=&#8220;1\/4&#8243;][\/vc_column][vc_column width=&#8220;1\/2&#8243;][vc_column_text css=&#8220;.vc_custom_1742559280927{padding-bottom: 40px !important;}&#8220;]Im Hotel Orca Praia, S.A. legen wir Wert auf Integrit\u00e4t und Transparenz bei all unseren Aktivit\u00e4ten. Um sicherzustellen, dass wir die h\u00f6chsten ethischen Standards einhalten, haben wir drei grundlegende [&hellip;]<\/p>\n","protected":false},"author":1,"featured_media":0,"parent":0,"menu_order":0,"comment_status":"closed","ping_status":"closed","template":"","meta":[],"acf":[],"aioseo_notices":[],"_links":{"self":[{"href":"https:\/\/www.orcapraia.com\/de\/wp-json\/wp\/v2\/pages\/5730"}],"collection":[{"href":"https:\/\/www.orcapraia.com\/de\/wp-json\/wp\/v2\/pages"}],"about":[{"href":"https:\/\/www.orcapraia.com\/de\/wp-json\/wp\/v2\/types\/page"}],"author":[{"embeddable":true,"href":"https:\/\/www.orcapraia.com\/de\/wp-json\/wp\/v2\/users\/1"}],"replies":[{"embeddable":true,"href":"https:\/\/www.orcapraia.com\/de\/wp-json\/wp\/v2\/comments?post=5730"}],"version-history":[{"count":4,"href":"https:\/\/www.orcapraia.com\/de\/wp-json\/wp\/v2\/pages\/5730\/revisions"}],"predecessor-version":[{"id":5941,"href":"https:\/\/www.orcapraia.com\/de\/wp-json\/wp\/v2\/pages\/5730\/revisions\/5941"}],"wp:attachment":[{"href":"https:\/\/www.orcapraia.com\/de\/wp-json\/wp\/v2\/media?parent=5730"}],"curies":[{"name":"wp","href":"https:\/\/api.w.org\/{rel}","templated":true}]}}