{"id":4151,"date":"2019-07-18T09:43:26","date_gmt":"2019-07-18T09:43:26","guid":{"rendered":"https:\/\/www.orcapraia.com\/o-hotel\/"},"modified":"2023-06-30T11:50:06","modified_gmt":"2023-06-30T11:50:06","slug":"lhotel","status":"publish","type":"page","link":"https:\/\/www.orcapraia.com\/fr\/lhotel\/","title":{"rendered":"L\u2019H\u00f4tel"},"content":{"rendered":"<section class=\"wpb-content-wrapper\">[vc_row css=\u00a0\u00bb.vc_custom_1557144410936{padding-bottom: 50px !important;}\u00a0\u00bb][vc_column width=\u00a0\u00bb2\/12&Prime;][\/vc_column][vc_column width=\u00a0\u00bb8\/12&Prime;]<h2 class=\"calluna-heading calluna-heading-single-line text-align-center \" style=\"color: #2cbbe9;margin-top: 80px;\"><span>H\u00f4tel et Nature<\/span><\/h2>[vc_column_text css=\u00a0\u00bb.vc_custom_1565083097587{padding-bottom: 80px !important;}\u00a0\u00bb]<span style=\"font-weight: 400;\">H\u00f4tel moderne, construit le long d\u2019une falaise, avec une vue totale et imprenable sur la mer, offrant des momentes de plaisir et d\u00e9tente, avec un acc\u00e8s direct \u00e0 la seule plage de sable d\u2019origine volcanique de Funchal.<\/span><\/p>\n<p><span style=\"font-weight: 400;\">L\u2019h\u00f4tel dispose d\u2019un total de <strong>124 chambres: 86<\/strong> chambres doubles (28m2), <strong>35<\/strong> Junior Suites (37m2) et <strong>3<\/strong> Suites Familiales (52m2)<\/span>.[\/vc_column_text][\/vc_column][vc_column width=\u00a0\u00bb2\/12&Prime;][\/vc_column][\/vc_row][vc_row full_width=\u00a0\u00bbstretch_row_content_no_spaces\u00a0\u00bb css=\u00a0\u00bb.vc_custom_1563810593050{margin-top: 0px !important;margin-right: 0px !important;margin-bottom: 0px !important;margin-left: 0px !important;}\u00a0\u00bb][vc_column el_class=\u00a0\u00bbpanorama-360&Prime;]<h2 class=\"calluna-heading calluna-heading-single-line text-align-center \" style=\"color: #ffffff;margin-bottom: -200px;margin-top: 80px;\"><span>Panorama 360<\/span><\/h2><div id=\"panorama-0\" class=\" \"><\/div>\n\t\t\t\t\t<style>\n\t\t\t\t\t\thtml, body {\n\t\t\t\t\t\t\tmargin: 0;\n\t\t\t\t\t\t\twidth: 100%;\n\t\t\t\t\t\t\theight: 100%;\n\t\t\t\t\t\t}\n\t\t\t\t\t\t#panorama-0 {\n\t\t\t\t\t\t  width: 100%;\n\t\t\t\t\t\t  height: 700px;\n\t\t\t\t\t\t  background: ;\n\t\t\t\t\t\t}\n\t\t\t\t\t<\/style>\n\t\t\t\t\t<script type=\"text\/javascript\">\n\t\t\t\t\t\t\t  \n                          jQuery(document).ready(function(){\n\n\t\t\t\t\t\t\t\/\/ Loader\n\t\t\t\t\t\t\tvar loader = document.createElement('div');\n\t\t\t\t\t\t\tloader.className = 'loader';\n\n\t\t\t\t\t\t\t\/\/ Panorama display\n\t\t\t\t\t\t\tvar div = document.getElementById('panorama-0');\n\n\t\t\t\t\t\t\tPSV = new PhotoSphereViewer({\n\t\t\t\t\t\t\t\tpanorama: 'https:\/\/www.orcapraia.com\/wp-content\/uploads\/2023\/06\/foto_360_14-scaled.jpg',\n\t\t\t\t\t\t\t\tcontainer: div,\n\t\t\t\t\t\t\t\ttime_anim: 5000,\n\t\t\t\t\t\t\t\tnavbar: true,\n\t\t\t\t\t\t\t\tloading_msg: '',\n\t\t\t\t\t\t\t\tgyroscope: true,\n\t\t\t\t\t\t\t\tallow_scroll_to_zoom: false,\n\t\t\t\t\t\t\t\tusexmpdata: false,\n\t\t\t\t\t\t\t\tallow_user_interactions: true,\n\t\t\t\t\t\t\t\tsmooth_user_moves: false\n\t\t\t\t\t\t\t});\n\t\t\t\t\t\t\t}) \/\/ document.ready\n\n\n\n\t\t\t\t\t<\/script>[\/vc_column][\/vc_row][vc_row full_width=\u00a0\u00bbstretch_row_content_no_spaces\u00a0\u00bb css=\u00a0\u00bb.vc_custom_1563809885592{margin-top: 0px !important;margin-right: 0px !important;margin-bottom: 0px !important;margin-left: 0px !important;}\u00a0\u00bb][vc_column]\t\t\t<div class=\"calluna-room-carousel\">\n\t\t\t<div class=\"room2-carousel owl-carousel owl-theme\" data-items=\"3\">\n\n            \t\t\t\t<div class=\"room-item\">\n                    \n                    <a href=\"https:\/\/www.orcapraia.com\/fr\/room\/double-deluxe-ocean-view\/\" title=\"Double Deluxe Ocean View\" class=\"room-pic\">\n                        <img src=\"https:\/\/www.orcapraia.com\/wp-content\/uploads\/2015\/08\/7-1-420x510.jpg\" alt=\"room-image\" \/>\n                        <div class=\"room-content-wrapper\">\n                            <span class=\"overlay\"><\/span>\n                            <div class=\"room-title\">\n                                <h3>Double Deluxe Ocean View<\/h3>\n                            <\/div>\n                            <div class=\"room-excerpt\">\n                                <p>D\u00e9couvrez cette chambre fantastique et relaxante avec vue directe sur la mer, avec un grand balcon qui vous offre une vue magnifique sur l\u2019oc\u00e9an.<\/p>\n                            <\/div>\n                            <div class=\"room-price-wrapper\">\n                                <div class=\"room-price style-1\">\n                                                                        \t<span>Lire la suite<\/span>\n                                                                        \n                                    \n                                <\/div>\n                            <\/div>\n                        <\/div>\n                    <\/a>\n\n                    \n\t\t\t\t<\/div>\n\n\t\t\t\t\t\t\t<div class=\"room-item\">\n                    \n                    <a href=\"https:\/\/www.orcapraia.com\/fr\/room\/suite-deluxe-superior-ocean-view\/\" title=\"Suite Deluxe Superior Ocean View\" class=\"room-pic\">\n                        <img src=\"https:\/\/www.orcapraia.com\/wp-content\/uploads\/2015\/08\/suite_familiar_2500x1333_V2-420x510.jpg\" alt=\"room-image\" \/>\n                        <div class=\"room-content-wrapper\">\n                            <span class=\"overlay\"><\/span>\n                            <div class=\"room-title\">\n                                <h3>Suite Deluxe Superior Ocean View<\/h3>\n                            <\/div>\n                            <div class=\"room-excerpt\">\n                                <p>D\u00e9couvrez cette chambre fantastique et relaxante avec vue directe sur la mer, avec un grand balcon qui vous offre une vue magnifique sur l\u2019oc\u00e9an.<\/p>\n                            <\/div>\n                            <div class=\"room-price-wrapper\">\n                                <div class=\"room-price style-1\">\n                                                                        \t<span>Lire la suite<\/span>\n                                                                        \n                                    \n                                <\/div>\n                            <\/div>\n                        <\/div>\n                    <\/a>\n\n                    \n\t\t\t\t<\/div>\n\n\t\t\t\t\t\t\t<div class=\"room-item\">\n                    \n                    <a href=\"https:\/\/www.orcapraia.com\/fr\/room\/junior-suite-deluxe-ocean-view\/\" title=\"Junior Suite Deluxe Ocean View\" class=\"room-pic\">\n                        <img src=\"https:\/\/www.orcapraia.com\/wp-content\/uploads\/2015\/08\/7-1-1-420x510.jpg\" alt=\"room-image\" \/>\n                        <div class=\"room-content-wrapper\">\n                            <span class=\"overlay\"><\/span>\n                            <div class=\"room-title\">\n                                <h3>Junior Suite Deluxe Ocean View<\/h3>\n                            <\/div>\n                            <div class=\"room-excerpt\">\n                                <p>D\u00e9couvrez cette chambre fantastique et relaxante avec vue directe sur la mer, avec un grand balcon qui vous offre une vue magnifique sur l\u2019oc\u00e9an.<\/p>\n                            <\/div>\n                            <div class=\"room-price-wrapper\">\n                                <div class=\"room-price style-1\">\n                                                                        \t<span>Lire la suite<\/span>\n                                                                        \n                                    \n                                <\/div>\n                            <\/div>\n                        <\/div>\n                    <\/a>\n\n                    \n\t\t\t\t<\/div>\n\n\t\t\t\n\t\t\t<\/div>\n\n\t\t\t<\/div><div class=\"clearfix\"><\/div>\n\n\t\t    [\/vc_column][\/vc_row][vc_row full_width=\u00a0\u00bbstretch_row_content_no_spaces\u00a0\u00bb equal_height=\u00a0\u00bbyes\u00a0\u00bb content_placement=\u00a0\u00bbmiddle\u00a0\u00bb equal_height_columns=\u00a0\u00bbno\u00a0\u00bb ts_row_screen_height=\u00a0\u00bbfalse\u00a0\u00bb ts_row_screen_offset=\u00a0\u00bb0&Prime; ts_row_min_height=\u00a0\u00bb100&Prime; ts_row_break_parents=\u00a0\u00bb0&Prime; ts_row_zindex=\u00a0\u00bb0&Prime; ts_row_bg_source=\u00a0\u00bbfull\u00a0\u00bb ts_row_bg_position=\u00a0\u00bbcenter\u00a0\u00bb ts_row_bg_size_standard=\u00a0\u00bbcover\u00a0\u00bb ts_row_bg_size_parallax=\u00a0\u00bbcover\u00a0\u00bb ts_row_bg_repeat=\u00a0\u00bbno-repeat\u00a0\u00bb ts_row_parallax_type=\u00a0\u00bbup\u00a0\u00bb ts_row_bg_alignment_v=\u00a0\u00bbcenter\u00a0\u00bb ts_row_bg_alignment_h=\u00a0\u00bbcenter\u00a0\u00bb ts_row_parallax_speed=\u00a0\u00bb20&Prime; ts_row_automove_speed=\u00a0\u00bb75&Prime; ts_row_automove_scroll=\u00a0\u00bbtrue\u00a0\u00bb ts_row_automove_align=\u00a0\u00bbhorizontal\u00a0\u00bb ts_row_automove_path_h=\u00a0\u00bbleftright\u00a0\u00bb ts_row_automove_path_v=\u00a0\u00bbtopbottom\u00a0\u00bb ts_row_movement_x_allow=\u00a0\u00bbtrue\u00a0\u00bb ts_row_movement_x_ratio=\u00a0\u00bb10&Prime; ts_row_movement_y_allow=\u00a0\u00bbtrue\u00a0\u00bb ts_row_movement_y_ratio=\u00a0\u00bb10&Prime; ts_row_movement_content=\u00a0\u00bbtrue\u00a0\u00bb padding_top=\u00a0\u00bb30&Prime; padding_bottom=\u00a0\u00bb30&Prime; margin_left=\u00a0\u00bb0&Prime; margin_right=\u00a0\u00bb0&Prime; single_color=\u00a0\u00bb#ffffff\u00a0\u00bb gradient_angle=\u00a0\u00bb0&Prime; gradient_color_start=\u00a0\u00bb#cccccc\u00a0\u00bb gradient_start_offset=\u00a0\u00bb0&Prime; gradient_color_end=\u00a0\u00bb#cccccc\u00a0\u00bb gradient_end_offset=\u00a0\u00bb100&Prime; video_mute=\u00a0\u00bbtrue\u00a0\u00bb video_loop=\u00a0\u00bbfalse\u00a0\u00bb video_remove=\u00a0\u00bbfalse\u00a0\u00bb video_start=\u00a0\u00bbfalse\u00a0\u00bb video_stop=\u00a0\u00bbtrue\u00a0\u00bb video_controls=\u00a0\u00bbtrue\u00a0\u00bb video_raster=\u00a0\u00bbfalse\u00a0\u00bb svg_top_on=\u00a0\u00bbfalse\u00a0\u00bb svg_top_style=\u00a0\u00bb1&Prime; svg_top_height=\u00a0\u00bb100&Prime; svg_top_flip=\u00a0\u00bbfalse\u00a0\u00bb svg_top_position=\u00a0\u00bb0&Prime; svg_top_color1=\u00a0\u00bb#ffffff\u00a0\u00bb svg_top_color2=\u00a0\u00bb#ededed\u00a0\u00bb svg_bottom_on=\u00a0\u00bbfalse\u00a0\u00bb svg_bottom_style=\u00a0\u00bb1&Prime; svg_bottom_height=\u00a0\u00bb100&Prime; svg_bottom_flip=\u00a0\u00bbfalse\u00a0\u00bb svg_bottom_position=\u00a0\u00bb0&Prime; svg_bottom_color1=\u00a0\u00bb#ffffff\u00a0\u00bb svg_bottom_color2=\u00a0\u00bb#ededed\u00a0\u00bb ts_row_raster_use=\u00a0\u00bbfalse\u00a0\u00bb ts_row_raster_type=\u00a0\u00bbtransparent\u00a0\u00bb ts_row_overlay_use=\u00a0\u00bbfalse\u00a0\u00bb ts_row_overlay_color=\u00a0\u00bbrgba(30,115,190,0.25)\u00a0\u00bb animation_scroll=\u00a0\u00bbfalse\u00a0\u00bb animation_speed=\u00a0\u00bb2000&Prime; show_large=\u00a0\u00bbtrue\u00a0\u00bb show_medium=\u00a0\u00bbtrue\u00a0\u00bb show_small=\u00a0\u00bbtrue\u00a0\u00bb show_extra=\u00a0\u00bbtrue\u00a0\u00bb show_remove=\u00a0\u00bbtrue\u00a0\u00bb][vc_column css=\u00a0\u00bb.vc_custom_1563809710099{margin-top: 0px !important;margin-right: 0px !important;margin-bottom: 0px !important;margin-left: 0px !important;padding-top: 0px !important;padding-right: 0px !important;padding-bottom: 0px !important;padding-left: 0px !important;background-color: #ffffff !important;background-position: center !important;background-repeat: no-repeat !important;background-size: cover !important;}\u00a0\u00bb offset=\u00a0\u00bbvc_col-lg-8 vc_col-xs-12&Prime;][vc_images_carousel images=\u00a0\u00bb5381,5386,5396,5391,5356,5366,5361,5371,5376&Prime; img_size=\u00a0\u00bbfull\u00a0\u00bb onclick=\u00a0\u00bblink_no\u00a0\u00bb speed=\u00a0\u00bb2000&Prime; autoplay=\u00a0\u00bbyes\u00a0\u00bb hide_prev_next_buttons=\u00a0\u00bbyes\u00a0\u00bb wrap=\u00a0\u00bbyes\u00a0\u00bb css=\u00a0\u00bb.vc_custom_1688125803674{margin-top: 0px !important;margin-right: 0px !important;margin-bottom: 0px !important;margin-left: 0px !important;padding-top: 0px !important;padding-right: 0px !important;padding-bottom: 0px !important;padding-left: 0px !important;}\u00a0\u00bb][\/vc_column][vc_column style=\u00a0\u00bbcolumn-style-1&Prime; css=\u00a0\u00bb.vc_custom_1557143532249{padding-right: 24% !important;padding-left: 6% !important;background-image: url(https:\/\/www.orcapraia.com\/wp-content\/uploads\/2019\/04\/marcadagua_Orca_Praia.png?id=2258) !important;background-position: center !important;background-repeat: no-repeat !important;background-size: cover !important;}\u00a0\u00bb animation_scroll=\u00a0\u00bbfalse\u00a0\u00bb animation_speed=\u00a0\u00bb2000&Prime; offset=\u00a0\u00bbvc_col-lg-4 vc_col-xs-12&Prime;][vc_column_text css_animation=\u00a0\u00bbtop-to-bottom\u00a0\u00bb css=\u00a0\u00bb.vc_custom_1624438737618{padding-bottom: 35px !important;}\u00a0\u00bb]\n<h2 style=\"color: #967a50;\"><strong>R\u00e9ception<\/strong>:<\/h2>\n<p class=\"teaser\">&#8211; 24 heures de service<br \/>\n&#8211; Souvenirs, Journaux et Magasines<br \/>\n&#8211; garde pour enfants (avec demande)<br \/>\n&#8211; Navette gratuite pour Funchal<br \/>\n&#8211; Parking sous r\u00e9serve de disponibilit\u00e9<br \/>\n&#8211; Blanchisserie<br \/>\n&#8211; WiFi, LAN<\/p>\n[\/vc_column_text][\/vc_column][\/vc_row][vc_row][vc_column width=\u00a0\u00bb2\/12&Prime;][\/vc_column][vc_column width=\u00a0\u00bb8\/12&Prime;]<h2 class=\"calluna-heading calluna-heading-single-line text-align-center \" style=\"color: #2cbbe9;margin-top: 80px;\"><span>Restaurants et Bars<\/span><\/h2>[\/vc_column][vc_column width=\u00a0\u00bb2\/12&Prime;][\/vc_column][\/vc_row][vc_row][vc_column width=\u00a0\u00bb1\/3&Prime; offset=\u00a0\u00bbvc_col-lg-4 vc_col-md-12&Prime;][vc_single_image image=\u00a0\u00bb3866&Prime; img_size=\u00a0\u00bbfull\u00a0\u00bb alignment=\u00a0\u00bbcenter\u00a0\u00bb onclick=\u00a0\u00bbcustom_link\u00a0\u00bb css_animation=\u00a0\u00bbnone\u00a0\u00bb link=\u00a0\u00bbhttps:\/\/www.orcapraia.com\/bar\/\u00a0\u00bb][vc_column_text]\n<h4 style=\"text-align: center;\"><a href=\"https:\/\/www.orcapraia.com\/bar\/\"><span style=\"color: #2cbbe9;\">Restaurant Panoramico<\/span><\/a><\/h4>\n[\/vc_column_text][vc_empty_space height=\u00a0\u00bb40px\u00a0\u00bb][\/vc_column][vc_column width=\u00a0\u00bb1\/3&Prime; offset=\u00a0\u00bbvc_col-lg-4 vc_col-md-12&Prime;][vc_single_image image=\u00a0\u00bb3871&Prime; img_size=\u00a0\u00bbfull\u00a0\u00bb alignment=\u00a0\u00bbcenter\u00a0\u00bb onclick=\u00a0\u00bbcustom_link\u00a0\u00bb css_animation=\u00a0\u00bbnone\u00a0\u00bb link=\u00a0\u00bbhttps:\/\/www.orcapraia.com\/bar\/\u00a0\u00bb][vc_column_text]\n<h4 style=\"text-align: center;\"><a href=\"http:\/\/bar\"><span style=\"color: #2cbbe9;\">Cocktail Bar<\/span><\/a><\/h4>\n[\/vc_column_text][vc_empty_space height=\u00a0\u00bb40px\u00a0\u00bb][\/vc_column][vc_column width=\u00a0\u00bb1\/3&Prime; offset=\u00a0\u00bbvc_col-lg-4 vc_col-md-12&Prime;][vc_single_image image=\u00a0\u00bb3876&Prime; img_size=\u00a0\u00bbfull\u00a0\u00bb alignment=\u00a0\u00bbcenter\u00a0\u00bb onclick=\u00a0\u00bbcustom_link\u00a0\u00bb css_animation=\u00a0\u00bbnone\u00a0\u00bb link=\u00a0\u00bbhttps:\/\/www.orcapraia.com\/piscina\/\u00a0\u00bb][vc_column_text]\n<h4 style=\"text-align: center;\"><span style=\"color: #2cbbe9;\">Snack-bar \u00e0 la Piscine<\/span><\/h4>\n[\/vc_column_text][vc_empty_space height=\u00a0\u00bb40px\u00a0\u00bb][vc_empty_space height=\u00a0\u00bb40px\u00a0\u00bb][\/vc_column][\/vc_row][vc_row full_width=\u00a0\u00bbstretch_row_content_no_spaces\u00a0\u00bb css=\u00a0\u00bb.vc_custom_1563810593050{margin-top: 0px !important;margin-right: 0px !important;margin-bottom: 0px !important;margin-left: 0px !important;}\u00a0\u00bb][vc_column el_class=\u00a0\u00bbpanorama-360&Prime;]<h2 class=\"calluna-heading calluna-heading-single-line text-align-center \" style=\"color: #ffffff;margin-bottom: -200px;margin-top: 80px;\"><span>Panorama 360<\/span><\/h2><div id=\"panorama-1\" class=\" \"><\/div>\n\t\t\t\t\t<style>\n\t\t\t\t\t\thtml, body {\n\t\t\t\t\t\t\tmargin: 0;\n\t\t\t\t\t\t\twidth: 100%;\n\t\t\t\t\t\t\theight: 100%;\n\t\t\t\t\t\t}\n\t\t\t\t\t\t#panorama-1 {\n\t\t\t\t\t\t  width: 100%;\n\t\t\t\t\t\t  height: 700px;\n\t\t\t\t\t\t  background: ;\n\t\t\t\t\t\t}\n\t\t\t\t\t<\/style>\n\t\t\t\t\t<script type=\"text\/javascript\">\n\t\t\t\t\t\t\t  \n                          jQuery(document).ready(function(){\n\n\t\t\t\t\t\t\t\/\/ Loader\n\t\t\t\t\t\t\tvar loader = document.createElement('div');\n\t\t\t\t\t\t\tloader.className = 'loader';\n\n\t\t\t\t\t\t\t\/\/ Panorama display\n\t\t\t\t\t\t\tvar div = document.getElementById('panorama-1');\n\n\t\t\t\t\t\t\tPSV = new PhotoSphereViewer({\n\t\t\t\t\t\t\t\tpanorama: 'https:\/\/www.orcapraia.com\/wp-content\/uploads\/2023\/06\/foto_360_9-scaled.jpg',\n\t\t\t\t\t\t\t\tcontainer: div,\n\t\t\t\t\t\t\t\ttime_anim: 5000,\n\t\t\t\t\t\t\t\tnavbar: true,\n\t\t\t\t\t\t\t\tloading_msg: '',\n\t\t\t\t\t\t\t\tgyroscope: true,\n\t\t\t\t\t\t\t\tallow_scroll_to_zoom: false,\n\t\t\t\t\t\t\t\tusexmpdata: false,\n\t\t\t\t\t\t\t\tallow_user_interactions: true,\n\t\t\t\t\t\t\t\tsmooth_user_moves: false\n\t\t\t\t\t\t\t});\n\t\t\t\t\t\t\t}) \/\/ document.ready\n\n\n\n\t\t\t\t\t<\/script>[\/vc_column][\/vc_row][vc_row full_width=\u00a0\u00bbstretch_row\u00a0\u00bb css=\u00a0\u00bb.vc_custom_1563465532900{margin-bottom: -35px !important;padding-top: 50px !important;padding-bottom: 50px !important;background-color: #967a50 !important;}\u00a0\u00bb][vc_column width=\u00a0\u00bb1\/6&Prime; offset=\u00a0\u00bbvc_col-lg-2 vc_col-md-1&Prime;][\/vc_column][vc_column width=\u00a0\u00bb2\/3&Prime;]<h2 class=\"calluna-heading calluna-heading-single-line text-align-center \" style=\"color: #ffffff;\"><span>LA MER ET LA NATURE QUI VOUS ENTOURE<\/span><\/h2>[vc_column_text css_animation=\u00a0\u00bbtop-to-bottom\u00a0\u00bb css=\u00a0\u00bb.vc_custom_1565084016466{padding-right: 50px !important;padding-left: 50px !important;}\u00a0\u00bb el_class=\u00a0\u00bbtext-white\u00a0\u00bb]\n<p class=\"teaser\" style=\"text-align: center;\">Les sons harmonieux de la nature et les vagues de la mar, tout en profitant des chambres spacieuses donnant sour l\u2019oc\u00e9an. <span style=\"font-weight: 400;\">Vous avez \u00e0 votre disposition un ensemble d\u2019installations qui s\u00fbrement rendront votre s\u00e9jour encore plus relaxant, et aidera \u00e0 r\u00e9aliser vos vacances parfaites, comme vous lesa vez idealis\u00e9s<\/span>!<\/p>\n<p class=\"teaser\" style=\"text-align: center;\">Visitez-nous et b\u00e9n\u00e9ficier des conditions exceptionnelles de l\u2019h\u00f4tel Orca Praia!<\/p>\n[\/vc_column_text][\/vc_column][vc_column width=\u00a0\u00bb1\/6&Prime;][\/vc_column][\/vc_row][vc_row full_width=\u00a0\u00bbstretch_row_content_no_spaces\u00a0\u00bb css=\u00a0\u00bb.vc_custom_1563810593050{margin-top: 0px !important;margin-right: 0px !important;margin-bottom: 0px !important;margin-left: 0px !important;}\u00a0\u00bb][vc_column el_class=\u00a0\u00bbpanorama-360&Prime;]<h2 class=\"calluna-heading calluna-heading-single-line text-align-center \" style=\"color: #ffffff;margin-bottom: -200px;margin-top: 80px;\"><span>Panorama 360<\/span><\/h2><div id=\"panorama-2\" class=\" \"><\/div>\n\t\t\t\t\t<style>\n\t\t\t\t\t\thtml, body {\n\t\t\t\t\t\t\tmargin: 0;\n\t\t\t\t\t\t\twidth: 100%;\n\t\t\t\t\t\t\theight: 100%;\n\t\t\t\t\t\t}\n\t\t\t\t\t\t#panorama-2 {\n\t\t\t\t\t\t  width: 100%;\n\t\t\t\t\t\t  height: 700px;\n\t\t\t\t\t\t  background: ;\n\t\t\t\t\t\t}\n\t\t\t\t\t<\/style>\n\t\t\t\t\t<script type=\"text\/javascript\">\n\t\t\t\t\t\t\t  \n                          jQuery(document).ready(function(){\n\n\t\t\t\t\t\t\t\/\/ Loader\n\t\t\t\t\t\t\tvar loader = document.createElement('div');\n\t\t\t\t\t\t\tloader.className = 'loader';\n\n\t\t\t\t\t\t\t\/\/ Panorama display\n\t\t\t\t\t\t\tvar div = document.getElementById('panorama-2');\n\n\t\t\t\t\t\t\tPSV = new PhotoSphereViewer({\n\t\t\t\t\t\t\t\tpanorama: 'https:\/\/www.orcapraia.com\/wp-content\/uploads\/2019\/07\/hotel360-2.jpg',\n\t\t\t\t\t\t\t\tcontainer: div,\n\t\t\t\t\t\t\t\ttime_anim: 5000,\n\t\t\t\t\t\t\t\tnavbar: true,\n\t\t\t\t\t\t\t\tloading_msg: '',\n\t\t\t\t\t\t\t\tgyroscope: true,\n\t\t\t\t\t\t\t\tallow_scroll_to_zoom: false,\n\t\t\t\t\t\t\t\tusexmpdata: false,\n\t\t\t\t\t\t\t\tallow_user_interactions: true,\n\t\t\t\t\t\t\t\tsmooth_user_moves: false\n\t\t\t\t\t\t\t});\n\t\t\t\t\t\t\t}) \/\/ document.ready\n\n\n\n\t\t\t\t\t<\/script>[\/vc_column][\/vc_row]\n<\/section>","protected":false},"excerpt":{"rendered":"<p>[vc_row css=\u00a0\u00bb.vc_custom_1557144410936{padding-bottom: 50px !important;}\u00a0\u00bb][vc_column width=\u00a0\u00bb2\/12&Prime;][\/vc_column][vc_column width=\u00a0\u00bb8\/12&Prime;][vc_column_text css=\u00a0\u00bb.vc_custom_1565083097587{padding-bottom: 80px !important;}\u00a0\u00bb]H\u00f4tel moderne, construit le long d\u2019une falaise, avec une vue totale et imprenable sur la mer, offrant des momentes de plaisir et d\u00e9tente, avec un acc\u00e8s direct \u00e0 la seule plage de sable d\u2019origine volcanique de Funchal. L\u2019h\u00f4tel dispose d\u2019un total de 124 chambres: 86 chambres doubles [&hellip;]<\/p>\n","protected":false},"author":1,"featured_media":0,"parent":0,"menu_order":0,"comment_status":"closed","ping_status":"closed","template":"","meta":[],"acf":[],"aioseo_notices":[],"_links":{"self":[{"href":"https:\/\/www.orcapraia.com\/fr\/wp-json\/wp\/v2\/pages\/4151"}],"collection":[{"href":"https:\/\/www.orcapraia.com\/fr\/wp-json\/wp\/v2\/pages"}],"about":[{"href":"https:\/\/www.orcapraia.com\/fr\/wp-json\/wp\/v2\/types\/page"}],"author":[{"embeddable":true,"href":"https:\/\/www.orcapraia.com\/fr\/wp-json\/wp\/v2\/users\/1"}],"replies":[{"embeddable":true,"href":"https:\/\/www.orcapraia.com\/fr\/wp-json\/wp\/v2\/comments?post=4151"}],"version-history":[{"count":0,"href":"https:\/\/www.orcapraia.com\/fr\/wp-json\/wp\/v2\/pages\/4151\/revisions"}],"wp:attachment":[{"href":"https:\/\/www.orcapraia.com\/fr\/wp-json\/wp\/v2\/media?parent=4151"}],"curies":[{"name":"wp","href":"https:\/\/api.w.org\/{rel}","templated":true}]}}