{"id":4184,"date":"2019-07-18T10:27:35","date_gmt":"2019-07-18T10:27:35","guid":{"rendered":"https:\/\/www.orcapraia.com\/meio-ambiente\/"},"modified":"2024-03-11T15:25:11","modified_gmt":"2024-03-11T15:25:11","slug":"environnement","status":"publish","type":"page","link":"https:\/\/www.orcapraia.com\/fr\/environnement\/","title":{"rendered":"Environnement"},"content":{"rendered":"<section class=\"wpb-content-wrapper\">[vc_row css=\u00a0\u00bb.vc_custom_1557144410936{padding-bottom: 50px !important;}\u00a0\u00bb][vc_column width=\u00a0\u00bb2\/12&Prime;][\/vc_column][vc_column width=\u00a0\u00bb8\/12&Prime;]<h3 class=\"calluna-heading calluna-heading-single-line text-align-center \" style=\"color: #2cbbe9;margin-top: 80px;\"><span>NOTRE CONTRIBUTION<\/span><\/h3>[vc_column_text]\n<p style=\"text-align: center;\">Dans cette nouvelle \u00e8re o\u00f9 l&rsquo;environnement doit \u00eatre une pr\u00e9occupation de tous nous, l&rsquo;h\u00f4tel donne sa contribution \u00e0 la comunit\u00e9 \u00e0 travers plusieurs syst\u00e8mes d&rsquo;\u00e9nergies propres.<br \/>\n<strong>Pour v\u00f4tre information nous joignons un br\u00e8ve description des \u00e9quipements utilis\u00e9s:<\/strong><\/p>\n[\/vc_column_text][\/vc_column][vc_column width=\u00a0\u00bb2\/12&Prime;][\/vc_column][\/vc_row][vc_row css=\u00a0\u00bb.vc_custom_1557144410936{padding-bottom: 50px !important;}\u00a0\u00bb][vc_column width=\u00a0\u00bb1\/5&Prime;][vc_single_image image=\u00a0\u00bb5034&Prime; img_size=\u00a0\u00bbfull\u00a0\u00bb alignment=\u00a0\u00bbcenter\u00a0\u00bb css_animation=\u00a0\u00bbnone\u00a0\u00bb css=\u00a0\u00bb.vc_custom_1671212614742{margin-bottom: 30px !important;padding-left: 70px !important;}\u00a0\u00bb][vc_column_text]\n<p style=\"text-align: center;\"><strong>CHAUFFAGE SOLAIRE<br \/>\n<\/strong>\u00a0Syst\u00e8me de chauffage solaire d&rsquo;eaux sanitaires: 9.000 Litres<\/p>\n[\/vc_column_text][\/vc_column][vc_column width=\u00a0\u00bb1\/5&Prime;][vc_single_image image=\u00a0\u00bb3781&Prime; img_size=\u00a0\u00bbfull\u00a0\u00bb alignment=\u00a0\u00bbcenter\u00a0\u00bb css_animation=\u00a0\u00bbnone\u00a0\u00bb css=\u00a0\u00bb.vc_custom_1564583491374{margin-bottom: 30px !important;padding-left: 70px !important;}\u00a0\u00bb][vc_column_text]\n<p style=\"text-align: center;\"><strong>CHAUDI\u00c8RE DE BIOMASSE<br \/>\n<\/strong>Chaudi\u00e8re de biomasse sans \u00e9mission de fum\u00e9es certifi\u00e9e par TUV, en \u00e9liminant ainsi tout le papier, la carte et bois et autres biomat\u00e9riau et en produisant la chaleur pour chauffage d&rsquo;eaux sanitaires.<\/p>\n[\/vc_column_text][\/vc_column][vc_column width=\u00a0\u00bb1\/5&Prime;][vc_single_image image=\u00a0\u00bb3786&Prime; img_size=\u00a0\u00bbfull\u00a0\u00bb alignment=\u00a0\u00bbcenter\u00a0\u00bb css_animation=\u00a0\u00bbnone\u00a0\u00bb css=\u00a0\u00bb.vc_custom_1564583498916{margin-bottom: 30px !important;padding-left: 70px !important;}\u00a0\u00bb][vc_column_text]\n<p style=\"text-align: center;\"><strong>\u00c9LECTROLYSE DE SEL<br \/>\n<\/strong>Traitement des eaux de la piscine \u00e0 travers \u00e9lectrolyse de sel, en \u00e9vitant ainsi tout type de chimies dans l&rsquo;eau qui puissent causer des allergies, en \u00e9tant le chlorure de sodium naturel et sain pour le corps humain.<\/p>\n[\/vc_column_text][\/vc_column][vc_column width=\u00a0\u00bb1\/5&Prime;][vc_single_image image=\u00a0\u00bb5039&Prime; img_size=\u00a0\u00bbfull\u00a0\u00bb alignment=\u00a0\u00bbcenter\u00a0\u00bb css_animation=\u00a0\u00bbnone\u00a0\u00bb css=\u00a0\u00bb.vc_custom_1671212628785{margin-bottom: 30px !important;padding-left: 70px !important;}\u00a0\u00bb][vc_column_text]\n<p style=\"text-align: center;\"><strong>D\u00c9CARBONISATION<br \/>\n<\/strong>Nous contribuons \u00e0 la r\u00e9duction de l&rsquo;utilisation des produits p\u00e9troliers, \u00e0 la r\u00e9duction des \u00e9missions de carbone et \u00e0 la pr\u00e9paration de l&rsquo;avenir des prochaines g\u00e9n\u00e9rations \u00e0 l&rsquo;\u00e9nergie verte.<\/p>\n[\/vc_column_text][\/vc_column][vc_column width=\u00a0\u00bb1\/5&Prime;][vc_single_image image=\u00a0\u00bb5029&Prime; img_size=\u00a0\u00bbfull\u00a0\u00bb alignment=\u00a0\u00bbcenter\u00a0\u00bb css_animation=\u00a0\u00bbnone\u00a0\u00bb css=\u00a0\u00bb.vc_custom_1671212639913{margin-bottom: 30px !important;padding-left: 70px !important;}\u00a0\u00bb][vc_column_text]\n<p style=\"text-align: center;\"><strong>PANNEAUX PHOTOVOLTA\u00cfQUES<br \/>\n<\/strong>Nous produisons notre propre \u00e9nergie gr\u00e2ce \u00e0 l&rsquo;\u00e9nergie solaire.<\/p>\n[\/vc_column_text][\/vc_column][\/vc_row][vc_row css=\u00a0\u00bb.vc_custom_1557144410936{padding-bottom: 50px !important;}\u00a0\u00bb][vc_column width=\u00a0\u00bb2\/3&Prime;]<h3 class=\"calluna-heading calluna-heading-single-line text-align-left \" style=\"color: #2cbbe9;\"><span>SYST\u00c8ME DE GESTION<\/span><\/h3>[vc_column_text]\n<p style=\"text-align: left;\"><span style=\"font-weight: 400;\">L\u2019h\u00f4tel Orca Praia dispose d\u2019un syst\u00e8me de gestion mis en oeuvre, \u00e0 savoir la certification de qualit\u00e9 (ISO 9001), la certification environnementale (ISO 14001) et le syst\u00e8me HACCP mis en oeuvre.<\/span><\/p>\n[\/vc_column_text]<h3 class=\"calluna-heading calluna-heading-single-line text-align-left \" style=\"font-size: 24px;color: #2cbbe9;\"><span>CHAMP D&#039;APPLICATION DU SYST\u00c8ME DE GESTION DE L&#039;H\u00d4TEL ORCA-PRAIA<\/span><\/h3>[vc_column_text css=\u00a0\u00bb.vc_custom_1671207397705{padding-bottom: 50px !important;}\u00a0\u00bb]Le champ d&rsquo;application s&rsquo;applique au syst\u00e8me de gestion de la qualit\u00e9, de l&rsquo;environnement et de la s\u00e9curit\u00e9 alimentaire (syst\u00e8me HACCP) de l&rsquo;h\u00f4tel Orca Praia en ce qui concerne les services:<br \/>\n&#8211; H\u00e9bergement ;<br \/>\n&#8211; Restaurant, Snack-bar et Bar dans les locaux de l&rsquo;h\u00f4tel ;<br \/>\n&#8211; Loisirs : SPA, Gym, Piscine et activit\u00e9s r\u00e9cr\u00e9atives dans les locaux de l&rsquo;h\u00f4tel ;<br \/>\n&#8211; Transport Courtoisie de l&rsquo;h\u00f4tel au centre de Funchal.<br \/>\nL&rsquo;h\u00f4tel Orca Praia offre une exp\u00e9rience unique, de qualit\u00e9 et de juste valeur \u00e0 ses clients, soutenue dans les syst\u00e8mes de qualit\u00e9 et dans la formation de notre principal atout : nos collaborateurs.[\/vc_column_text][vc_column_text]\n<p style=\"text-align: left;\"><strong>Voici notre politique:<\/strong><\/p>\n[\/vc_column_text]<h3 class=\"calluna-heading calluna-heading-single-line text-align-left \" style=\"font-size: 24px;color: #2cbbe9;\"><span>POLITIQUE DE GESTION DE L\u2019 H\u00d4TEL ORCA PRAIA<\/span><\/h3>[vc_column_text css=\u00a0\u00bb.vc_custom_1671207606170{padding-bottom: 50px !important;}\u00a0\u00bb]La politique du syst\u00e8me de gestion de l&rsquo;h\u00f4tel Orca Praia a \u00e9t\u00e9 d\u00e9finie afin de promouvoir la satisfaction de toutes les parties prenantes, \u00e0 savoir : les clients, les fournisseurs, les employ\u00e9s, la soci\u00e9t\u00e9 en g\u00e9n\u00e9ral et les autres parties prenantes.<\/p>\n<p>L&rsquo;h\u00f4tel Orca Praia est engag\u00e9 dans la mise en \u0153uvre constante de mesures proactives, qui visent \u00e0 prot\u00e9ger et \u00e0 sauvegarder l&rsquo;environnement, \u00e0 savoir le recyclage des r\u00e9sidus, l&rsquo;installation solaire pour le chauffage des eaux d&rsquo;hygi\u00e8ne et de consommation, le syst\u00e8me photovolta\u00efque pour l&rsquo;autoconsommation et la stimulation du d\u00e9placement en v\u00e9hicules \u00e9lectriques et en bicyclettes de nos clients, r\u00e9duisant ainsi l&#8217;empreinte \u00e9cologique et carbonique de la destination.<\/p>\n<p>La certification Clef Verte, entre autres, d\u00e9montre que cette unit\u00e9 h\u00f4teli\u00e8re cherche constamment \u00e0 s&rsquo;am\u00e9liorer, en r\u00e9duisant les impacts environnementaux r\u00e9sultant de l&rsquo;activit\u00e9 quotidienne.<\/p>\n<p>L&rsquo;h\u00f4tel Orca Praia est pleinement conscient de l&rsquo;importance de l&rsquo;hygi\u00e8ne et de la s\u00e9curit\u00e9 alimentaire \u00e0 tous les stades de l&rsquo;alimentation ; un syst\u00e8me pr\u00e9ventif de s\u00e9curit\u00e9 alimentaire (syst\u00e8me HACCP) a \u00e9t\u00e9 \u00e9tabli, ce qui nous permet de r\u00e9pondre rapidement et efficacement aux besoins de nos clients et des autres IP.<\/p>\n<p>Par cette politique, nous visons \u00e0:<\/p>\n<ul>\n<li><strong>R\u00e9pondre aux besoins et aux exigences des clients et des autres IP;<\/strong><\/li>\n<li><strong>Fournir au consommateur des denr\u00e9es alimentaires achet\u00e9es localement et propres \u00e0 la consommation;<\/strong><\/li>\n<li><strong>Promouvoir le degr\u00e9 de confiance du consommateur exigeant;<\/strong><\/li>\n<li><strong>Promouvoir la protection de la sant\u00e9 publique et de tous nos employ\u00e9s;<\/strong><\/li>\n<li><strong>\u00c9valuer r\u00e9guli\u00e8rement les impacts environnementaux et r\u00e9duire la consommation, en pr\u00e9venant la pollution, la durabilit\u00e9 et la d\u00e9carbonisation.<\/strong><\/li>\n<li><strong>Respecter les exigences commerciales et juridiques applicables au secteur.<\/strong><\/li>\n<\/ul>\n<p>La survie et le d\u00e9veloppement progressif de l&rsquo;h\u00f4tel Orca Praia, est due \u00e0 une perspective d&rsquo;am\u00e9lioration continue du syst\u00e8me de gestion de l&rsquo;h\u00f4tel Orca Praia et \u00e0 la satisfaction de nos clients et autres IP, qui nous distinguent par leur pr\u00e9f\u00e9rence.<\/p>\n<p>L&rsquo;accomplissement de ces objectifs rel\u00e8ve de la responsabilit\u00e9 de tous les collaborateurs de l&rsquo;h\u00f4tel Orca Praia.<\/p>\n<p>Pour atteindre ces objectifs, l&rsquo;H\u00f4tel Orca Praia garantit la mise \u00e0 disposition des ressources n\u00e9cessaires et ad\u00e9quates, y compris des ressources humaines sp\u00e9cialis\u00e9es, avec une formation p\u00e9riodique et des \u00e9quipements technologiquement avanc\u00e9s.[\/vc_column_text][\/vc_column][vc_column width=\u00a0\u00bb1\/3&Prime; css=\u00a0\u00bb.vc_custom_1564584813887{border-left-width: 1px !important;border-left-color: #ebebeb !important;border-left-style: dotted !important;}\u00a0\u00bb]<h3 class=\"calluna-heading calluna-heading-none text-align-center \" style=\"color: #2cbbe9;\"><span>HOMOLOGATION DE LE:<\/span><\/h3>[vc_row_inner][vc_column_inner width=\u00a0\u00bb1\/3&Prime;][\/vc_column_inner][vc_column_inner width=\u00a0\u00bb1\/3&Prime;][vc_single_image image=\u00a0\u00bb3791&Prime; img_size=\u00a0\u00bbfull\u00a0\u00bb alignment=\u00a0\u00bbcenter\u00a0\u00bb css_animation=\u00a0\u00bbnone\u00a0\u00bb][\/vc_column_inner][vc_column_inner width=\u00a0\u00bb1\/3&Prime;][\/vc_column_inner][\/vc_row_inner][vc_column_text]\n<p style=\"text-align: center;\">Projet des intervenants institutionnels\u00a0<a href=\"http:\/\/lifeecocompativel.com\/\">Life Eco<\/a><\/p>\n[\/vc_column_text][vc_empty_space height=\u00a0\u00bb40px\u00a0\u00bb][vc_row_inner][vc_column_inner][vc_single_image image=\u00a0\u00bb3796&Prime; img_size=\u00a0\u00bbfull\u00a0\u00bb alignment=\u00a0\u00bbcenter\u00a0\u00bb css_animation=\u00a0\u00bbnone\u00a0\u00bb][\/vc_column_inner][\/vc_row_inner][vc_column_text]\n<p style=\"text-align: center;\"><span style=\"color: #2cbbe9;\">Hygi\u00e8ne Alimentaire HACCP<\/span><\/p>\n[\/vc_column_text][vc_empty_space height=\u00a0\u00bb40px\u00a0\u00bb][vc_row_inner][vc_column_inner width=\u00a0\u00bb1\/3&Prime;][\/vc_column_inner][vc_column_inner width=\u00a0\u00bb1\/3&Prime;][vc_single_image image=\u00a0\u00bb5105&Prime; img_size=\u00a0\u00bbfull\u00a0\u00bb alignment=\u00a0\u00bbcenter\u00a0\u00bb css_animation=\u00a0\u00bbnone\u00a0\u00bb][\/vc_column_inner][vc_column_inner width=\u00a0\u00bb1\/3&Prime;][\/vc_column_inner][\/vc_row_inner][vc_column_text]\n<p style=\"text-align: center;\"><span style=\"color: #2cbbe9;\">Syst\u00e8mes de Gestion Environnementale ISO 14001<\/span><\/p>\n[\/vc_column_text][vc_empty_space height=\u00a0\u00bb40px\u00a0\u00bb][vc_row_inner][vc_column_inner width=\u00a0\u00bb1\/3&Prime;][\/vc_column_inner][vc_column_inner width=\u00a0\u00bb1\/3&Prime;][vc_single_image image=\u00a0\u00bb5100&Prime; img_size=\u00a0\u00bbfull\u00a0\u00bb alignment=\u00a0\u00bbcenter\u00a0\u00bb css_animation=\u00a0\u00bbnone\u00a0\u00bb][\/vc_column_inner][vc_column_inner width=\u00a0\u00bb1\/3&Prime;][\/vc_column_inner][\/vc_row_inner][vc_column_text]\n<p style=\"text-align: center;\"><span style=\"color: #2cbbe9;\">Syst\u00e8mes de Gestion de la Qualit\u00e9 ISO 9001<\/span><\/p>\n[\/vc_column_text][vc_empty_space height=\u00a0\u00bb40px\u00a0\u00bb][vc_single_image image=\u00a0\u00bb3811&Prime; img_size=\u00a0\u00bbfull\u00a0\u00bb alignment=\u00a0\u00bbcenter\u00a0\u00bb css_animation=\u00a0\u00bbnone\u00a0\u00bb][vc_column_text]\n<p style=\"text-align: center;\"><span style=\"color: #2cbbe9;\">Eco L\u00edderes<\/span><\/p>\n[\/vc_column_text][vc_empty_space height=\u00a0\u00bb40px\u00a0\u00bb][vc_single_image image=\u00a0\u00bb3816&Prime; img_size=\u00a0\u00bbfull\u00a0\u00bb alignment=\u00a0\u00bbcenter\u00a0\u00bb onclick=\u00a0\u00bbcustom_link\u00a0\u00bb img_link_target=\u00a0\u00bb_blank\u00a0\u00bb css_animation=\u00a0\u00bbnone\u00a0\u00bb link=\u00a0\u00bbhttps:\/\/greenkey.abaae.pt\/\u00a0\u00bb][vc_column_text]\n<p style=\"text-align: center;\"><a href=\"https:\/\/greenkey.abaae.pt\/\" target=\"_blank\" rel=\"noopener\"><span style=\"color: #2cbbe9;\"> Green Key (Cl\u00e9 verte)<\/span><\/a><\/p>\n[\/vc_column_text][vc_empty_space height=\u00a0\u00bb40px\u00a0\u00bb][vc_single_image image=\u00a0\u00bb3821&Prime; img_size=\u00a0\u00bbfull\u00a0\u00bb alignment=\u00a0\u00bbcenter\u00a0\u00bb css_animation=\u00a0\u00bbnone\u00a0\u00bb][vc_column_text]\n<p style=\"text-align: center;\"><span style=\"color: #2cbbe9;\">Venere \u201cRated Top Clean\u201d<\/span><\/p>\n[\/vc_column_text][vc_empty_space height=\u00a0\u00bb40px\u00a0\u00bb][vc_single_image image=\u00a0\u00bb3826&Prime; img_size=\u00a0\u00bbfull\u00a0\u00bb alignment=\u00a0\u00bbcenter\u00a0\u00bb css_animation=\u00a0\u00bbnone\u00a0\u00bb][vc_column_text]\n<p style=\"text-align: center;\"><span style=\"color: #2cbbe9;\"> Five Leaf System Certification <\/span><\/p>\n[\/vc_column_text][vc_empty_space height=\u00a0\u00bb40px\u00a0\u00bb][\/vc_column][\/vc_row]\n<\/section>","protected":false},"excerpt":{"rendered":"<p>[vc_row css=\u00a0\u00bb.vc_custom_1557144410936{padding-bottom: 50px !important;}\u00a0\u00bb][vc_column width=\u00a0\u00bb2\/12&Prime;][\/vc_column][vc_column width=\u00a0\u00bb8\/12&Prime;][vc_column_text] Dans cette nouvelle \u00e8re o\u00f9 l&rsquo;environnement doit \u00eatre une pr\u00e9occupation de tous nous, l&rsquo;h\u00f4tel donne sa contribution \u00e0 la comunit\u00e9 \u00e0 travers plusieurs syst\u00e8mes d&rsquo;\u00e9nergies propres. Pour v\u00f4tre information nous joignons un br\u00e8ve description des \u00e9quipements utilis\u00e9s: [\/vc_column_text][\/vc_column][vc_column width=\u00a0\u00bb2\/12&Prime;][\/vc_column][\/vc_row][vc_row css=\u00a0\u00bb.vc_custom_1557144410936{padding-bottom: 50px !important;}\u00a0\u00bb][vc_column width=\u00a0\u00bb1\/5&Prime;][vc_single_image image=\u00a0\u00bb5034&Prime; img_size=\u00a0\u00bbfull\u00a0\u00bb alignment=\u00a0\u00bbcenter\u00a0\u00bb css_animation=\u00a0\u00bbnone\u00a0\u00bb css=\u00a0\u00bb.vc_custom_1671212614742{margin-bottom: 30px [&hellip;]<\/p>\n","protected":false},"author":1,"featured_media":0,"parent":0,"menu_order":0,"comment_status":"closed","ping_status":"closed","template":"","meta":[],"acf":[],"aioseo_notices":[],"_links":{"self":[{"href":"https:\/\/www.orcapraia.com\/fr\/wp-json\/wp\/v2\/pages\/4184"}],"collection":[{"href":"https:\/\/www.orcapraia.com\/fr\/wp-json\/wp\/v2\/pages"}],"about":[{"href":"https:\/\/www.orcapraia.com\/fr\/wp-json\/wp\/v2\/types\/page"}],"author":[{"embeddable":true,"href":"https:\/\/www.orcapraia.com\/fr\/wp-json\/wp\/v2\/users\/1"}],"replies":[{"embeddable":true,"href":"https:\/\/www.orcapraia.com\/fr\/wp-json\/wp\/v2\/comments?post=4184"}],"version-history":[{"count":2,"href":"https:\/\/www.orcapraia.com\/fr\/wp-json\/wp\/v2\/pages\/4184\/revisions"}],"predecessor-version":[{"id":5652,"href":"https:\/\/www.orcapraia.com\/fr\/wp-json\/wp\/v2\/pages\/4184\/revisions\/5652"}],"wp:attachment":[{"href":"https:\/\/www.orcapraia.com\/fr\/wp-json\/wp\/v2\/media?parent=4184"}],"curies":[{"name":"wp","href":"https:\/\/api.w.org\/{rel}","templated":true}]}}