{"id":4190,"date":"2019-07-18T17:12:51","date_gmt":"2019-07-18T17:12:51","guid":{"rendered":"https:\/\/www.orcapraia.com\/diving-center\/"},"modified":"2021-07-02T09:20:15","modified_gmt":"2021-07-02T09:20:15","slug":"centre-de-plongee","status":"publish","type":"page","link":"https:\/\/www.orcapraia.com\/fr\/centre-de-plongee\/","title":{"rendered":"Centre de plong\u00e9e"},"content":{"rendered":"<section class=\"wpb-content-wrapper\">[vc_row css=\u00a0\u00bb.vc_custom_1557144410936{padding-bottom: 50px !important;}\u00a0\u00bb][vc_column width=\u00a0\u00bb2\/12&Prime;][\/vc_column][vc_column width=\u00a0\u00bb8\/12&Prime;]<h2 class=\"calluna-heading calluna-heading-single-line text-align-center \" style=\"color: #2cbbe9;margin-top: 80px;\"><span>Bienvenue dans le Explora Madeira Diving Center!<\/span><\/h2>[vc_column_text css=\u00a0\u00bb.vc_custom_1567616723712{padding-bottom: 80px !important;}\u00a0\u00bb]\n<p style=\"text-align: center;\">Nous sommes heureux de vous accueillir dans votre centre de plong\u00e9e sur l&rsquo;\u00eele de Mad\u00e8re. Venez plonger avec nous dans les plus beaux, les plus spectaculaires, les plus sauvages et les plus sauvages de l\u2019oc\u00e9an Atlantique. Avec notre \u00e9quipe professionnelle SSI et Padi, vos vacances seront \u00e9clatantes et inoubliables!<\/p>\n[\/vc_column_text][\/vc_column][vc_column width=\u00a0\u00bb2\/12&Prime;][\/vc_column][\/vc_row][vc_row full_width=\u00a0\u00bbstretch_row_content_no_spaces\u00a0\u00bb equal_height=\u00a0\u00bbyes\u00a0\u00bb content_placement=\u00a0\u00bbmiddle\u00a0\u00bb equal_height_columns=\u00a0\u00bbno\u00a0\u00bb ts_row_screen_height=\u00a0\u00bbfalse\u00a0\u00bb ts_row_screen_offset=\u00a0\u00bb0&Prime; ts_row_min_height=\u00a0\u00bb100&Prime; ts_row_break_parents=\u00a0\u00bb0&Prime; ts_row_zindex=\u00a0\u00bb0&Prime; ts_row_bg_source=\u00a0\u00bbfull\u00a0\u00bb ts_row_bg_position=\u00a0\u00bbcenter\u00a0\u00bb ts_row_bg_size_standard=\u00a0\u00bbcover\u00a0\u00bb ts_row_bg_size_parallax=\u00a0\u00bbcover\u00a0\u00bb ts_row_bg_repeat=\u00a0\u00bbno-repeat\u00a0\u00bb ts_row_parallax_type=\u00a0\u00bbup\u00a0\u00bb ts_row_bg_alignment_v=\u00a0\u00bbcenter\u00a0\u00bb ts_row_bg_alignment_h=\u00a0\u00bbcenter\u00a0\u00bb ts_row_parallax_speed=\u00a0\u00bb20&Prime; ts_row_automove_speed=\u00a0\u00bb75&Prime; ts_row_automove_scroll=\u00a0\u00bbtrue\u00a0\u00bb ts_row_automove_align=\u00a0\u00bbhorizontal\u00a0\u00bb ts_row_automove_path_h=\u00a0\u00bbleftright\u00a0\u00bb ts_row_automove_path_v=\u00a0\u00bbtopbottom\u00a0\u00bb ts_row_movement_x_allow=\u00a0\u00bbtrue\u00a0\u00bb ts_row_movement_x_ratio=\u00a0\u00bb10&Prime; ts_row_movement_y_allow=\u00a0\u00bbtrue\u00a0\u00bb ts_row_movement_y_ratio=\u00a0\u00bb10&Prime; ts_row_movement_content=\u00a0\u00bbtrue\u00a0\u00bb padding_top=\u00a0\u00bb30&Prime; padding_bottom=\u00a0\u00bb30&Prime; margin_left=\u00a0\u00bb0&Prime; margin_right=\u00a0\u00bb0&Prime; single_color=\u00a0\u00bb#ffffff\u00a0\u00bb gradient_angle=\u00a0\u00bb0&Prime; gradient_color_start=\u00a0\u00bb#cccccc\u00a0\u00bb gradient_start_offset=\u00a0\u00bb0&Prime; gradient_color_end=\u00a0\u00bb#cccccc\u00a0\u00bb gradient_end_offset=\u00a0\u00bb100&Prime; video_mute=\u00a0\u00bbtrue\u00a0\u00bb video_loop=\u00a0\u00bbfalse\u00a0\u00bb video_remove=\u00a0\u00bbfalse\u00a0\u00bb video_start=\u00a0\u00bbfalse\u00a0\u00bb video_stop=\u00a0\u00bbtrue\u00a0\u00bb video_controls=\u00a0\u00bbtrue\u00a0\u00bb video_raster=\u00a0\u00bbfalse\u00a0\u00bb svg_top_on=\u00a0\u00bbfalse\u00a0\u00bb svg_top_style=\u00a0\u00bb1&Prime; svg_top_height=\u00a0\u00bb100&Prime; svg_top_flip=\u00a0\u00bbfalse\u00a0\u00bb svg_top_position=\u00a0\u00bb0&Prime; svg_top_color1=\u00a0\u00bb#ffffff\u00a0\u00bb svg_top_color2=\u00a0\u00bb#ededed\u00a0\u00bb svg_bottom_on=\u00a0\u00bbfalse\u00a0\u00bb svg_bottom_style=\u00a0\u00bb1&Prime; svg_bottom_height=\u00a0\u00bb100&Prime; svg_bottom_flip=\u00a0\u00bbfalse\u00a0\u00bb svg_bottom_position=\u00a0\u00bb0&Prime; svg_bottom_color1=\u00a0\u00bb#ffffff\u00a0\u00bb svg_bottom_color2=\u00a0\u00bb#ededed\u00a0\u00bb ts_row_raster_use=\u00a0\u00bbfalse\u00a0\u00bb ts_row_raster_type=\u00a0\u00bbtransparent\u00a0\u00bb ts_row_overlay_use=\u00a0\u00bbfalse\u00a0\u00bb ts_row_overlay_color=\u00a0\u00bbrgba(30,115,190,0.25)\u00a0\u00bb animation_scroll=\u00a0\u00bbfalse\u00a0\u00bb animation_speed=\u00a0\u00bb2000&Prime; show_large=\u00a0\u00bbtrue\u00a0\u00bb show_medium=\u00a0\u00bbtrue\u00a0\u00bb show_small=\u00a0\u00bbtrue\u00a0\u00bb show_extra=\u00a0\u00bbtrue\u00a0\u00bb show_remove=\u00a0\u00bbtrue\u00a0\u00bb css=\u00a0\u00bb.vc_custom_1563984382291{margin-bottom: 50px !important;}\u00a0\u00bb][vc_column css=\u00a0\u00bb.vc_custom_1563557034962{margin-top: 0px !important;margin-right: 0px !important;margin-bottom: 0px !important;margin-left: 0px !important;padding-top: 0px !important;padding-right: 0px !important;padding-bottom: 0px !important;padding-left: 0px !important;background-color: #cccccc !important;background-position: center !important;background-repeat: no-repeat !important;background-size: cover !important;}\u00a0\u00bb offset=\u00a0\u00bbvc_col-lg-8 vc_col-xs-12&Prime;][vc_images_carousel images=\u00a0\u00bb3506,3511,3501&Prime; img_size=\u00a0\u00bbfull\u00a0\u00bb onclick=\u00a0\u00bblink_no\u00a0\u00bb speed=\u00a0\u00bb2000&Prime; autoplay=\u00a0\u00bbyes\u00a0\u00bb hide_prev_next_buttons=\u00a0\u00bbyes\u00a0\u00bb wrap=\u00a0\u00bbyes\u00a0\u00bb css=\u00a0\u00bb.vc_custom_1563557094765{margin-top: 0px !important;margin-right: 0px !important;margin-bottom: 0px !important;margin-left: 0px !important;padding-top: 0px !important;padding-right: 0px !important;padding-bottom: 0px !important;padding-left: 0px !important;}\u00a0\u00bb][\/vc_column][vc_column style=\u00a0\u00bbcolumn-style-1&Prime; css=\u00a0\u00bb.vc_custom_1557143532249{padding-right: 24% !important;padding-left: 6% !important;background-image: url(https:\/\/www.orcapraia.com\/wp-content\/uploads\/2019\/04\/marcadagua_Orca_Praia.png?id=2258) !important;background-position: center !important;background-repeat: no-repeat !important;background-size: cover !important;}\u00a0\u00bb animation_scroll=\u00a0\u00bbfalse\u00a0\u00bb animation_speed=\u00a0\u00bb2000&Prime; offset=\u00a0\u00bbvc_col-lg-4 vc_col-xs-12&Prime;][vc_column_text css_animation=\u00a0\u00bbtop-to-bottom\u00a0\u00bb css=\u00a0\u00bb.vc_custom_1625217614014{padding-bottom: 35px !important;}\u00a0\u00bb]\n<h2 style=\"color: #967a50;\"><strong>CONTACTS:<\/strong><\/h2>\n<p class=\"teaser\"><strong>Email: <\/strong>Info@orcapraia.com<br \/>\n<strong>Telephone.: <\/strong>+351 291707070<\/p>\n[\/vc_column_text][\/vc_column][\/vc_row]\n<\/section>","protected":false},"excerpt":{"rendered":"<p>[vc_row css=\u00a0\u00bb.vc_custom_1557144410936{padding-bottom: 50px !important;}\u00a0\u00bb][vc_column width=\u00a0\u00bb2\/12&Prime;][\/vc_column][vc_column width=\u00a0\u00bb8\/12&Prime;][vc_column_text css=\u00a0\u00bb.vc_custom_1567616723712{padding-bottom: 80px !important;}\u00a0\u00bb] Nous sommes heureux de vous accueillir dans votre centre de plong\u00e9e sur l&rsquo;\u00eele de Mad\u00e8re. Venez plonger avec nous dans les plus beaux, les plus spectaculaires, les plus sauvages et les plus sauvages de l\u2019oc\u00e9an Atlantique. Avec notre \u00e9quipe professionnelle SSI et Padi, vos vacances seront [&hellip;]<\/p>\n","protected":false},"author":1,"featured_media":0,"parent":0,"menu_order":0,"comment_status":"closed","ping_status":"closed","template":"","meta":[],"acf":[],"aioseo_notices":[],"_links":{"self":[{"href":"https:\/\/www.orcapraia.com\/fr\/wp-json\/wp\/v2\/pages\/4190"}],"collection":[{"href":"https:\/\/www.orcapraia.com\/fr\/wp-json\/wp\/v2\/pages"}],"about":[{"href":"https:\/\/www.orcapraia.com\/fr\/wp-json\/wp\/v2\/types\/page"}],"author":[{"embeddable":true,"href":"https:\/\/www.orcapraia.com\/fr\/wp-json\/wp\/v2\/users\/1"}],"replies":[{"embeddable":true,"href":"https:\/\/www.orcapraia.com\/fr\/wp-json\/wp\/v2\/comments?post=4190"}],"version-history":[{"count":0,"href":"https:\/\/www.orcapraia.com\/fr\/wp-json\/wp\/v2\/pages\/4190\/revisions"}],"wp:attachment":[{"href":"https:\/\/www.orcapraia.com\/fr\/wp-json\/wp\/v2\/media?parent=4190"}],"curies":[{"name":"wp","href":"https:\/\/api.w.org\/{rel}","templated":true}]}}