{"id":4225,"date":"2019-07-18T10:29:22","date_gmt":"2019-07-18T10:29:22","guid":{"rendered":"https:\/\/www.orcapraia.com\/politica-de-privacidade\/"},"modified":"2019-09-04T17:20:36","modified_gmt":"2019-09-04T17:20:36","slug":"politique-de-confidentialite","status":"publish","type":"page","link":"https:\/\/www.orcapraia.com\/fr\/politique-de-confidentialite\/","title":{"rendered":"Politique de Confidentialit\u00e9"},"content":{"rendered":"<section class=\"wpb-content-wrapper\">[vc_row css=\u00a0\u00bb.vc_custom_1557144410936{padding-bottom: 50px !important;}\u00a0\u00bb][vc_column width=\u00a0\u00bb2\/12&Prime;][\/vc_column][vc_column width=\u00a0\u00bb8\/12&Prime;][vc_column_text css=\u00a0\u00bb.vc_custom_1567617491847{padding-bottom: 80px !important;}\u00a0\u00bb]Toutes les informations personnelles que vous aurez collect\u00e9es seront utilis\u00e9es pour rendre votre visite sur notre site aussi productive et agr\u00e9able que possible.<\/p>\n<p>Assurer la confidentialit\u00e9 des donn\u00e9es personnelles des utilisateurs de notre site est important pour Hotel Orca Praia.<\/p>\n<p>Toutes les informations personnelles concernant les membres, abonn\u00e9s, clients ou visiteurs qui utilisent Hotel Orca Praia seront trait\u00e9es conform\u00e9ment \u00e0 la loi du 26 octobre 1998 sur la protection des donn\u00e9es \u00e0 caract\u00e8re personnel (loi 67\/98).<\/p>\n<p>Les informations personnelles collect\u00e9es peuvent inclure votre nom, votre adresse email, votre num\u00e9ro de t\u00e9l\u00e9phone et \/ ou votre t\u00e9l\u00e9phone portable, votre adresse, votre date de naissance et \/ ou d\u2019autres.<\/p>\n<p>L&rsquo;utilisation de l&rsquo;h\u00f4tel Orca Praia implique l&rsquo;acceptation de cet accord de confidentialit\u00e9. Le personnel de l&rsquo;h\u00f4tel Orca Praia se r\u00e9serve le droit de modifier cet accord sans pr\u00e9avis. Par cons\u00e9quent, nous vous recommandons de consulter r\u00e9guli\u00e8rement notre politique de confidentialit\u00e9 afin de vous tenir au courant.[\/vc_column_text]<h4 class=\"calluna-heading calluna-heading-single-line text-align-center \" style=\"color: #2cbbe9;\"><span>LES ANNONCES<\/span><\/h4>[vc_column_text css=\u00a0\u00bb.vc_custom_1567617539814{padding-bottom: 80px !important;}\u00a0\u00bb]<span style=\"font-size: 1.125rem;\">Comme d\u2019autres sites Web, nous collectons et utilisons les informations contenues dans les publicit\u00e9s. Les informations contenues dans les publicit\u00e9s incluent votre adresse IP (Internet Protocol), votre fournisseur de services Internet (FAI) tel que Frog, Clix ou autre), le navigateur que vous avez utilis\u00e9 lors de votre visite sur notre site Web (Internet Explorer, par exemple). Firefox), l\u2019heure de votre visite et les pages que vous avez visit\u00e9es sur notre site Web.<\/span>[\/vc_column_text]<h4 class=\"calluna-heading calluna-heading-single-line text-align-center \" style=\"color: #2cbbe9;\"><span>COOKIE DOUBLECLICK DART<\/span><\/h4>[vc_column_text css=\u00a0\u00bb.vc_custom_1567617559425{padding-bottom: 80px !important;}\u00a0\u00bb]Avec le cookie DART, Google peut diffuser des annonces en fonction des visites que le lecteur a effectu\u00e9es sur d&rsquo;autres sites Web sur Internet.<\/p>\n<p>Les utilisateurs peuvent d\u00e9sactiver le cookie DART en consultant la politique de confidentialit\u00e9 du r\u00e9seau Google Contenu et publicit\u00e9s.[\/vc_column_text]<h4 class=\"calluna-heading calluna-heading-single-line text-align-center \" style=\"color: #2cbbe9;\"><span>BISCUITS ET BALISES WEB<\/span><\/h4>[vc_column_text css=\u00a0\u00bb.vc_custom_1567617607120{padding-bottom: 80px !important;}\u00a0\u00bb]Nous utilisons des cookies pour stocker des informations, telles que vos pr\u00e9f\u00e9rences personnelles lorsque vous visitez notre site Web. Cela peut inclure une simple fen\u00eatre contextuelle ou un lien vers divers services que nous fournissons, tels que des forums.<\/p>\n<p>De plus, nous utilisons \u00e9galement des publicit\u00e9s tierces sur notre site Web pour couvrir les co\u00fbts de maintenance. Certains de ces annonceurs peuvent utiliser des technologies telles que les cookies et \/ ou des balises Web lors de la publicit\u00e9 sur notre site Web, ce qui obligera ces annonceurs (tels que Google via Google AdSense) \u00e0 recevoir \u00e9galement vos informations personnelles, telles que votre adresse IP, votre FAI, votre navigateur, etc. Cette fonction est g\u00e9n\u00e9ralement utilis\u00e9e pour le ciblage g\u00e9ographique (affichage de la publicit\u00e9 sur Lisbonne uniquement aux lecteurs venant de Lisbonne, par exemple) ou pour l&rsquo;affichage de publicit\u00e9s destin\u00e9es \u00e0 un type d&rsquo;utilisateur (affichage de la publicit\u00e9 dans un restaurant, par exemple, pour un utilisateur visitant r\u00e9guli\u00e8rement des sites de cuisine).<\/p>\n<p>Vous avez le pouvoir de d\u00e9sactiver vos cookies, dans les options de votre navigateur ou en apportant des modifications aux outils du programme antivirus tels que Norton Internet Security. Toutefois, cela pourrait changer votre fa\u00e7on d&rsquo;interagir avec notre site Web ou d&rsquo;autres sites Web. Cela peut vous autoriser ou non \u00e0 vous connecter \u00e0 des programmes, des sites Web ou des forums sur nos r\u00e9seaux ou d&rsquo;autres r\u00e9seaux.[\/vc_column_text]<h4 class=\"calluna-heading calluna-heading-single-line text-align-center \" style=\"color: #2cbbe9;\"><span>LIENS VERS DES SITES DE TIERS<\/span><\/h4>[vc_column_text css=\u00a0\u00bb.vc_custom_1567617632396{padding-bottom: 80px !important;}\u00a0\u00bb]L&rsquo;Hotel Orca Praia propose des liens vers d&rsquo;autres sites Web, qui, \u00e0 notre avis, peuvent contenir des informations \/ outils utiles pour nos visiteurs. Notre politique de confidentialit\u00e9 ne s&rsquo;applique pas aux sites Web tiers. Par cons\u00e9quent, si vous visitez un autre site que le n\u00f4tre, vous devriez lire sa politique de confidentialit\u00e9.<\/p>\n<p>Nous ne sommes pas responsables de la politique de confidentialit\u00e9 ou du contenu de ces sites.[\/vc_column_text][\/vc_column][vc_column width=\u00a0\u00bb2\/12&Prime;][\/vc_column][\/vc_row]\n<\/section>","protected":false},"excerpt":{"rendered":"<p>[vc_row css=\u00a0\u00bb.vc_custom_1557144410936{padding-bottom: 50px !important;}\u00a0\u00bb][vc_column width=\u00a0\u00bb2\/12&Prime;][\/vc_column][vc_column width=\u00a0\u00bb8\/12&Prime;][vc_column_text css=\u00a0\u00bb.vc_custom_1567617491847{padding-bottom: 80px !important;}\u00a0\u00bb]Toutes les informations personnelles que vous aurez collect\u00e9es seront utilis\u00e9es pour rendre votre visite sur notre site aussi productive et agr\u00e9able que possible. Assurer la confidentialit\u00e9 des donn\u00e9es personnelles des utilisateurs de notre site est important pour Hotel Orca Praia. Toutes les informations personnelles concernant les membres, [&hellip;]<\/p>\n","protected":false},"author":1,"featured_media":0,"parent":0,"menu_order":0,"comment_status":"closed","ping_status":"closed","template":"","meta":[],"acf":[],"aioseo_notices":[],"_links":{"self":[{"href":"https:\/\/www.orcapraia.com\/fr\/wp-json\/wp\/v2\/pages\/4225"}],"collection":[{"href":"https:\/\/www.orcapraia.com\/fr\/wp-json\/wp\/v2\/pages"}],"about":[{"href":"https:\/\/www.orcapraia.com\/fr\/wp-json\/wp\/v2\/types\/page"}],"author":[{"embeddable":true,"href":"https:\/\/www.orcapraia.com\/fr\/wp-json\/wp\/v2\/users\/1"}],"replies":[{"embeddable":true,"href":"https:\/\/www.orcapraia.com\/fr\/wp-json\/wp\/v2\/comments?post=4225"}],"version-history":[{"count":0,"href":"https:\/\/www.orcapraia.com\/fr\/wp-json\/wp\/v2\/pages\/4225\/revisions"}],"wp:attachment":[{"href":"https:\/\/www.orcapraia.com\/fr\/wp-json\/wp\/v2\/media?parent=4225"}],"curies":[{"name":"wp","href":"https:\/\/api.w.org\/{rel}","templated":true}]}}