{"id":5731,"date":"2015-09-06T16:09:43","date_gmt":"2015-09-06T16:09:43","guid":{"rendered":"https:\/\/www.orcapraia.com\/copy-of-ocean-spa-2\/"},"modified":"2025-03-21T12:32:46","modified_gmt":"2025-03-21T12:32:46","slug":"canal-de-denonciation","status":"publish","type":"page","link":"https:\/\/www.orcapraia.com\/fr\/canal-de-denonciation\/","title":{"rendered":"Canal de d\u00e9nonciation"},"content":{"rendered":"<section class=\"wpb-content-wrapper\">[vc_row css=\u00a0\u00bb.vc_custom_1557144410936{padding-bottom: 50px !important;}\u00a0\u00bb][vc_column width=\u00a0\u00bb1\/6&Prime;][\/vc_column][vc_column width=\u00a0\u00bb2\/3&Prime;]<h3 class=\"calluna-heading calluna-heading-single-line text-align-center \" style=\"color: #2cbbe9;margin-top: 80px;\"><span>PR\u00c9VENTION DES RISQUES ET DES INFRACTIONS CONNEXES<\/span><\/h3>[vc_column_text css=\u00a0\u00bb.vc_custom_1742559869946{padding-bottom: 40px !important;}\u00a0\u00bb]\n<p style=\"text-align: center;\"><b><span data-contrast=\"auto\">Int\u00e9grit\u00e9 et transparence \u00e0 l&rsquo;h\u00f4tel Orca Praia, S.A.<\/span><\/b><span data-ccp-props=\"{&quot;335551550&quot;:2,&quot;335551620&quot;:2}\">\u00a0<\/span><\/p>\n[\/vc_column_text][\/vc_column][vc_column width=\u00a0\u00bb1\/6&Prime;][\/vc_column][\/vc_row][vc_row css=\u00a0\u00bb.vc_custom_1557144410936{padding-bottom: 50px !important;}\u00a0\u00bb][vc_column width=\u00a0\u00bb1\/4&Prime;][\/vc_column][vc_column width=\u00a0\u00bb1\/2&Prime;][vc_column_text css=\u00a0\u00bb.vc_custom_1742559899313{padding-bottom: 40px !important;}\u00a0\u00bb]<span data-contrast=\"auto\">\u00c0 l&rsquo;h\u00f4tel Orca Praia, S.A., nous accordons une grande importance \u00e0 l&rsquo;int\u00e9grit\u00e9 et \u00e0 la transparence dans toutes nos activit\u00e9s. Pour garantir le respect des normes \u00e9thiques les plus strictes, nous avons mis en place trois piliers fondamentaux : le <\/span><b><span data-contrast=\"auto\">canal de d\u00e9nonciation<\/span><\/b><span data-contrast=\"auto\">, le <\/span><b><span data-contrast=\"auto\">code de conduite anticorruption<\/span><\/b><span data-contrast=\"auto\"> et le <\/span><b><span data-contrast=\"auto\">plan de pr\u00e9vention des risques de corruption et des infractions connexes<\/span><\/b><span data-contrast=\"auto\">. Ces \u00e9l\u00e9ments sont essentiels pour promouvoir un environnement de travail \u00e9thique et s\u00fbr.<\/span><span data-ccp-props=\"{}\">\u00a0<\/span><\/p>\n<p><b><span data-contrast=\"auto\">Canal de d\u00e9nonciation<\/span><\/b><span data-ccp-props=\"{}\"><br \/>\n<\/span><span data-contrast=\"auto\">Nous disposons d&rsquo;un canal de d\u00e9nonciation qui permet aux employ\u00e9s et aux partenaires de signaler de mani\u00e8re anonyme tout soup\u00e7on de pratiques illicites, telles que la corruption. Ce canal est un outil essentiel pour identifier et rectifier les irr\u00e9gularit\u00e9s, renfor\u00e7ant ainsi notre engagement en faveur de l&rsquo;\u00e9thique et de la transparence.<\/span><span data-ccp-props=\"{}\">\u00a0<\/span><\/p>\n<p><b><span data-contrast=\"auto\">Code de conduite<\/span><\/b><span data-ccp-props=\"{}\"><br \/>\n<\/span><span data-contrast=\"auto\">Il s&rsquo;agit d&rsquo;un guide complet qui d\u00e9finit les principes et les comportements attendus de tous les membres de l&rsquo;organisation. Il aborde des th\u00e8mes tels que l&rsquo;int\u00e9grit\u00e9, le respect et la responsabilit\u00e9, et sert de r\u00e9f\u00e9rence pour la prise de d\u00e9cisions \u00e9thiques dans les activit\u00e9s quotidiennes. Gr\u00e2ce \u00e0 ce code, nous veillons \u00e0 ce que chacun s&rsquo;aligne sur les valeurs de l&rsquo;entreprise, promouvant ainsi une culture organisationnelle forte et \u00e9thique.<\/span><span data-ccp-props=\"{}\">\u00a0<\/span><\/p>\n<p><b><span data-contrast=\"auto\">Plan de pr\u00e9vention des risques de corruption<\/span><\/b><span data-ccp-props=\"{}\"><br \/>\n<\/span><span data-contrast=\"auto\">Nous avons mis en place un plan de pr\u00e9vention des risques de corruption qui consiste en des politiques et des proc\u00e9dures rigoureuses visant \u00e0 identifier, \u00e9valuer et att\u00e9nuer les risques de pratiques corrompues. Ce plan comprend des audits et des contr\u00f4les internes qui prot\u00e8gent notre entreprise contre la fraude et garantissent le respect de la l\u00e9gislation anticorruption. Nous promouvons ainsi un environnement d&rsquo;entreprise s\u00fbr et digne de confiance.<\/span><span data-ccp-props=\"{}\">\u00a0<\/span><\/p>\n<p><span data-contrast=\"auto\">Ces initiatives d\u00e9montrent notre engagement in\u00e9branlable en faveur de l&rsquo;\u00e9thique et de l&rsquo;int\u00e9grit\u00e9, cr\u00e9ant ainsi une base solide pour la confiance de nos employ\u00e9s, de nos clients et de nos partenaires.<\/span><span data-ccp-props=\"{}\">\u00a0<\/span>[\/vc_column_text][\/vc_column][vc_column width=\u00a0\u00bb1\/4&Prime;][\/vc_column][\/vc_row][vc_row full_width=\u00a0\u00bbstretch_row_content_no_spaces\u00a0\u00bb equal_height=\u00a0\u00bbyes\u00a0\u00bb content_placement=\u00a0\u00bbmiddle\u00a0\u00bb equal_height_columns=\u00a0\u00bbno\u00a0\u00bb ts_row_screen_height=\u00a0\u00bbfalse\u00a0\u00bb ts_row_screen_offset=\u00a0\u00bb0&Prime; ts_row_min_height=\u00a0\u00bb100&Prime; ts_row_break_parents=\u00a0\u00bb0&Prime; ts_row_zindex=\u00a0\u00bb0&Prime; ts_row_bg_source=\u00a0\u00bbfull\u00a0\u00bb ts_row_bg_position=\u00a0\u00bbcenter\u00a0\u00bb ts_row_bg_size_standard=\u00a0\u00bbcover\u00a0\u00bb ts_row_bg_size_parallax=\u00a0\u00bbcover\u00a0\u00bb ts_row_bg_repeat=\u00a0\u00bbno-repeat\u00a0\u00bb ts_row_parallax_type=\u00a0\u00bbup\u00a0\u00bb ts_row_bg_alignment_v=\u00a0\u00bbcenter\u00a0\u00bb ts_row_bg_alignment_h=\u00a0\u00bbcenter\u00a0\u00bb ts_row_parallax_speed=\u00a0\u00bb20&Prime; ts_row_automove_speed=\u00a0\u00bb75&Prime; ts_row_automove_scroll=\u00a0\u00bbtrue\u00a0\u00bb ts_row_automove_align=\u00a0\u00bbhorizontal\u00a0\u00bb ts_row_automove_path_h=\u00a0\u00bbleftright\u00a0\u00bb ts_row_automove_path_v=\u00a0\u00bbtopbottom\u00a0\u00bb ts_row_movement_x_allow=\u00a0\u00bbtrue\u00a0\u00bb ts_row_movement_x_ratio=\u00a0\u00bb10&Prime; ts_row_movement_y_allow=\u00a0\u00bbtrue\u00a0\u00bb ts_row_movement_y_ratio=\u00a0\u00bb10&Prime; ts_row_movement_content=\u00a0\u00bbtrue\u00a0\u00bb padding_top=\u00a0\u00bb30&Prime; padding_bottom=\u00a0\u00bb30&Prime; margin_left=\u00a0\u00bb0&Prime; margin_right=\u00a0\u00bb0&Prime; single_color=\u00a0\u00bb#ffffff\u00a0\u00bb gradient_angle=\u00a0\u00bb0&Prime; gradient_color_start=\u00a0\u00bb#cccccc\u00a0\u00bb gradient_start_offset=\u00a0\u00bb0&Prime; gradient_color_end=\u00a0\u00bb#cccccc\u00a0\u00bb gradient_end_offset=\u00a0\u00bb100&Prime; video_mute=\u00a0\u00bbtrue\u00a0\u00bb video_loop=\u00a0\u00bbfalse\u00a0\u00bb video_remove=\u00a0\u00bbfalse\u00a0\u00bb video_start=\u00a0\u00bbfalse\u00a0\u00bb video_stop=\u00a0\u00bbtrue\u00a0\u00bb video_controls=\u00a0\u00bbtrue\u00a0\u00bb video_raster=\u00a0\u00bbfalse\u00a0\u00bb svg_top_on=\u00a0\u00bbfalse\u00a0\u00bb svg_top_style=\u00a0\u00bb1&Prime; svg_top_height=\u00a0\u00bb100&Prime; svg_top_flip=\u00a0\u00bbfalse\u00a0\u00bb svg_top_position=\u00a0\u00bb0&Prime; svg_top_color1=\u00a0\u00bb#ffffff\u00a0\u00bb svg_top_color2=\u00a0\u00bb#ededed\u00a0\u00bb svg_bottom_on=\u00a0\u00bbfalse\u00a0\u00bb svg_bottom_style=\u00a0\u00bb1&Prime; svg_bottom_height=\u00a0\u00bb100&Prime; svg_bottom_flip=\u00a0\u00bbfalse\u00a0\u00bb svg_bottom_position=\u00a0\u00bb0&Prime; svg_bottom_color1=\u00a0\u00bb#ffffff\u00a0\u00bb svg_bottom_color2=\u00a0\u00bb#ededed\u00a0\u00bb ts_row_raster_use=\u00a0\u00bbfalse\u00a0\u00bb ts_row_raster_type=\u00a0\u00bbtransparent\u00a0\u00bb ts_row_overlay_use=\u00a0\u00bbfalse\u00a0\u00bb ts_row_overlay_color=\u00a0\u00bbrgba(30,115,190,0.25)\u00a0\u00bb animation_scroll=\u00a0\u00bbfalse\u00a0\u00bb animation_speed=\u00a0\u00bb2000&Prime; show_large=\u00a0\u00bbtrue\u00a0\u00bb show_medium=\u00a0\u00bbtrue\u00a0\u00bb show_small=\u00a0\u00bbtrue\u00a0\u00bb show_extra=\u00a0\u00bbtrue\u00a0\u00bb show_remove=\u00a0\u00bbtrue\u00a0\u00bb css=\u00a0\u00bb.vc_custom_1740659891118{margin-bottom: 50px !important;}\u00a0\u00bb][vc_column css=\u00a0\u00bb.vc_custom_1740669091557{background: #ffffff url(https:\/\/www.orcapraia.com\/wp-content\/uploads\/2025\/02\/shake_hand_4.jpg?id=5787) !important;background-position: center !important;background-repeat: no-repeat !important;background-size: cover !important;}\u00a0\u00bb offset=\u00a0\u00bbvc_col-lg-8 vc_col-xs-12&Prime;][vc_empty_space height=\u00a0\u00bb600px\u00a0\u00bb][\/vc_column][vc_column style=\u00a0\u00bbcolumn-style-1&Prime; css=\u00a0\u00bb.vc_custom_1740672597010{padding-right: 24% !important;padding-left: 8% !important;background-image: url(https:\/\/www.orcapraia.com\/wp-content\/uploads\/2019\/04\/marcadagua_Orca_Praia.png?id=2258) !important;background-position: center !important;background-repeat: no-repeat !important;background-size: cover !important;}\u00a0\u00bb animation_scroll=\u00a0\u00bbfalse\u00a0\u00bb animation_speed=\u00a0\u00bb2000&Prime; offset=\u00a0\u00bbvc_col-lg-4 vc_col-xs-12&Prime;][vc_column_text css_animation=\u00a0\u00bbtop-to-bottom\u00a0\u00bb css=\u00a0\u00bb.vc_custom_1742559958731{padding-bottom: 35px !important;}\u00a0\u00bb]\n<h2 style=\"color: #967a50;\">CODE DE CONDUITE ET D&rsquo;\u00c9THIQUE<\/h2>\n[\/vc_column_text][vc_btn title=\u00a0\u00bbPlus d&rsquo;informations\u00a0\u00bb shape=\u00a0\u00bbsquare\u00a0\u00bb color=\u00a0\u00bbwhite\u00a0\u00bb align=\u00a0\u00bbleft\u00a0\u00bb link=\u00a0\u00bburl:https%3A%2F%2Fwww.orcapraia.com%2Fwp-content%2Fuploads%2F2025%2F03%2FCodigo-de-Conduta-Hotel-Orca-Praia-13.02.2025-FR.pdf|target:_blank\u00a0\u00bb][\/vc_column][\/vc_row][vc_row full_width=\u00a0\u00bbstretch_row_content_no_spaces\u00a0\u00bb equal_height=\u00a0\u00bbyes\u00a0\u00bb content_placement=\u00a0\u00bbmiddle\u00a0\u00bb equal_height_columns=\u00a0\u00bbno\u00a0\u00bb ts_row_screen_height=\u00a0\u00bbfalse\u00a0\u00bb ts_row_screen_offset=\u00a0\u00bb0&Prime; ts_row_min_height=\u00a0\u00bb100&Prime; ts_row_break_parents=\u00a0\u00bb0&Prime; ts_row_zindex=\u00a0\u00bb0&Prime; ts_row_bg_source=\u00a0\u00bbfull\u00a0\u00bb ts_row_bg_position=\u00a0\u00bbcenter\u00a0\u00bb ts_row_bg_size_standard=\u00a0\u00bbcover\u00a0\u00bb ts_row_bg_size_parallax=\u00a0\u00bbcover\u00a0\u00bb ts_row_bg_repeat=\u00a0\u00bbno-repeat\u00a0\u00bb ts_row_parallax_type=\u00a0\u00bbup\u00a0\u00bb ts_row_bg_alignment_v=\u00a0\u00bbcenter\u00a0\u00bb ts_row_bg_alignment_h=\u00a0\u00bbcenter\u00a0\u00bb ts_row_parallax_speed=\u00a0\u00bb20&Prime; ts_row_automove_speed=\u00a0\u00bb75&Prime; ts_row_automove_scroll=\u00a0\u00bbtrue\u00a0\u00bb ts_row_automove_align=\u00a0\u00bbhorizontal\u00a0\u00bb ts_row_automove_path_h=\u00a0\u00bbleftright\u00a0\u00bb ts_row_automove_path_v=\u00a0\u00bbtopbottom\u00a0\u00bb ts_row_movement_x_allow=\u00a0\u00bbtrue\u00a0\u00bb ts_row_movement_x_ratio=\u00a0\u00bb10&Prime; ts_row_movement_y_allow=\u00a0\u00bbtrue\u00a0\u00bb ts_row_movement_y_ratio=\u00a0\u00bb10&Prime; ts_row_movement_content=\u00a0\u00bbtrue\u00a0\u00bb padding_top=\u00a0\u00bb30&Prime; padding_bottom=\u00a0\u00bb30&Prime; margin_left=\u00a0\u00bb0&Prime; margin_right=\u00a0\u00bb0&Prime; single_color=\u00a0\u00bb#ffffff\u00a0\u00bb gradient_angle=\u00a0\u00bb0&Prime; gradient_color_start=\u00a0\u00bb#cccccc\u00a0\u00bb gradient_start_offset=\u00a0\u00bb0&Prime; gradient_color_end=\u00a0\u00bb#cccccc\u00a0\u00bb gradient_end_offset=\u00a0\u00bb100&Prime; video_mute=\u00a0\u00bbtrue\u00a0\u00bb video_loop=\u00a0\u00bbfalse\u00a0\u00bb video_remove=\u00a0\u00bbfalse\u00a0\u00bb video_start=\u00a0\u00bbfalse\u00a0\u00bb video_stop=\u00a0\u00bbtrue\u00a0\u00bb video_controls=\u00a0\u00bbtrue\u00a0\u00bb video_raster=\u00a0\u00bbfalse\u00a0\u00bb svg_top_on=\u00a0\u00bbfalse\u00a0\u00bb svg_top_style=\u00a0\u00bb1&Prime; svg_top_height=\u00a0\u00bb100&Prime; svg_top_flip=\u00a0\u00bbfalse\u00a0\u00bb svg_top_position=\u00a0\u00bb0&Prime; svg_top_color1=\u00a0\u00bb#ffffff\u00a0\u00bb svg_top_color2=\u00a0\u00bb#ededed\u00a0\u00bb svg_bottom_on=\u00a0\u00bbfalse\u00a0\u00bb svg_bottom_style=\u00a0\u00bb1&Prime; svg_bottom_height=\u00a0\u00bb100&Prime; svg_bottom_flip=\u00a0\u00bbfalse\u00a0\u00bb svg_bottom_position=\u00a0\u00bb0&Prime; svg_bottom_color1=\u00a0\u00bb#ffffff\u00a0\u00bb svg_bottom_color2=\u00a0\u00bb#ededed\u00a0\u00bb ts_row_raster_use=\u00a0\u00bbfalse\u00a0\u00bb ts_row_raster_type=\u00a0\u00bbtransparent\u00a0\u00bb ts_row_overlay_use=\u00a0\u00bbfalse\u00a0\u00bb ts_row_overlay_color=\u00a0\u00bbrgba(30,115,190,0.25)\u00a0\u00bb animation_scroll=\u00a0\u00bbfalse\u00a0\u00bb animation_speed=\u00a0\u00bb2000&Prime; show_large=\u00a0\u00bbtrue\u00a0\u00bb show_medium=\u00a0\u00bbtrue\u00a0\u00bb show_small=\u00a0\u00bbtrue\u00a0\u00bb show_extra=\u00a0\u00bbtrue\u00a0\u00bb show_remove=\u00a0\u00bbtrue\u00a0\u00bb css=\u00a0\u00bb.vc_custom_1740741481216{margin-bottom: 50px !important;}\u00a0\u00bb][vc_column style=\u00a0\u00bbcolumn-style-1&Prime; css=\u00a0\u00bb.vc_custom_1740672586631{padding-right: 24% !important;padding-left: 8% !important;background-image: url(https:\/\/www.orcapraia.com\/wp-content\/uploads\/2019\/04\/marcadagua_Orca_Praia.png?id=2258) !important;background-position: center !important;background-repeat: no-repeat !important;background-size: cover !important;}\u00a0\u00bb offset=\u00a0\u00bbvc_col-lg-4 vc_col-xs-12&Prime;][vc_column_text css_animation=\u00a0\u00bbtop-to-bottom\u00a0\u00bb css=\u00a0\u00bb.vc_custom_1742560078890{padding-bottom: 35px !important;}\u00a0\u00bb]\n<h2>PLAN DE PR\u00c9VENTION DES RISQUES ET DES INFRACTIONS CONNEXES<\/h2>\n[\/vc_column_text][vc_btn title=\u00a0\u00bbPlus d&rsquo;informations\u00a0\u00bb style=\u00a0\u00bbflat\u00a0\u00bb shape=\u00a0\u00bbsquare\u00a0\u00bb color=\u00a0\u00bbwhite\u00a0\u00bb align=\u00a0\u00bbleft\u00a0\u00bb link=\u00a0\u00bburl:https%3A%2F%2Fwww.orcapraia.com%2Fwp-content%2Fuploads%2F2025%2F03%2FPlano-de-Prevencao-de-Riscos-da-Corrupcao-e-Infracoes-Conexas-13.02.2025-FR.pdf|target:_blank\u00a0\u00bb][\/vc_column][vc_column style=\u00a0\u00bbcolumn-style-1&Prime; css=\u00a0\u00bb.vc_custom_1740672537810{margin-top: 0px !important;margin-right: 0px !important;margin-bottom: 0px !important;margin-left: 0px !important;border-top-width: 0px !important;border-right-width: 0px !important;border-bottom-width: 0px !important;border-left-width: 0px !important;padding-top: 0px !important;padding-right: 0px !important;padding-bottom: 0px !important;padding-left: 0px !important;background-image: url(https:\/\/www.orcapraia.com\/wp-content\/uploads\/2025\/02\/fiscalizacao_6.jpg?id=5827) !important;}\u00a0\u00bb animation_scroll=\u00a0\u00bbfalse\u00a0\u00bb animation_speed=\u00a0\u00bb2000&Prime; offset=\u00a0\u00bbvc_col-lg-8 vc_col-xs-12&Prime;][vc_empty_space height=\u00a0\u00bb600px\u00a0\u00bb][\/vc_column][\/vc_row][vc_row][vc_column]<h3 class=\"calluna-heading calluna-heading-single-line text-align-center \" style=\"color: #2cbbe9;margin-top: 80px;\"><span>Formulaire<\/span><\/h3>[vc_column_text css=\u00a0\u00bb.vc_custom_1742560112197{padding-bottom: 40px !important;}\u00a0\u00bb]\n<p style=\"text-align: center;\">Les champs marqu\u00e9s d&rsquo;un * sont obligatoires<\/p>\n[\/vc_column_text][\/vc_column][\/vc_row][vc_row css=\u00a0\u00bb.vc_custom_1740681713362{margin-bottom: 100px !important;}\u00a0\u00bb][vc_column width=\u00a0\u00bb1\/6&Prime;][\/vc_column][vc_column width=\u00a0\u00bb2\/3&Prime;]\n<div class=\"wpcf7 no-js\" id=\"wpcf7-f5946-o1\" lang=\"en-US\" dir=\"ltr\">\n<div class=\"screen-reader-response\"><p role=\"status\" aria-live=\"polite\" aria-atomic=\"true\"><\/p> <ul><\/ul><\/div>\n<form action=\"\/fr\/wp-json\/wp\/v2\/pages\/5731#wpcf7-f5946-o1\" method=\"post\" class=\"wpcf7-form init\" aria-label=\"Contact form\" novalidate=\"novalidate\" data-status=\"init\">\n<div style=\"display: none;\">\n<input type=\"hidden\" name=\"_wpcf7\" value=\"5946\" \/>\n<input type=\"hidden\" name=\"_wpcf7_version\" value=\"5.7.5.1\" \/>\n<input type=\"hidden\" name=\"_wpcf7_locale\" value=\"en_US\" \/>\n<input type=\"hidden\" name=\"_wpcf7_unit_tag\" value=\"wpcf7-f5946-o1\" \/>\n<input type=\"hidden\" name=\"_wpcf7_container_post\" value=\"0\" \/>\n<input type=\"hidden\" name=\"_wpcf7_posted_data_hash\" value=\"\" \/>\n<input type=\"hidden\" name=\"_wpcf7_recaptcha_response\" value=\"\" \/>\n<\/div>\n<div class=\"row\">\n  <div class=\"col-sm-6\">\n    <div class=\"form-group firstName\"><label class=\"\">Pr\u00e9nom <span class=\"required\">*<\/span><\/label><input class=\"wpcf7-form-control wpcf7-text wpcf7-validates-as-required form-control\" name=\"firstName\" type=\"text\" value=\"\" aria-invalid=\"false\" aria-required=\"true\" required><\/div>\n  <\/div>\n  <div class=\"col-sm-6\">\n    <div class=\"form-group lastname\"><label class=\"\">Nom <span class=\"required\">*<\/span><\/label><input class=\"wpcf7-form-control wpcf7-text wpcf7-validates-as-required form-control\" name=\"lastname\" type=\"text\" value=\"\" aria-invalid=\"false\" aria-required=\"true\" required><\/div>\n  <\/div>\n<\/div>\n\n<div class=\"row\">\n  <div class=\"col-sm-12\">\n<div class=\"form-group email\"><label class=\"\">E-Mail <span class=\"required\">*<\/span><\/label><input class=\"wpcf7-form-control wpcf7-text wpcf7-email wpcf7-validates-as-required wpcf7-validates-as-email form-control\" name=\"email\" type=\"email\" value=\"\" aria-invalid=\"false\" aria-required=\"true\" required><\/div> \n  <\/div>\n<\/div>\n\n<div class=\"row\">\n  <div class=\"col-sm-12\">\n<div class=\"form-group tel-281\"><label class=\"\">T\u00e9l\u00e9phone <span class=\"required\">*<\/span><\/label><input class=\"wpcf7-form-control wpcf7-text wpcf7-tel wpcf7-validates-as-required wpcf7-validates-as-tel form-control\" name=\"tel-281\" type=\"tel\" value=\"\" aria-invalid=\"false\" aria-required=\"true\" required><\/div>\n  <\/div>\n<\/div>\n\n\n<div class=\"row\">\n  <div class=\"col-sm-12\">\n<div class=\"form-group Descricao\"><label class=\"\">Description de l'infraction <span class=\"required\">*<\/span><\/label><textarea class=\"wpcf7-form-control wpcf7-textarea wpcf7-validates-as-required form-control\" name=\"Descricao\" rows=\"4\" aria-invalid=\"false\" aria-required=\"true\" required><\/textarea><\/div>\n  <\/div>\n<\/div>\n<br>\n\n<div class=\"row\">\n  <div class=\"col-sm-12\">\n<div class=\"form-group wpcf7-form-control wpcf7-acceptance acceptance-991\"><div class=\"checkbox wpcf7-form-control wpcf7-acceptance acceptance-991\"><label ><input name=\"acceptance-991\" type=\"checkbox\" value=\"1\" aria-invalid=\"false\">J'autorise par la pr\u00e9sente, de mani\u00e8re libre et inform\u00e9e, l'utilisation de mes donn\u00e9es personnelles par cette entit\u00e9 pour traiter les donn\u00e9es fournies, aux fins de la \u00ab Cha\u00eene d'alerte \u00bb.<\/label><\/div><\/div>\n  <\/div>\n<\/div>\n\n\n<div class=\"row\">\n  <div class=\"col-sm-6\">\n    <div class=\"btn-primary-container\">\n     <div class=\"form-group\"><div><input class=\"wpcf7-form-control wpcf7-submit btn btn-primary style-1\" type=\"submit\" value=\"Soumettez votre rapport\"><\/div><\/div>\n    <\/div>\n  <\/div>\n<\/div><div class=\"wpcf7-response-output alert alert-warning\"><\/div>\n<\/form>\n<\/div>\n[\/vc_column][vc_column width=\u00a0\u00bb1\/6&Prime;][\/vc_column][\/vc_row]\n<\/section>","protected":false},"excerpt":{"rendered":"<p>[vc_row css=\u00a0\u00bb.vc_custom_1557144410936{padding-bottom: 50px !important;}\u00a0\u00bb][vc_column width=\u00a0\u00bb1\/6&Prime;][\/vc_column][vc_column width=\u00a0\u00bb2\/3&Prime;][vc_column_text css=\u00a0\u00bb.vc_custom_1742559869946{padding-bottom: 40px !important;}\u00a0\u00bb] Int\u00e9grit\u00e9 et transparence \u00e0 l&rsquo;h\u00f4tel Orca Praia, S.A.\u00a0 [\/vc_column_text][\/vc_column][vc_column width=\u00a0\u00bb1\/6&Prime;][\/vc_column][\/vc_row][vc_row css=\u00a0\u00bb.vc_custom_1557144410936{padding-bottom: 50px !important;}\u00a0\u00bb][vc_column width=\u00a0\u00bb1\/4&Prime;][\/vc_column][vc_column width=\u00a0\u00bb1\/2&Prime;][vc_column_text css=\u00a0\u00bb.vc_custom_1742559899313{padding-bottom: 40px !important;}\u00a0\u00bb]\u00c0 l&rsquo;h\u00f4tel Orca Praia, S.A., nous accordons une grande importance \u00e0 l&rsquo;int\u00e9grit\u00e9 et \u00e0 la transparence dans toutes nos activit\u00e9s. Pour garantir le respect des normes \u00e9thiques les plus [&hellip;]<\/p>\n","protected":false},"author":1,"featured_media":0,"parent":0,"menu_order":0,"comment_status":"closed","ping_status":"closed","template":"","meta":[],"acf":[],"aioseo_notices":[],"_links":{"self":[{"href":"https:\/\/www.orcapraia.com\/fr\/wp-json\/wp\/v2\/pages\/5731"}],"collection":[{"href":"https:\/\/www.orcapraia.com\/fr\/wp-json\/wp\/v2\/pages"}],"about":[{"href":"https:\/\/www.orcapraia.com\/fr\/wp-json\/wp\/v2\/types\/page"}],"author":[{"embeddable":true,"href":"https:\/\/www.orcapraia.com\/fr\/wp-json\/wp\/v2\/users\/1"}],"replies":[{"embeddable":true,"href":"https:\/\/www.orcapraia.com\/fr\/wp-json\/wp\/v2\/comments?post=5731"}],"version-history":[{"count":4,"href":"https:\/\/www.orcapraia.com\/fr\/wp-json\/wp\/v2\/pages\/5731\/revisions"}],"predecessor-version":[{"id":5947,"href":"https:\/\/www.orcapraia.com\/fr\/wp-json\/wp\/v2\/pages\/5731\/revisions\/5947"}],"wp:attachment":[{"href":"https:\/\/www.orcapraia.com\/fr\/wp-json\/wp\/v2\/media?parent=5731"}],"curies":[{"name":"wp","href":"https:\/\/api.w.org\/{rel}","templated":true}]}}