{"id":5889,"date":"2015-09-06T16:09:43","date_gmt":"2015-09-06T16:09:43","guid":{"rendered":"https:\/\/www.orcapraia.com\/copy-of-copy-of-ocean-spa\/"},"modified":"2015-09-06T16:09:43","modified_gmt":"2015-09-06T16:09:43","slug":"copy-of-copy-of-ocean-spa","status":"publish","type":"page","link":"https:\/\/www.orcapraia.com\/fr\/copy-of-copy-of-ocean-spa\/","title":{"rendered":"* COPY OF * * COPY OF * Ocean Spa"},"content":{"rendered":"<section class=\"wpb-content-wrapper\">[vc_row css=\u00a0\u00bb.vc_custom_1557144410936{padding-bottom: 50px !important;}\u00a0\u00bb][vc_column width=\u00a0\u00bb2\/12&Prime;][\/vc_column][vc_column width=\u00a0\u00bb8\/12&Prime;]<h2 class=\"calluna-heading calluna-heading-single-line text-align-center \" style=\"color: #2cbbe9;margin-top: 80px;\"><span>UN PLONGEON DE BEAUT\u00c9<\/span><\/h2>[vc_column_text css=\u00a0\u00bb.vc_custom_1688475017211{padding-bottom: 40px !important;}\u00a0\u00bb]\n<p style=\"text-align: center;\"><span style=\"font-weight: 400;\">Lib\u00e9rez vos sens et visitez-nous pour une exp\u00e9rience unique d&rsquo;\u00e9quilibre physique, mental et spirituel au bord de la mer! Nous proposons une gamme de soins du visage, de massages et de th\u00e9rapies qui nourriront votre bien-\u00eatre<\/span>.<\/p>\n<p style=\"text-align: center;\"><span style=\"font-weight: 400;\">Plongez dans la beaut\u00e9 de la nature et le bleu de l&rsquo;oc\u00e9an. Profitez de nos services esth\u00e9tiques et ressentez une nouvelle renaissance et une nouvelle harmonie<\/span>.<\/p>\n[\/vc_column_text][vc_row_inner css=\u00a0\u00bb.vc_custom_1688474910203{margin-bottom: 80px !important;}\u00a0\u00bb][vc_column_inner width=\u00a0\u00bb1\/3&Prime;][\/vc_column_inner][vc_column_inner width=\u00a0\u00bb1\/3&Prime; css=\u00a0\u00bb.vc_custom_1688474966280{padding-right: -10px !important;padding-left: -10px !important;}\u00a0\u00bb]<a href=\"https:\/\/www.orcapraia.com\/wp-content\/uploads\/2024\/09\/SPA_brochura_OrcaPraia__2024.pdf\" class=\"calluna-button btn btn-primary small style-1   aligncenter\" target=\"_blank\" title=\"Special Welcome\" rel=\"\"><span class=\"calluna-button-inner\">Special Welcome<\/span><\/a>[\/vc_column_inner][vc_column_inner width=\u00a0\u00bb1\/3&Prime;][\/vc_column_inner][\/vc_row_inner][\/vc_column][vc_column width=\u00a0\u00bb2\/12&Prime;][\/vc_column][\/vc_row][vc_row full_width=\u00a0\u00bbstretch_row_content_no_spaces\u00a0\u00bb equal_height=\u00a0\u00bbyes\u00a0\u00bb content_placement=\u00a0\u00bbmiddle\u00a0\u00bb equal_height_columns=\u00a0\u00bbno\u00a0\u00bb ts_row_screen_height=\u00a0\u00bbfalse\u00a0\u00bb ts_row_screen_offset=\u00a0\u00bb0&Prime; ts_row_min_height=\u00a0\u00bb100&Prime; ts_row_break_parents=\u00a0\u00bb0&Prime; ts_row_zindex=\u00a0\u00bb0&Prime; ts_row_bg_source=\u00a0\u00bbfull\u00a0\u00bb ts_row_bg_position=\u00a0\u00bbcenter\u00a0\u00bb ts_row_bg_size_standard=\u00a0\u00bbcover\u00a0\u00bb ts_row_bg_size_parallax=\u00a0\u00bbcover\u00a0\u00bb ts_row_bg_repeat=\u00a0\u00bbno-repeat\u00a0\u00bb ts_row_parallax_type=\u00a0\u00bbup\u00a0\u00bb ts_row_bg_alignment_v=\u00a0\u00bbcenter\u00a0\u00bb ts_row_bg_alignment_h=\u00a0\u00bbcenter\u00a0\u00bb ts_row_parallax_speed=\u00a0\u00bb20&Prime; ts_row_automove_speed=\u00a0\u00bb75&Prime; ts_row_automove_scroll=\u00a0\u00bbtrue\u00a0\u00bb ts_row_automove_align=\u00a0\u00bbhorizontal\u00a0\u00bb ts_row_automove_path_h=\u00a0\u00bbleftright\u00a0\u00bb ts_row_automove_path_v=\u00a0\u00bbtopbottom\u00a0\u00bb ts_row_movement_x_allow=\u00a0\u00bbtrue\u00a0\u00bb ts_row_movement_x_ratio=\u00a0\u00bb10&Prime; ts_row_movement_y_allow=\u00a0\u00bbtrue\u00a0\u00bb ts_row_movement_y_ratio=\u00a0\u00bb10&Prime; ts_row_movement_content=\u00a0\u00bbtrue\u00a0\u00bb padding_top=\u00a0\u00bb30&Prime; padding_bottom=\u00a0\u00bb30&Prime; margin_left=\u00a0\u00bb0&Prime; margin_right=\u00a0\u00bb0&Prime; single_color=\u00a0\u00bb#ffffff\u00a0\u00bb gradient_angle=\u00a0\u00bb0&Prime; gradient_color_start=\u00a0\u00bb#cccccc\u00a0\u00bb gradient_start_offset=\u00a0\u00bb0&Prime; gradient_color_end=\u00a0\u00bb#cccccc\u00a0\u00bb gradient_end_offset=\u00a0\u00bb100&Prime; video_mute=\u00a0\u00bbtrue\u00a0\u00bb video_loop=\u00a0\u00bbfalse\u00a0\u00bb video_remove=\u00a0\u00bbfalse\u00a0\u00bb video_start=\u00a0\u00bbfalse\u00a0\u00bb video_stop=\u00a0\u00bbtrue\u00a0\u00bb video_controls=\u00a0\u00bbtrue\u00a0\u00bb video_raster=\u00a0\u00bbfalse\u00a0\u00bb svg_top_on=\u00a0\u00bbfalse\u00a0\u00bb svg_top_style=\u00a0\u00bb1&Prime; svg_top_height=\u00a0\u00bb100&Prime; svg_top_flip=\u00a0\u00bbfalse\u00a0\u00bb svg_top_position=\u00a0\u00bb0&Prime; svg_top_color1=\u00a0\u00bb#ffffff\u00a0\u00bb svg_top_color2=\u00a0\u00bb#ededed\u00a0\u00bb svg_bottom_on=\u00a0\u00bbfalse\u00a0\u00bb svg_bottom_style=\u00a0\u00bb1&Prime; svg_bottom_height=\u00a0\u00bb100&Prime; svg_bottom_flip=\u00a0\u00bbfalse\u00a0\u00bb svg_bottom_position=\u00a0\u00bb0&Prime; svg_bottom_color1=\u00a0\u00bb#ffffff\u00a0\u00bb svg_bottom_color2=\u00a0\u00bb#ededed\u00a0\u00bb ts_row_raster_use=\u00a0\u00bbfalse\u00a0\u00bb ts_row_raster_type=\u00a0\u00bbtransparent\u00a0\u00bb ts_row_overlay_use=\u00a0\u00bbfalse\u00a0\u00bb ts_row_overlay_color=\u00a0\u00bbrgba(30,115,190,0.25)\u00a0\u00bb animation_scroll=\u00a0\u00bbfalse\u00a0\u00bb animation_speed=\u00a0\u00bb2000&Prime; show_large=\u00a0\u00bbtrue\u00a0\u00bb show_medium=\u00a0\u00bbtrue\u00a0\u00bb show_small=\u00a0\u00bbtrue\u00a0\u00bb show_extra=\u00a0\u00bbtrue\u00a0\u00bb show_remove=\u00a0\u00bbtrue\u00a0\u00bb][vc_column css=\u00a0\u00bb.vc_custom_1556896607641{background: #ffffff url(https:\/\/www.orcapraia.com\/wp-content\/uploads\/2019\/05\/SPA_1600x920px.jpg?id=2450) !important;background-position: center !important;background-repeat: no-repeat !important;background-size: cover !important;}\u00a0\u00bb offset=\u00a0\u00bbvc_col-lg-8 vc_col-xs-12&Prime;][vc_empty_space height=\u00a0\u00bb600px\u00a0\u00bb][\/vc_column][vc_column style=\u00a0\u00bbcolumn-style-1&Prime; css=\u00a0\u00bb.vc_custom_1557143532249{padding-right: 24% !important;padding-left: 6% !important;background-image: url(https:\/\/www.orcapraia.com\/wp-content\/uploads\/2019\/04\/marcadagua_Orca_Praia.png?id=2258) !important;background-position: center !important;background-repeat: no-repeat !important;background-size: cover !important;}\u00a0\u00bb animation_scroll=\u00a0\u00bbfalse\u00a0\u00bb animation_speed=\u00a0\u00bb2000&Prime; offset=\u00a0\u00bbvc_col-lg-4 vc_col-xs-12&Prime;][vc_column_text css_animation=\u00a0\u00bbtop-to-bottom\u00a0\u00bb css=\u00a0\u00bb.vc_custom_1566213046402{padding-bottom: 35px !important;}\u00a0\u00bb]\n<h2 style=\"color: #967a50;\">Ocean SPA<\/h2>\n<p class=\"teaser\">&#8211; Soins du visage<br \/>\n&#8211; Massages<br \/>\n&#8211; Massagens Zen (Aromaterapia)<br \/>\n&#8211; Massagens com Pedras Quentes<br \/>\n&#8211; Terapias (Corpo, Mente e Alma)[\/vc_column_text][\/vc_column][\/vc_row][vc_row css=\u00a0\u00bb.vc_custom_1563462567602{margin-top: 50px !important;}\u00a0\u00bb][vc_column width=\u00a0\u00bb1\/5&Prime; offset=\u00a0\u00bbvc_col-lg-1\/5 vc_col-md-12&Prime;][vc_single_image image=\u00a0\u00bb2490&Prime; img_size=\u00a0\u00bbfull\u00a0\u00bb alignment=\u00a0\u00bbcenter\u00a0\u00bb css_animation=\u00a0\u00bbnone\u00a0\u00bb css=\u00a0\u00bb.vc_custom_1563462501364{margin-bottom: -20px !important;}\u00a0\u00bb][vc_column_text css_animation=\u00a0\u00bbnone\u00a0\u00bb]\n<h5 style=\"text-align: center;\"><span style=\"color: #2cbbe9;\">SOINS DU VISAGE<\/span><\/h5>\n<p style=\"text-align: center;\">Nutrition essentielle<br \/>\nS\u00e9r\u00e9nit\u00e9 du visage<br \/>\nNettoyage en profondeur du visage<br \/>\nSoin du visage personnalis\u00e9 : Acn\u00e9, Anti-rides et Imperfections<\/p>\n[\/vc_column_text][vc_empty_space height=\u00a0\u00bb40px\u00a0\u00bb][\/vc_column][vc_column width=\u00a0\u00bb1\/5&Prime; offset=\u00a0\u00bbvc_col-lg-1\/5 vc_col-md-12&Prime;][vc_single_image image=\u00a0\u00bb2489&Prime; img_size=\u00a0\u00bbfull\u00a0\u00bb alignment=\u00a0\u00bbcenter\u00a0\u00bb css_animation=\u00a0\u00bbnone\u00a0\u00bb css=\u00a0\u00bb.vc_custom_1563462525062{margin-bottom: -20px !important;}\u00a0\u00bb][vc_column_text css_animation=\u00a0\u00bbnone\u00a0\u00bb]\n<h5 style=\"text-align: center;\"><span style=\"color: #2cbbe9;\">MASSAGES<\/span><\/h5>\n<p style=\"text-align: center;\">Indian Head Massage<br \/>\nMassage des Pieds<br \/>\nMassage du Dos, dl Cou et des \u00c9paules<br \/>\n<span style=\"font-weight: 400;\">Massage relaxante des Jambes<\/span><br \/>\nTherapeutic Massage<br \/>\nMassage Sportif<br \/>\nFull Body Massage<br \/>\nR\u00e9flexologie Plantaire[\/vc_column_text][vc_empty_space height=\u00a0\u00bb40px\u00a0\u00bb][\/vc_column][vc_column width=\u00a0\u00bb1\/5&Prime; offset=\u00a0\u00bbvc_col-lg-1\/5 vc_col-md-12&Prime;][vc_single_image image=\u00a0\u00bb2487&Prime; img_size=\u00a0\u00bbfull\u00a0\u00bb alignment=\u00a0\u00bbcenter\u00a0\u00bb css_animation=\u00a0\u00bbnone\u00a0\u00bb css=\u00a0\u00bb.vc_custom_1563462529236{margin-bottom: -20px !important;}\u00a0\u00bb][vc_column_text css_animation=\u00a0\u00bbnone\u00a0\u00bb]\n<h5 style=\"text-align: center;\"><span style=\"color: #2cbbe9;\">Massage aux pierres chaudes<\/span><\/h5>\n<p style=\"text-align: center;\">Massage Pierres d\u2019\u00eele G\u00e9othermique<\/p>\n[\/vc_column_text][vc_empty_space height=\u00a0\u00bb40px\u00a0\u00bb][\/vc_column][vc_column width=\u00a0\u00bb1\/5&Prime; offset=\u00a0\u00bbvc_col-lg-1\/5 vc_col-md-12&Prime;][vc_single_image image=\u00a0\u00bb2486&Prime; img_size=\u00a0\u00bbfull\u00a0\u00bb alignment=\u00a0\u00bbcenter\u00a0\u00bb css_animation=\u00a0\u00bbnone\u00a0\u00bb css=\u00a0\u00bb.vc_custom_1563462534485{margin-bottom: -20px !important;}\u00a0\u00bb][vc_column_text css_animation=\u00a0\u00bbnone\u00a0\u00bb]\n<h5 style=\"text-align: center;\"><span style=\"color: #2cbbe9;\">Th\u00earapie<\/span><\/h5>\n<p style=\"text-align: center;\">Rituel Complet Corps Essentiel<br \/>\nRituel d\u2019\u00e9nergie corporelle<\/p>\n[\/vc_column_text][vc_empty_space height=\u00a0\u00bb40px\u00a0\u00bb][\/vc_column][vc_column width=\u00a0\u00bb1\/5&Prime; offset=\u00a0\u00bbvc_col-lg-1\/5 vc_col-md-12&Prime;][vc_single_image image=\u00a0\u00bb2488&Prime; img_size=\u00a0\u00bbfull\u00a0\u00bb alignment=\u00a0\u00bbcenter\u00a0\u00bb css_animation=\u00a0\u00bbnone\u00a0\u00bb css=\u00a0\u00bb.vc_custom_1563462540299{margin-bottom: -20px !important;}\u00a0\u00bb][vc_column_text css_animation=\u00a0\u00bbnone\u00a0\u00bb]\n<h5 style=\"text-align: center;\"><span style=\"color: #2cbbe9;\">Massage Zen<\/span><\/h5>\n<p style=\"text-align: center;\">\n[\/vc_column_text][vc_empty_space height=\u00a0\u00bb40px\u00a0\u00bb][\/vc_column][\/vc_row][vc_row full_width=\u00a0\u00bbstretch_row_content_no_spaces\u00a0\u00bb equal_height=\u00a0\u00bbyes\u00a0\u00bb content_placement=\u00a0\u00bbmiddle\u00a0\u00bb equal_height_columns=\u00a0\u00bbno\u00a0\u00bb ts_row_screen_height=\u00a0\u00bbfalse\u00a0\u00bb ts_row_screen_offset=\u00a0\u00bb0&Prime; ts_row_min_height=\u00a0\u00bb100&Prime; ts_row_break_parents=\u00a0\u00bb0&Prime; ts_row_zindex=\u00a0\u00bb0&Prime; ts_row_bg_source=\u00a0\u00bbfull\u00a0\u00bb ts_row_bg_position=\u00a0\u00bbcenter\u00a0\u00bb ts_row_bg_size_standard=\u00a0\u00bbcover\u00a0\u00bb ts_row_bg_size_parallax=\u00a0\u00bbcover\u00a0\u00bb ts_row_bg_repeat=\u00a0\u00bbno-repeat\u00a0\u00bb ts_row_parallax_type=\u00a0\u00bbup\u00a0\u00bb ts_row_bg_alignment_v=\u00a0\u00bbcenter\u00a0\u00bb ts_row_bg_alignment_h=\u00a0\u00bbcenter\u00a0\u00bb ts_row_parallax_speed=\u00a0\u00bb20&Prime; ts_row_automove_speed=\u00a0\u00bb75&Prime; ts_row_automove_scroll=\u00a0\u00bbtrue\u00a0\u00bb ts_row_automove_align=\u00a0\u00bbhorizontal\u00a0\u00bb ts_row_automove_path_h=\u00a0\u00bbleftright\u00a0\u00bb ts_row_automove_path_v=\u00a0\u00bbtopbottom\u00a0\u00bb ts_row_movement_x_allow=\u00a0\u00bbtrue\u00a0\u00bb ts_row_movement_x_ratio=\u00a0\u00bb10&Prime; ts_row_movement_y_allow=\u00a0\u00bbtrue\u00a0\u00bb ts_row_movement_y_ratio=\u00a0\u00bb10&Prime; ts_row_movement_content=\u00a0\u00bbtrue\u00a0\u00bb padding_top=\u00a0\u00bb30&Prime; padding_bottom=\u00a0\u00bb30&Prime; margin_left=\u00a0\u00bb0&Prime; margin_right=\u00a0\u00bb0&Prime; single_color=\u00a0\u00bb#ffffff\u00a0\u00bb gradient_angle=\u00a0\u00bb0&Prime; gradient_color_start=\u00a0\u00bb#cccccc\u00a0\u00bb gradient_start_offset=\u00a0\u00bb0&Prime; gradient_color_end=\u00a0\u00bb#cccccc\u00a0\u00bb gradient_end_offset=\u00a0\u00bb100&Prime; video_mute=\u00a0\u00bbtrue\u00a0\u00bb video_loop=\u00a0\u00bbfalse\u00a0\u00bb video_remove=\u00a0\u00bbfalse\u00a0\u00bb video_start=\u00a0\u00bbfalse\u00a0\u00bb video_stop=\u00a0\u00bbtrue\u00a0\u00bb video_controls=\u00a0\u00bbtrue\u00a0\u00bb video_raster=\u00a0\u00bbfalse\u00a0\u00bb svg_top_on=\u00a0\u00bbfalse\u00a0\u00bb svg_top_style=\u00a0\u00bb1&Prime; svg_top_height=\u00a0\u00bb100&Prime; svg_top_flip=\u00a0\u00bbfalse\u00a0\u00bb svg_top_position=\u00a0\u00bb0&Prime; svg_top_color1=\u00a0\u00bb#ffffff\u00a0\u00bb svg_top_color2=\u00a0\u00bb#ededed\u00a0\u00bb svg_bottom_on=\u00a0\u00bbfalse\u00a0\u00bb svg_bottom_style=\u00a0\u00bb1&Prime; svg_bottom_height=\u00a0\u00bb100&Prime; svg_bottom_flip=\u00a0\u00bbfalse\u00a0\u00bb svg_bottom_position=\u00a0\u00bb0&Prime; svg_bottom_color1=\u00a0\u00bb#ffffff\u00a0\u00bb svg_bottom_color2=\u00a0\u00bb#ededed\u00a0\u00bb ts_row_raster_use=\u00a0\u00bbfalse\u00a0\u00bb ts_row_raster_type=\u00a0\u00bbtransparent\u00a0\u00bb ts_row_overlay_use=\u00a0\u00bbfalse\u00a0\u00bb ts_row_overlay_color=\u00a0\u00bbrgba(30,115,190,0.25)\u00a0\u00bb animation_scroll=\u00a0\u00bbfalse\u00a0\u00bb animation_speed=\u00a0\u00bb2000&Prime; show_large=\u00a0\u00bbtrue\u00a0\u00bb show_medium=\u00a0\u00bbtrue\u00a0\u00bb show_small=\u00a0\u00bbtrue\u00a0\u00bb show_extra=\u00a0\u00bbtrue\u00a0\u00bb show_remove=\u00a0\u00bbtrue\u00a0\u00bb][vc_column style=\u00a0\u00bbcolumn-style-1&Prime; css=\u00a0\u00bb.vc_custom_1567011885769{padding-right: 24% !important;padding-left: 6% !important;background-image: url(https:\/\/www.orcapraia.com\/wp-content\/uploads\/2019\/04\/marcadagua_Orca_Praia.png?id=2258) !important;background-position: center !important;background-repeat: no-repeat !important;background-size: cover !important;}\u00a0\u00bb offset=\u00a0\u00bbvc_col-lg-4 vc_col-xs-12&Prime;][vc_column_text css_animation=\u00a0\u00bbtop-to-bottom\u00a0\u00bb css=\u00a0\u00bb.vc_custom_1677092060665{padding-bottom: 35px !important;}\u00a0\u00bb]\n<h2>BEAUT\u00c9<\/h2>\n<p class=\"teaser\">&#8211; Esthetique<br \/>\n&#8211; SPA Services<br \/>\n&#8211; Activit\u00e9s<br \/>\n&#8211; Fitness Lounge[\/vc_column_text][\/vc_column][vc_column style=\u00a0\u00bbcolumn-style-1&Prime; css=\u00a0\u00bb.vc_custom_1567011667638{margin-top: 0px !important;margin-right: 0px !important;margin-bottom: 0px !important;margin-left: 0px !important;border-top-width: 0px !important;border-right-width: 0px !important;border-bottom-width: 0px !important;border-left-width: 0px !important;padding-top: 0px !important;padding-right: 0px !important;padding-bottom: 0px !important;padding-left: 0px !important;background-color: #cccccc !important;}\u00a0\u00bb animation_scroll=\u00a0\u00bbfalse\u00a0\u00bb animation_speed=\u00a0\u00bb2000&Prime; offset=\u00a0\u00bbvc_col-lg-8 vc_col-xs-12&Prime;][vc_single_image image=\u00a0\u00bb5547&Prime; img_size=\u00a0\u00bbfull\u00a0\u00bb alignment=\u00a0\u00bbright\u00a0\u00bb css=\u00a0\u00bb.vc_custom_1689162383029{margin-top: 0px !important;margin-right: 0px !important;margin-bottom: 0px !important;margin-left: 0px !important;padding-top: 0px !important;padding-right: 0px !important;padding-bottom: 0px !important;padding-left: 0px !important;}\u00a0\u00bb][\/vc_column][\/vc_row][vc_row css=\u00a0\u00bb.vc_custom_1563462857968{margin-top: 50px !important;}\u00a0\u00bb][vc_column width=\u00a0\u00bb1\/4&Prime; offset=\u00a0\u00bbvc_col-lg-3 vc_col-md-12&Prime;][vc_single_image image=\u00a0\u00bb2485&Prime; img_size=\u00a0\u00bbfull\u00a0\u00bb alignment=\u00a0\u00bbcenter\u00a0\u00bb css_animation=\u00a0\u00bbnone\u00a0\u00bb css=\u00a0\u00bb.vc_custom_1563462687409{margin-bottom: -20px !important;}\u00a0\u00bb][vc_column_text]\n<h5 style=\"text-align: center;\"><span style=\"color: #2cbbe9;\">Esthetique<\/span><\/h5>\n<p style=\"text-align: center;\">Disponible au 4\u00e8me \u00e9tage<br \/>\n&#8211;<br \/>\nSourcils + Fluff<br \/>\nSourcils<br \/>\nFluff<br \/>\nAisselles<br \/>\nAines<br \/>\n\u00bd jambe<br \/>\nJambes Compl\u00e8te<br \/>\nManicure<br \/>\nPedicure<br \/>\nApplication de vernis[\/vc_column_text][vc_empty_space height=\u00a0\u00bb40px\u00a0\u00bb][\/vc_column][vc_column width=\u00a0\u00bb1\/4&Prime; offset=\u00a0\u00bbvc_col-lg-3 vc_col-md-12&Prime;][vc_single_image image=\u00a0\u00bb2484&Prime; img_size=\u00a0\u00bbfull\u00a0\u00bb alignment=\u00a0\u00bbcenter\u00a0\u00bb css_animation=\u00a0\u00bbnone\u00a0\u00bb css=\u00a0\u00bb.vc_custom_1563462730850{margin-bottom: -20px !important;}\u00a0\u00bb][vc_column_text]\n<h5 style=\"text-align: center;\"><span style=\"color: #2cbbe9;\"><span class=\"HwtZe\" lang=\"fr\"><span class=\"jCAhz ChMk0b\"><span class=\"ryNqvb\">Services de Spa<\/span><\/span><\/span><\/span><\/h5>\n<p style=\"text-align: center;\"><span class=\"HwtZe\" lang=\"fr\"><span class=\"jCAhz ChMk0b\"><span class=\"ryNqvb\">Disponible au 4\u00e8me \u00e9tage<br \/>\n&#8211;<\/span><\/span><\/span><br \/>\nHydroth\u00e9rapie avec Sel Sp\u00e9cial de la Mer[\/vc_column_text][vc_empty_space height=\u00a0\u00bb40px\u00a0\u00bb][\/vc_column][vc_column width=\u00a0\u00bb1\/4&Prime; offset=\u00a0\u00bbvc_col-lg-3 vc_col-md-12&Prime;][vc_single_image image=\u00a0\u00bb2514&Prime; img_size=\u00a0\u00bbfull\u00a0\u00bb alignment=\u00a0\u00bbcenter\u00a0\u00bb css_animation=\u00a0\u00bbnone\u00a0\u00bb css=\u00a0\u00bb.vc_custom_1563462746567{margin-bottom: -20px !important;}\u00a0\u00bb][vc_column_text]\n<h5 style=\"text-align: center;\"><span style=\"color: #2cbbe9;\"><span class=\"HwtZe\" lang=\"fr\"><span class=\"jCAhz ChMk0b\"><span class=\"ryNqvb\">Activit\u00e9s<\/span><\/span><\/span><\/span><\/h5>\n<p style=\"text-align: center;\"><span style=\"font-weight: 400;\">Aquagym<br \/>\nYoga<\/span>[\/vc_column_text][vc_empty_space height=\u00a0\u00bb40px\u00a0\u00bb][\/vc_column][vc_column width=\u00a0\u00bb1\/4&Prime; offset=\u00a0\u00bbvc_col-lg-3 vc_col-md-12&Prime;][vc_single_image image=\u00a0\u00bb2515&Prime; img_size=\u00a0\u00bbfull\u00a0\u00bb alignment=\u00a0\u00bbcenter\u00a0\u00bb css_animation=\u00a0\u00bbnone\u00a0\u00bb css=\u00a0\u00bb.vc_custom_1563462757779{margin-bottom: -20px !important;}\u00a0\u00bb][vc_column_text]\n<h5 style=\"text-align: center;\"><span style=\"color: #2cbbe9;\">Gymnase<\/span><\/h5>\n<p style=\"text-align: center;\">Disponible au 5\u00e8me \u00e9tage<\/p>\n[\/vc_column_text][vc_empty_space height=\u00a0\u00bb40px\u00a0\u00bb][\/vc_column][\/vc_row][vc_row full_width=\u00a0\u00bbstretch_row\u00a0\u00bb css=\u00a0\u00bb.vc_custom_1457031834943{padding-top: 50px !important;padding-bottom: 50px !important;background-color: #967a50 !important;}\u00a0\u00bb][vc_column width=\u00a0\u00bb1\/12&Prime; offset=\u00a0\u00bbvc_col-lg-2 vc_col-md-1&Prime;][\/vc_column][vc_column width=\u00a0\u00bb5\/6&Prime; offset=\u00a0\u00bbvc_col-lg-8&Prime;]<h2 class=\"calluna-heading calluna-heading-single-line text-align-center \" style=\"color: #ffffff;\"><span>LIB\u00c9REZ VOS SENS<\/span><\/h2>[vc_column_text css_animation=\u00a0\u00bbtop-to-bottom\u00a0\u00bb css=\u00a0\u00bb.vc_custom_1566212955663{padding-right: 50px !important;padding-left: 50px !important;}\u00a0\u00bb]\n<p class=\"teaser\" style=\"text-align: center;\">Visitez-nous pour une exp\u00e9rience unique d&rsquo;\u00e9quilibre physique,<br \/>\nmental et spirituel au bord de la mer!<\/p>\n<p class=\"teaser\" style=\"text-align: center;\"><strong>Hor\u00e1rio:<\/strong> 10.00 am &#8211; 8.00 pm<\/p>\n[\/vc_column_text][vc_row_inner][vc_column_inner width=\u00a0\u00bb1\/4&Prime;][\/vc_column_inner][vc_column_inner width=\u00a0\u00bb1\/2&Prime;][vc_btn title=\u00a0\u00bbSPECIAL WELCOME\u00a0\u00bb style=\u00a0\u00bbflat\u00a0\u00bb shape=\u00a0\u00bbsquare\u00a0\u00bb color=\u00a0\u00bbwhite\u00a0\u00bb align=\u00a0\u00bbcenter\u00a0\u00bb link=\u00a0\u00bburl:https%3A%2F%2Fwww.orcapraia.com%2Fwp-content%2Fuploads%2F2024%2F09%2FSPA_brochura_OrcaPraia__2024.pdf|target:_blank\u00a0\u00bb][\/vc_column_inner][vc_column_inner width=\u00a0\u00bb1\/4&Prime;][\/vc_column_inner][\/vc_row_inner][\/vc_column][vc_column width=\u00a0\u00bb1\/12&Prime; offset=\u00a0\u00bbvc_col-lg-2&Prime;][\/vc_column][\/vc_row][vc_row][vc_column][vc_column_text][\/vc_column_text][\/vc_column][\/vc_row]\n<\/section>","protected":false},"excerpt":{"rendered":"<p>[vc_row css=\u00a0\u00bb.vc_custom_1557144410936{padding-bottom: 50px !important;}\u00a0\u00bb][vc_column width=\u00a0\u00bb2\/12&Prime;][\/vc_column][vc_column width=\u00a0\u00bb8\/12&Prime;][vc_column_text css=\u00a0\u00bb.vc_custom_1688475017211{padding-bottom: 40px !important;}\u00a0\u00bb] Lib\u00e9rez vos sens et visitez-nous pour une exp\u00e9rience unique d&rsquo;\u00e9quilibre physique, mental et spirituel au bord de la mer! Nous proposons une gamme de soins du visage, de massages et de th\u00e9rapies qui nourriront votre bien-\u00eatre. Plongez dans la beaut\u00e9 de la nature et le bleu [&hellip;]<\/p>\n","protected":false},"author":1,"featured_media":0,"parent":0,"menu_order":0,"comment_status":"closed","ping_status":"closed","template":"","meta":[],"acf":[],"aioseo_notices":[],"_links":{"self":[{"href":"https:\/\/www.orcapraia.com\/fr\/wp-json\/wp\/v2\/pages\/5889"}],"collection":[{"href":"https:\/\/www.orcapraia.com\/fr\/wp-json\/wp\/v2\/pages"}],"about":[{"href":"https:\/\/www.orcapraia.com\/fr\/wp-json\/wp\/v2\/types\/page"}],"author":[{"embeddable":true,"href":"https:\/\/www.orcapraia.com\/fr\/wp-json\/wp\/v2\/users\/1"}],"replies":[{"embeddable":true,"href":"https:\/\/www.orcapraia.com\/fr\/wp-json\/wp\/v2\/comments?post=5889"}],"version-history":[{"count":0,"href":"https:\/\/www.orcapraia.com\/fr\/wp-json\/wp\/v2\/pages\/5889\/revisions"}],"wp:attachment":[{"href":"https:\/\/www.orcapraia.com\/fr\/wp-json\/wp\/v2\/media?parent=5889"}],"curies":[{"name":"wp","href":"https:\/\/api.w.org\/{rel}","templated":true}]}}